{"id":710719,"date":"2024-07-31T09:24:46","date_gmt":"2024-07-31T07:24:46","guid":{"rendered":"https:\/\/www.liscianigiochi.com\/shop\/uncategorized\/im-a-genius-science-a-la-maison-botanique-fr\/"},"modified":"2026-04-10T06:20:15","modified_gmt":"2026-04-10T04:20:15","slug":"im-a-genius-science-a-la-maison-botanique-fr","status":"publish","type":"product","link":"https:\/\/www.liscianigiochi.com\/fr\/shop\/jeux-scientifiques-fr\/science-a-la-maison-fr\/im-a-genius-science-a-la-maison-botanique-fr\/","title":{"rendered":"I&#8217;m A Genius Science A La Maison Botanique"},"content":{"rendered":"<p>Un kit scientifique pour r\u00e9aliser de nombreuses exp\u00e9riences de botaniques \u00e0 la maison avec de la tourbe et des graines. De plus, avec ce kit original, vous pouvez faire pousser un v\u00e9ritable arbre, gr\u00e2ce aux pots en bioplastique livr\u00e9s avec\u00a0: il vous suffira de les remplir de tourbe, de semer les graines et les cultiver. En peu de temps, l\u2019arbre se d\u00e9veloppera  et de nombreux feuillages luxuriants sortiront des trous du tronc\u00a0!<\/p>\n","protected":false},"excerpt":{"rendered":"<p>LE PREMIER ARBRE en BIOPLASTIQUE \u00e0 cultiver\u00a0!<\/p>\n","protected":false},"featured_media":1074473,"template":"","meta":{"_acf_changed":false},"product_brand":[],"product_cat":[2833,3460],"product_tag":[3074,3057,3072],"class_list":{"0":"post-710719","1":"product","2":"type-product","3":"status-publish","4":"has-post-thumbnail","6":"product_cat-jeux-scientifiques-fr","7":"product_cat-science-a-la-maison-fr","8":"product_tag-8-12-ans-fr","9":"product_tag-im-a-genius-fr","10":"product_tag-prodotto-lisciani-fr","12":"first","13":"instock","14":"shipping-taxable","15":"product-type-simple"},"acf":[],"yoast_head":"<!-- This site is optimized with the Yoast SEO plugin v26.5 - https:\/\/yoast.com\/wordpress\/plugins\/seo\/ -->\n<title>I&#039;m A Genius Science A La Maison Botanique - Lisciani Giochi<\/title>\n<meta name=\"robots\" content=\"index, follow, max-snippet:-1, max-image-preview:large, max-video-preview:-1\" \/>\n<link rel=\"canonical\" href=\"https:\/\/www.liscianigiochi.com\/fr\/shop\/jeux-scientifiques-fr\/science-a-la-maison-fr\/im-a-genius-science-a-la-maison-botanique-fr\/\" \/>\n<meta property=\"og:locale\" content=\"fr_FR\" \/>\n<meta property=\"og:type\" content=\"article\" \/>\n<meta property=\"og:title\" content=\"I&#039;m A Genius Science A La Maison Botanique - Lisciani Giochi\" \/>\n<meta property=\"og:description\" content=\"LE PREMIER ARBRE en BIOPLASTIQUE \u00e0 cultiver\u00a0!\" \/>\n<meta property=\"og:url\" content=\"https:\/\/www.liscianigiochi.com\/fr\/shop\/jeux-scientifiques-fr\/science-a-la-maison-fr\/im-a-genius-science-a-la-maison-botanique-fr\/\" \/>\n<meta property=\"og:site_name\" content=\"Lisciani Giochi\" \/>\n<meta property=\"article:publisher\" content=\"https:\/\/www.facebook.com\/liscianigroup\" \/>\n<meta property=\"article:modified_time\" content=\"2026-04-10T04:20:15+00:00\" \/>\n<meta property=\"og:image\" content=\"https:\/\/mf.liscianigiochi.it:8443\/media\/FR97364\/EBF38C1B-922A-43F1-A85E-0BE12E94C10A.jpg\" \/>\n<meta name=\"twitter:card\" content=\"summary_large_image\" \/>\n<meta name=\"twitter:image\" content=\"https:\/\/mf.liscianigiochi.it:8443\/media\/FR97364\/EBF38C1B-922A-43F1-A85E-0BE12E94C10A.jpg\" \/>\n<script type=\"application\/ld+json\" class=\"yoast-schema-graph\">{\"@context\":\"https:\/\/schema.org\",\"@graph\":[{\"@type\":\"WebPage\",\"@id\":\"https:\/\/www.liscianigiochi.com\/fr\/shop\/jeux-scientifiques-fr\/science-a-la-maison-fr\/im-a-genius-science-a-la-maison-botanique-fr\/\",\"url\":\"https:\/\/www.liscianigiochi.com\/fr\/shop\/jeux-scientifiques-fr\/science-a-la-maison-fr\/im-a-genius-science-a-la-maison-botanique-fr\/\",\"name\":\"I'm A Genius Science A La Maison Botanique - Lisciani Giochi\",\"isPartOf\":{\"@id\":\"https:\/\/www.liscianigiochi.com\/#website\"},\"primaryImageOfPage\":{\"@id\":\"https:\/\/www.liscianigiochi.com\/fr\/shop\/jeux-scientifiques-fr\/science-a-la-maison-fr\/im-a-genius-science-a-la-maison-botanique-fr\/#primaryimage\"},\"image\":{\"@id\":\"https:\/\/www.liscianigiochi.com\/fr\/shop\/jeux-scientifiques-fr\/science-a-la-maison-fr\/im-a-genius-science-a-la-maison-botanique-fr\/#primaryimage\"},\"thumbnailUrl\":\"https:\/\/mf.liscianigiochi.it:8443\/media\/FR97364\/EBF38C1B-922A-43F1-A85E-0BE12E94C10A.jpg\",\"datePublished\":\"2024-07-31T07:24:46+00:00\",\"dateModified\":\"2026-04-10T04:20:15+00:00\",\"breadcrumb\":{\"@id\":\"https:\/\/www.liscianigiochi.com\/fr\/shop\/jeux-scientifiques-fr\/science-a-la-maison-fr\/im-a-genius-science-a-la-maison-botanique-fr\/#breadcrumb\"},\"inLanguage\":\"fr-FR\",\"potentialAction\":[{\"@type\":\"ReadAction\",\"target\":[\"https:\/\/www.liscianigiochi.com\/fr\/shop\/jeux-scientifiques-fr\/science-a-la-maison-fr\/im-a-genius-science-a-la-maison-botanique-fr\/\"]}]},{\"@type\":\"ImageObject\",\"inLanguage\":\"fr-FR\",\"@id\":\"https:\/\/www.liscianigiochi.com\/fr\/shop\/jeux-scientifiques-fr\/science-a-la-maison-fr\/im-a-genius-science-a-la-maison-botanique-fr\/#primaryimage\",\"url\":\"https:\/\/mf.liscianigiochi.it:8443\/media\/FR97364\/EBF38C1B-922A-43F1-A85E-0BE12E94C10A.jpg\",\"contentUrl\":\"https:\/\/mf.liscianigiochi.it:8443\/media\/FR97364\/EBF38C1B-922A-43F1-A85E-0BE12E94C10A.jpg\"},{\"@type\":\"BreadcrumbList\",\"@id\":\"https:\/\/www.liscianigiochi.com\/fr\/shop\/jeux-scientifiques-fr\/science-a-la-maison-fr\/im-a-genius-science-a-la-maison-botanique-fr\/#breadcrumb\",\"itemListElement\":[{\"@type\":\"ListItem\",\"position\":1,\"name\":\"Home\",\"item\":\"https:\/\/www.liscianigiochi.com\/\"},{\"@type\":\"ListItem\",\"position\":2,\"name\":\"Boutique\",\"item\":\"https:\/\/lg.udnt.it\/fr\/boutique\/\"},{\"@type\":\"ListItem\",\"position\":3,\"name\":\"I&#8217;m A Genius Science A La Maison Botanique\"}]},{\"@type\":\"WebSite\",\"@id\":\"https:\/\/www.liscianigiochi.com\/#website\",\"url\":\"https:\/\/www.liscianigiochi.com\/\",\"name\":\"Lisciani Giochi\",\"description\":\"\",\"publisher\":{\"@id\":\"https:\/\/www.liscianigiochi.com\/#organization\"},\"potentialAction\":[{\"@type\":\"SearchAction\",\"target\":{\"@type\":\"EntryPoint\",\"urlTemplate\":\"https:\/\/www.liscianigiochi.com\/?s={search_term_string}\"},\"query-input\":{\"@type\":\"PropertyValueSpecification\",\"valueRequired\":true,\"valueName\":\"search_term_string\"}}],\"inLanguage\":\"fr-FR\"},{\"@type\":\"Organization\",\"@id\":\"https:\/\/www.liscianigiochi.com\/#organization\",\"name\":\"Lisciani Giochi\",\"url\":\"https:\/\/www.liscianigiochi.com\/\",\"logo\":{\"@type\":\"ImageObject\",\"inLanguage\":\"fr-FR\",\"@id\":\"https:\/\/www.liscianigiochi.com\/#\/schema\/logo\/image\/\",\"url\":\"https:\/\/www.liscianigiochi.com\/wp-content\/uploads\/2023\/10\/Logo@2x.png\",\"contentUrl\":\"https:\/\/www.liscianigiochi.com\/wp-content\/uploads\/2023\/10\/Logo@2x.png\",\"width\":384,\"height\":384,\"caption\":\"Lisciani Giochi\"},\"image\":{\"@id\":\"https:\/\/www.liscianigiochi.com\/#\/schema\/logo\/image\/\"},\"sameAs\":[\"https:\/\/www.facebook.com\/liscianigroup\",\"https:\/\/www.instagram.com\/liscianigiochi\/\"]}]}<\/script>\n<!-- \/ Yoast SEO plugin. -->","yoast_head_json":{"title":"I'm A Genius Science A La Maison Botanique - Lisciani Giochi","robots":{"index":"index","follow":"follow","max-snippet":"max-snippet:-1","max-image-preview":"max-image-preview:large","max-video-preview":"max-video-preview:-1"},"canonical":"https:\/\/www.liscianigiochi.com\/fr\/shop\/jeux-scientifiques-fr\/science-a-la-maison-fr\/im-a-genius-science-a-la-maison-botanique-fr\/","og_locale":"fr_FR","og_type":"article","og_title":"I'm A Genius Science A La Maison Botanique - Lisciani Giochi","og_description":"LE PREMIER ARBRE en BIOPLASTIQUE \u00e0 cultiver\u00a0!","og_url":"https:\/\/www.liscianigiochi.com\/fr\/shop\/jeux-scientifiques-fr\/science-a-la-maison-fr\/im-a-genius-science-a-la-maison-botanique-fr\/","og_site_name":"Lisciani Giochi","article_publisher":"https:\/\/www.facebook.com\/liscianigroup","article_modified_time":"2026-04-10T04:20:15+00:00","og_image":[{"url":"https:\/\/mf.liscianigiochi.it:8443\/media\/FR97364\/EBF38C1B-922A-43F1-A85E-0BE12E94C10A.jpg","type":"","width":"","height":""}],"twitter_card":"summary_large_image","twitter_image":"https:\/\/mf.liscianigiochi.it:8443\/media\/FR97364\/EBF38C1B-922A-43F1-A85E-0BE12E94C10A.jpg","schema":{"@context":"https:\/\/schema.org","@graph":[{"@type":"WebPage","@id":"https:\/\/www.liscianigiochi.com\/fr\/shop\/jeux-scientifiques-fr\/science-a-la-maison-fr\/im-a-genius-science-a-la-maison-botanique-fr\/","url":"https:\/\/www.liscianigiochi.com\/fr\/shop\/jeux-scientifiques-fr\/science-a-la-maison-fr\/im-a-genius-science-a-la-maison-botanique-fr\/","name":"I'm A Genius Science A La Maison Botanique - Lisciani Giochi","isPartOf":{"@id":"https:\/\/www.liscianigiochi.com\/#website"},"primaryImageOfPage":{"@id":"https:\/\/www.liscianigiochi.com\/fr\/shop\/jeux-scientifiques-fr\/science-a-la-maison-fr\/im-a-genius-science-a-la-maison-botanique-fr\/#primaryimage"},"image":{"@id":"https:\/\/www.liscianigiochi.com\/fr\/shop\/jeux-scientifiques-fr\/science-a-la-maison-fr\/im-a-genius-science-a-la-maison-botanique-fr\/#primaryimage"},"thumbnailUrl":"https:\/\/mf.liscianigiochi.it:8443\/media\/FR97364\/EBF38C1B-922A-43F1-A85E-0BE12E94C10A.jpg","datePublished":"2024-07-31T07:24:46+00:00","dateModified":"2026-04-10T04:20:15+00:00","breadcrumb":{"@id":"https:\/\/www.liscianigiochi.com\/fr\/shop\/jeux-scientifiques-fr\/science-a-la-maison-fr\/im-a-genius-science-a-la-maison-botanique-fr\/#breadcrumb"},"inLanguage":"fr-FR","potentialAction":[{"@type":"ReadAction","target":["https:\/\/www.liscianigiochi.com\/fr\/shop\/jeux-scientifiques-fr\/science-a-la-maison-fr\/im-a-genius-science-a-la-maison-botanique-fr\/"]}]},{"@type":"ImageObject","inLanguage":"fr-FR","@id":"https:\/\/www.liscianigiochi.com\/fr\/shop\/jeux-scientifiques-fr\/science-a-la-maison-fr\/im-a-genius-science-a-la-maison-botanique-fr\/#primaryimage","url":"https:\/\/mf.liscianigiochi.it:8443\/media\/FR97364\/EBF38C1B-922A-43F1-A85E-0BE12E94C10A.jpg","contentUrl":"https:\/\/mf.liscianigiochi.it:8443\/media\/FR97364\/EBF38C1B-922A-43F1-A85E-0BE12E94C10A.jpg"},{"@type":"BreadcrumbList","@id":"https:\/\/www.liscianigiochi.com\/fr\/shop\/jeux-scientifiques-fr\/science-a-la-maison-fr\/im-a-genius-science-a-la-maison-botanique-fr\/#breadcrumb","itemListElement":[{"@type":"ListItem","position":1,"name":"Home","item":"https:\/\/www.liscianigiochi.com\/"},{"@type":"ListItem","position":2,"name":"Boutique","item":"https:\/\/lg.udnt.it\/fr\/boutique\/"},{"@type":"ListItem","position":3,"name":"I&#8217;m A Genius Science A La Maison Botanique"}]},{"@type":"WebSite","@id":"https:\/\/www.liscianigiochi.com\/#website","url":"https:\/\/www.liscianigiochi.com\/","name":"Lisciani Giochi","description":"","publisher":{"@id":"https:\/\/www.liscianigiochi.com\/#organization"},"potentialAction":[{"@type":"SearchAction","target":{"@type":"EntryPoint","urlTemplate":"https:\/\/www.liscianigiochi.com\/?s={search_term_string}"},"query-input":{"@type":"PropertyValueSpecification","valueRequired":true,"valueName":"search_term_string"}}],"inLanguage":"fr-FR"},{"@type":"Organization","@id":"https:\/\/www.liscianigiochi.com\/#organization","name":"Lisciani Giochi","url":"https:\/\/www.liscianigiochi.com\/","logo":{"@type":"ImageObject","inLanguage":"fr-FR","@id":"https:\/\/www.liscianigiochi.com\/#\/schema\/logo\/image\/","url":"https:\/\/www.liscianigiochi.com\/wp-content\/uploads\/2023\/10\/Logo@2x.png","contentUrl":"https:\/\/www.liscianigiochi.com\/wp-content\/uploads\/2023\/10\/Logo@2x.png","width":384,"height":384,"caption":"Lisciani Giochi"},"image":{"@id":"https:\/\/www.liscianigiochi.com\/#\/schema\/logo\/image\/"},"sameAs":["https:\/\/www.facebook.com\/liscianigroup","https:\/\/www.instagram.com\/liscianigiochi\/"]}]}},"fifu_image_url":"https:\/\/mf.liscianigiochi.it:8443\/media\/FR97364\/EBF38C1B-922A-43F1-A85E-0BE12E94C10A.jpg","_links":{"self":[{"href":"https:\/\/www.liscianigiochi.com\/fr\/wp-json\/wp\/v2\/product\/710719","targetHints":{"allow":["GET"]}}],"collection":[{"href":"https:\/\/www.liscianigiochi.com\/fr\/wp-json\/wp\/v2\/product"}],"about":[{"href":"https:\/\/www.liscianigiochi.com\/fr\/wp-json\/wp\/v2\/types\/product"}],"wp:featuredmedia":[{"embeddable":true,"href":"https:\/\/www.liscianigiochi.com\/fr\/wp-json\/wp\/v2\/media\/1074473"}],"wp:attachment":[{"href":"https:\/\/www.liscianigiochi.com\/fr\/wp-json\/wp\/v2\/media?parent=710719"}],"wp:term":[{"taxonomy":"product_brand","embeddable":true,"href":"https:\/\/www.liscianigiochi.com\/fr\/wp-json\/wp\/v2\/product_brand?post=710719"},{"taxonomy":"product_cat","embeddable":true,"href":"https:\/\/www.liscianigiochi.com\/fr\/wp-json\/wp\/v2\/product_cat?post=710719"},{"taxonomy":"product_tag","embeddable":true,"href":"https:\/\/www.liscianigiochi.com\/fr\/wp-json\/wp\/v2\/product_tag?post=710719"}],"curies":[{"name":"wp","href":"https:\/\/api.w.org\/{rel}","templated":true}]}}