{"id":711081,"date":"2024-07-31T09:28:30","date_gmt":"2024-07-31T07:28:30","guid":{"rendered":"https:\/\/www.liscianigiochi.com\/shop\/uncategorized\/jeu-de-vocabulaire-fr\/"},"modified":"2026-04-10T06:20:34","modified_gmt":"2026-04-10T04:20:34","slug":"im-a-genius-talent-school-jeu-de-vocabulaire-fr","status":"publish","type":"product","link":"https:\/\/www.liscianigiochi.com\/fr\/shop\/jeux-educatifs-kids-fr\/talent-school-fr\/im-a-genius-talent-school-jeu-de-vocabulaire-fr\/","title":{"rendered":"I&#8217;m A Genius Talent School Jeu De Vocabulaire"},"content":{"rendered":"<p>Le jeu vocabulaire est un jeu de parcours sur le lexi\ua757ue bas\u00e9 sur les programmes de l&#8217;\u00e9cole primaire. Les concurrents avancent sur le tableau et r\u00e9pondent \u00e0 des questionnaires sur les synonymes et les antonymes, les zones lexicales et les d\u00e9finitions. Ils doivent \u00e9galement former autant de mots que possible dans les &#8220;mini-jeux rigolos&#8221; avec les lettres. Gr\u00e2ce aux trois niveaux de jeu divis\u00e9s par difficult\u00e9s, m\u00eame les enfants les plus jeunes peuvent apprendre \u00e0 composer beaucoup des mots.  <\/p>\n","protected":false},"excerpt":{"rendered":"<p>Quiz bas\u00e9s sur les programmes de l&#8217;\u00e9cole primaire<\/p>\n","protected":false},"featured_media":1670201,"template":"","meta":{"_acf_changed":false},"product_brand":[],"product_cat":[2832,2845],"product_tag":[3061,3064,3066,3057,3072],"class_list":{"0":"post-711081","1":"product","2":"type-product","3":"status-publish","4":"has-post-thumbnail","6":"product_cat-jeux-educatifs-kids-fr","7":"product_cat-talent-school-fr","8":"product_tag-5-6-ans-fr","9":"product_tag-7-8-ans-fr","10":"product_tag-9-ans-fr","11":"product_tag-im-a-genius-fr","12":"product_tag-prodotto-lisciani-fr","14":"first","15":"instock","16":"shipping-taxable","17":"product-type-simple"},"acf":[],"yoast_head":"<!-- This site is optimized with the Yoast SEO plugin v26.5 - https:\/\/yoast.com\/wordpress\/plugins\/seo\/ -->\n<title>I&#039;m A Genius Talent School Jeu De Vocabulaire - Lisciani Giochi<\/title>\n<meta name=\"robots\" content=\"index, follow, max-snippet:-1, max-image-preview:large, max-video-preview:-1\" \/>\n<link rel=\"canonical\" href=\"https:\/\/www.liscianigiochi.com\/fr\/shop\/jeux-educatifs-kids-fr\/talent-school-fr\/im-a-genius-talent-school-jeu-de-vocabulaire-fr\/\" \/>\n<meta property=\"og:locale\" content=\"fr_FR\" \/>\n<meta property=\"og:type\" content=\"article\" \/>\n<meta property=\"og:title\" content=\"I&#039;m A Genius Talent School Jeu De Vocabulaire - Lisciani Giochi\" \/>\n<meta property=\"og:description\" content=\"Quiz bas\u00e9s sur les programmes de l&#039;\u00e9cole primaire\" \/>\n<meta property=\"og:url\" content=\"https:\/\/www.liscianigiochi.com\/fr\/shop\/jeux-educatifs-kids-fr\/talent-school-fr\/im-a-genius-talent-school-jeu-de-vocabulaire-fr\/\" \/>\n<meta property=\"og:site_name\" content=\"Lisciani Giochi\" \/>\n<meta property=\"article:publisher\" content=\"https:\/\/www.facebook.com\/liscianigroup\" \/>\n<meta property=\"article:modified_time\" content=\"2026-04-10T04:20:34+00:00\" \/>\n<meta property=\"og:image\" content=\"https:\/\/mf.liscianigiochi.it:8443\/media\/FR48878\/37DC58F1-A971-49E2-B37D-3477DB938437.jpg\" \/>\n<meta name=\"twitter:card\" content=\"summary_large_image\" \/>\n<meta name=\"twitter:image\" content=\"https:\/\/mf.liscianigiochi.it:8443\/media\/FR48878\/37DC58F1-A971-49E2-B37D-3477DB938437.jpg\" \/>\n<script type=\"application\/ld+json\" class=\"yoast-schema-graph\">{\"@context\":\"https:\/\/schema.org\",\"@graph\":[{\"@type\":\"WebPage\",\"@id\":\"https:\/\/www.liscianigiochi.com\/fr\/shop\/jeux-educatifs-kids-fr\/talent-school-fr\/im-a-genius-talent-school-jeu-de-vocabulaire-fr\/\",\"url\":\"https:\/\/www.liscianigiochi.com\/fr\/shop\/jeux-educatifs-kids-fr\/talent-school-fr\/im-a-genius-talent-school-jeu-de-vocabulaire-fr\/\",\"name\":\"I'm A Genius Talent School Jeu De Vocabulaire - Lisciani Giochi\",\"isPartOf\":{\"@id\":\"https:\/\/www.liscianigiochi.com\/#website\"},\"primaryImageOfPage\":{\"@id\":\"https:\/\/www.liscianigiochi.com\/fr\/shop\/jeux-educatifs-kids-fr\/talent-school-fr\/im-a-genius-talent-school-jeu-de-vocabulaire-fr\/#primaryimage\"},\"image\":{\"@id\":\"https:\/\/www.liscianigiochi.com\/fr\/shop\/jeux-educatifs-kids-fr\/talent-school-fr\/im-a-genius-talent-school-jeu-de-vocabulaire-fr\/#primaryimage\"},\"thumbnailUrl\":\"https:\/\/mf.liscianigiochi.it:8443\/media\/FR48878\/37DC58F1-A971-49E2-B37D-3477DB938437.jpg\",\"datePublished\":\"2024-07-31T07:28:30+00:00\",\"dateModified\":\"2026-04-10T04:20:34+00:00\",\"breadcrumb\":{\"@id\":\"https:\/\/www.liscianigiochi.com\/fr\/shop\/jeux-educatifs-kids-fr\/talent-school-fr\/im-a-genius-talent-school-jeu-de-vocabulaire-fr\/#breadcrumb\"},\"inLanguage\":\"fr-FR\",\"potentialAction\":[{\"@type\":\"ReadAction\",\"target\":[\"https:\/\/www.liscianigiochi.com\/fr\/shop\/jeux-educatifs-kids-fr\/talent-school-fr\/im-a-genius-talent-school-jeu-de-vocabulaire-fr\/\"]}]},{\"@type\":\"ImageObject\",\"inLanguage\":\"fr-FR\",\"@id\":\"https:\/\/www.liscianigiochi.com\/fr\/shop\/jeux-educatifs-kids-fr\/talent-school-fr\/im-a-genius-talent-school-jeu-de-vocabulaire-fr\/#primaryimage\",\"url\":\"https:\/\/mf.liscianigiochi.it:8443\/media\/FR48878\/37DC58F1-A971-49E2-B37D-3477DB938437.jpg\",\"contentUrl\":\"https:\/\/mf.liscianigiochi.it:8443\/media\/FR48878\/37DC58F1-A971-49E2-B37D-3477DB938437.jpg\"},{\"@type\":\"BreadcrumbList\",\"@id\":\"https:\/\/www.liscianigiochi.com\/fr\/shop\/jeux-educatifs-kids-fr\/talent-school-fr\/im-a-genius-talent-school-jeu-de-vocabulaire-fr\/#breadcrumb\",\"itemListElement\":[{\"@type\":\"ListItem\",\"position\":1,\"name\":\"Home\",\"item\":\"https:\/\/www.liscianigiochi.com\/\"},{\"@type\":\"ListItem\",\"position\":2,\"name\":\"Boutique\",\"item\":\"https:\/\/lg.udnt.it\/fr\/boutique\/\"},{\"@type\":\"ListItem\",\"position\":3,\"name\":\"I&#8217;m A Genius Talent School Jeu De Vocabulaire\"}]},{\"@type\":\"WebSite\",\"@id\":\"https:\/\/www.liscianigiochi.com\/#website\",\"url\":\"https:\/\/www.liscianigiochi.com\/\",\"name\":\"Lisciani Giochi\",\"description\":\"\",\"publisher\":{\"@id\":\"https:\/\/www.liscianigiochi.com\/#organization\"},\"potentialAction\":[{\"@type\":\"SearchAction\",\"target\":{\"@type\":\"EntryPoint\",\"urlTemplate\":\"https:\/\/www.liscianigiochi.com\/?s={search_term_string}\"},\"query-input\":{\"@type\":\"PropertyValueSpecification\",\"valueRequired\":true,\"valueName\":\"search_term_string\"}}],\"inLanguage\":\"fr-FR\"},{\"@type\":\"Organization\",\"@id\":\"https:\/\/www.liscianigiochi.com\/#organization\",\"name\":\"Lisciani Giochi\",\"url\":\"https:\/\/www.liscianigiochi.com\/\",\"logo\":{\"@type\":\"ImageObject\",\"inLanguage\":\"fr-FR\",\"@id\":\"https:\/\/www.liscianigiochi.com\/#\/schema\/logo\/image\/\",\"url\":\"https:\/\/www.liscianigiochi.com\/wp-content\/uploads\/2023\/10\/Logo@2x.png\",\"contentUrl\":\"https:\/\/www.liscianigiochi.com\/wp-content\/uploads\/2023\/10\/Logo@2x.png\",\"width\":384,\"height\":384,\"caption\":\"Lisciani Giochi\"},\"image\":{\"@id\":\"https:\/\/www.liscianigiochi.com\/#\/schema\/logo\/image\/\"},\"sameAs\":[\"https:\/\/www.facebook.com\/liscianigroup\",\"https:\/\/www.instagram.com\/liscianigiochi\/\"]}]}<\/script>\n<!-- \/ Yoast SEO plugin. -->","yoast_head_json":{"title":"I'm A Genius Talent School Jeu De Vocabulaire - Lisciani Giochi","robots":{"index":"index","follow":"follow","max-snippet":"max-snippet:-1","max-image-preview":"max-image-preview:large","max-video-preview":"max-video-preview:-1"},"canonical":"https:\/\/www.liscianigiochi.com\/fr\/shop\/jeux-educatifs-kids-fr\/talent-school-fr\/im-a-genius-talent-school-jeu-de-vocabulaire-fr\/","og_locale":"fr_FR","og_type":"article","og_title":"I'm A Genius Talent School Jeu De Vocabulaire - Lisciani Giochi","og_description":"Quiz bas\u00e9s sur les programmes de l'\u00e9cole primaire","og_url":"https:\/\/www.liscianigiochi.com\/fr\/shop\/jeux-educatifs-kids-fr\/talent-school-fr\/im-a-genius-talent-school-jeu-de-vocabulaire-fr\/","og_site_name":"Lisciani Giochi","article_publisher":"https:\/\/www.facebook.com\/liscianigroup","article_modified_time":"2026-04-10T04:20:34+00:00","og_image":[{"url":"https:\/\/mf.liscianigiochi.it:8443\/media\/FR48878\/37DC58F1-A971-49E2-B37D-3477DB938437.jpg","type":"","width":"","height":""}],"twitter_card":"summary_large_image","twitter_image":"https:\/\/mf.liscianigiochi.it:8443\/media\/FR48878\/37DC58F1-A971-49E2-B37D-3477DB938437.jpg","schema":{"@context":"https:\/\/schema.org","@graph":[{"@type":"WebPage","@id":"https:\/\/www.liscianigiochi.com\/fr\/shop\/jeux-educatifs-kids-fr\/talent-school-fr\/im-a-genius-talent-school-jeu-de-vocabulaire-fr\/","url":"https:\/\/www.liscianigiochi.com\/fr\/shop\/jeux-educatifs-kids-fr\/talent-school-fr\/im-a-genius-talent-school-jeu-de-vocabulaire-fr\/","name":"I'm A Genius Talent School Jeu De Vocabulaire - Lisciani Giochi","isPartOf":{"@id":"https:\/\/www.liscianigiochi.com\/#website"},"primaryImageOfPage":{"@id":"https:\/\/www.liscianigiochi.com\/fr\/shop\/jeux-educatifs-kids-fr\/talent-school-fr\/im-a-genius-talent-school-jeu-de-vocabulaire-fr\/#primaryimage"},"image":{"@id":"https:\/\/www.liscianigiochi.com\/fr\/shop\/jeux-educatifs-kids-fr\/talent-school-fr\/im-a-genius-talent-school-jeu-de-vocabulaire-fr\/#primaryimage"},"thumbnailUrl":"https:\/\/mf.liscianigiochi.it:8443\/media\/FR48878\/37DC58F1-A971-49E2-B37D-3477DB938437.jpg","datePublished":"2024-07-31T07:28:30+00:00","dateModified":"2026-04-10T04:20:34+00:00","breadcrumb":{"@id":"https:\/\/www.liscianigiochi.com\/fr\/shop\/jeux-educatifs-kids-fr\/talent-school-fr\/im-a-genius-talent-school-jeu-de-vocabulaire-fr\/#breadcrumb"},"inLanguage":"fr-FR","potentialAction":[{"@type":"ReadAction","target":["https:\/\/www.liscianigiochi.com\/fr\/shop\/jeux-educatifs-kids-fr\/talent-school-fr\/im-a-genius-talent-school-jeu-de-vocabulaire-fr\/"]}]},{"@type":"ImageObject","inLanguage":"fr-FR","@id":"https:\/\/www.liscianigiochi.com\/fr\/shop\/jeux-educatifs-kids-fr\/talent-school-fr\/im-a-genius-talent-school-jeu-de-vocabulaire-fr\/#primaryimage","url":"https:\/\/mf.liscianigiochi.it:8443\/media\/FR48878\/37DC58F1-A971-49E2-B37D-3477DB938437.jpg","contentUrl":"https:\/\/mf.liscianigiochi.it:8443\/media\/FR48878\/37DC58F1-A971-49E2-B37D-3477DB938437.jpg"},{"@type":"BreadcrumbList","@id":"https:\/\/www.liscianigiochi.com\/fr\/shop\/jeux-educatifs-kids-fr\/talent-school-fr\/im-a-genius-talent-school-jeu-de-vocabulaire-fr\/#breadcrumb","itemListElement":[{"@type":"ListItem","position":1,"name":"Home","item":"https:\/\/www.liscianigiochi.com\/"},{"@type":"ListItem","position":2,"name":"Boutique","item":"https:\/\/lg.udnt.it\/fr\/boutique\/"},{"@type":"ListItem","position":3,"name":"I&#8217;m A Genius Talent School Jeu De Vocabulaire"}]},{"@type":"WebSite","@id":"https:\/\/www.liscianigiochi.com\/#website","url":"https:\/\/www.liscianigiochi.com\/","name":"Lisciani Giochi","description":"","publisher":{"@id":"https:\/\/www.liscianigiochi.com\/#organization"},"potentialAction":[{"@type":"SearchAction","target":{"@type":"EntryPoint","urlTemplate":"https:\/\/www.liscianigiochi.com\/?s={search_term_string}"},"query-input":{"@type":"PropertyValueSpecification","valueRequired":true,"valueName":"search_term_string"}}],"inLanguage":"fr-FR"},{"@type":"Organization","@id":"https:\/\/www.liscianigiochi.com\/#organization","name":"Lisciani Giochi","url":"https:\/\/www.liscianigiochi.com\/","logo":{"@type":"ImageObject","inLanguage":"fr-FR","@id":"https:\/\/www.liscianigiochi.com\/#\/schema\/logo\/image\/","url":"https:\/\/www.liscianigiochi.com\/wp-content\/uploads\/2023\/10\/Logo@2x.png","contentUrl":"https:\/\/www.liscianigiochi.com\/wp-content\/uploads\/2023\/10\/Logo@2x.png","width":384,"height":384,"caption":"Lisciani Giochi"},"image":{"@id":"https:\/\/www.liscianigiochi.com\/#\/schema\/logo\/image\/"},"sameAs":["https:\/\/www.facebook.com\/liscianigroup","https:\/\/www.instagram.com\/liscianigiochi\/"]}]}},"fifu_image_url":"https:\/\/mf.liscianigiochi.it:8443\/media\/FR48878\/37DC58F1-A971-49E2-B37D-3477DB938437.jpg","_links":{"self":[{"href":"https:\/\/www.liscianigiochi.com\/fr\/wp-json\/wp\/v2\/product\/711081","targetHints":{"allow":["GET"]}}],"collection":[{"href":"https:\/\/www.liscianigiochi.com\/fr\/wp-json\/wp\/v2\/product"}],"about":[{"href":"https:\/\/www.liscianigiochi.com\/fr\/wp-json\/wp\/v2\/types\/product"}],"wp:featuredmedia":[{"embeddable":true,"href":"https:\/\/www.liscianigiochi.com\/fr\/wp-json\/wp\/v2\/media\/1670201"}],"wp:attachment":[{"href":"https:\/\/www.liscianigiochi.com\/fr\/wp-json\/wp\/v2\/media?parent=711081"}],"wp:term":[{"taxonomy":"product_brand","embeddable":true,"href":"https:\/\/www.liscianigiochi.com\/fr\/wp-json\/wp\/v2\/product_brand?post=711081"},{"taxonomy":"product_cat","embeddable":true,"href":"https:\/\/www.liscianigiochi.com\/fr\/wp-json\/wp\/v2\/product_cat?post=711081"},{"taxonomy":"product_tag","embeddable":true,"href":"https:\/\/www.liscianigiochi.com\/fr\/wp-json\/wp\/v2\/product_tag?post=711081"}],"curies":[{"name":"wp","href":"https:\/\/api.w.org\/{rel}","templated":true}]}}