{"id":711137,"date":"2024-07-31T09:29:16","date_gmt":"2024-07-31T07:29:16","guid":{"rendered":"https:\/\/www.liscianigiochi.com\/shop\/uncategorized\/im-a-genius-scienza-pocket-a-la-decouverte-de-la-botanique-fr\/"},"modified":"2026-04-24T06:21:12","modified_gmt":"2026-04-24T04:21:12","slug":"im-a-genius-scienza-pocket-a-la-decouverte-de-la-botanique-fr","status":"publish","type":"product","link":"https:\/\/www.liscianigiochi.com\/fr\/shop\/jeux-scientifiques-fr\/pocket-science-fr\/im-a-genius-scienza-pocket-a-la-decouverte-de-la-botanique-fr\/","title":{"rendered":"I&#8217;m A Genius Scienza Pocket- A La Decouverte De La Botanique"},"content":{"rendered":"<p>Un kit pour faire tes premiers pas dans le monde de la botanique. Tu pourras construire ta premi\u00e8re serre miniature en bois o\u00f9 cultiver tes plantes et les voir pousser comme par magie ! Il te sera tr\u00e8s facile de faire des exp\u00e9riences en botanique et de prendre soin de tes plantes gr\u00e2ce \u00e0 la serre et aux conseils que tu trouveras dans le manuel illustr\u00e9. Pr\u00eat(e) \u00e0 devenir un v\u00e9ritable sp\u00e9cialiste en botanique ?  <\/p>\n","protected":false},"excerpt":{"rendered":"<p>D\u00e9couvre la magie de la BOTANIQUE !<\/p>\n","protected":false},"featured_media":1074655,"template":"","meta":{"_acf_changed":false},"product_brand":[],"product_cat":[2833,3362],"product_tag":[3064,3066,3057,3072],"class_list":{"0":"post-711137","1":"product","2":"type-product","3":"status-publish","4":"has-post-thumbnail","6":"product_cat-jeux-scientifiques-fr","7":"product_cat-pocket-science-fr","8":"product_tag-7-8-ans-fr","9":"product_tag-9-ans-fr","10":"product_tag-im-a-genius-fr","11":"product_tag-prodotto-lisciani-fr","13":"first","14":"instock","15":"shipping-taxable","16":"product-type-simple"},"acf":[],"yoast_head":"<!-- This site is optimized with the Yoast SEO plugin v26.5 - https:\/\/yoast.com\/wordpress\/plugins\/seo\/ -->\n<title>I&#039;m A Genius Scienza Pocket- A La Decouverte De La Botanique - Lisciani Giochi<\/title>\n<meta name=\"robots\" content=\"index, follow, max-snippet:-1, max-image-preview:large, max-video-preview:-1\" \/>\n<link rel=\"canonical\" href=\"https:\/\/www.liscianigiochi.com\/fr\/shop\/jeux-scientifiques-fr\/pocket-science-fr\/im-a-genius-scienza-pocket-a-la-decouverte-de-la-botanique-fr\/\" \/>\n<meta property=\"og:locale\" content=\"fr_FR\" \/>\n<meta property=\"og:type\" content=\"article\" \/>\n<meta property=\"og:title\" content=\"I&#039;m A Genius Scienza Pocket- A La Decouverte De La Botanique - Lisciani Giochi\" \/>\n<meta property=\"og:description\" content=\"D\u00e9couvre la magie de la BOTANIQUE !\" \/>\n<meta property=\"og:url\" content=\"https:\/\/www.liscianigiochi.com\/fr\/shop\/jeux-scientifiques-fr\/pocket-science-fr\/im-a-genius-scienza-pocket-a-la-decouverte-de-la-botanique-fr\/\" \/>\n<meta property=\"og:site_name\" content=\"Lisciani Giochi\" \/>\n<meta property=\"article:publisher\" content=\"https:\/\/www.facebook.com\/liscianigroup\" \/>\n<meta property=\"article:modified_time\" content=\"2026-04-24T04:21:12+00:00\" \/>\n<meta property=\"og:image\" content=\"https:\/\/mf.liscianigiochi.it:8443\/media\/FR100231\/8F03FC14-E578-456F-8839-FC6C00555D9A.jpg\" \/>\n<meta name=\"twitter:card\" content=\"summary_large_image\" \/>\n<meta name=\"twitter:image\" content=\"https:\/\/mf.liscianigiochi.it:8443\/media\/FR100231\/8F03FC14-E578-456F-8839-FC6C00555D9A.jpg\" \/>\n<script type=\"application\/ld+json\" class=\"yoast-schema-graph\">{\"@context\":\"https:\/\/schema.org\",\"@graph\":[{\"@type\":\"WebPage\",\"@id\":\"https:\/\/www.liscianigiochi.com\/fr\/shop\/jeux-scientifiques-fr\/pocket-science-fr\/im-a-genius-scienza-pocket-a-la-decouverte-de-la-botanique-fr\/\",\"url\":\"https:\/\/www.liscianigiochi.com\/fr\/shop\/jeux-scientifiques-fr\/pocket-science-fr\/im-a-genius-scienza-pocket-a-la-decouverte-de-la-botanique-fr\/\",\"name\":\"I'm A Genius Scienza Pocket- A La Decouverte De La Botanique - Lisciani Giochi\",\"isPartOf\":{\"@id\":\"https:\/\/www.liscianigiochi.com\/#website\"},\"primaryImageOfPage\":{\"@id\":\"https:\/\/www.liscianigiochi.com\/fr\/shop\/jeux-scientifiques-fr\/pocket-science-fr\/im-a-genius-scienza-pocket-a-la-decouverte-de-la-botanique-fr\/#primaryimage\"},\"image\":{\"@id\":\"https:\/\/www.liscianigiochi.com\/fr\/shop\/jeux-scientifiques-fr\/pocket-science-fr\/im-a-genius-scienza-pocket-a-la-decouverte-de-la-botanique-fr\/#primaryimage\"},\"thumbnailUrl\":\"https:\/\/mf.liscianigiochi.it:8443\/media\/FR100231\/8F03FC14-E578-456F-8839-FC6C00555D9A.jpg\",\"datePublished\":\"2024-07-31T07:29:16+00:00\",\"dateModified\":\"2026-04-24T04:21:12+00:00\",\"breadcrumb\":{\"@id\":\"https:\/\/www.liscianigiochi.com\/fr\/shop\/jeux-scientifiques-fr\/pocket-science-fr\/im-a-genius-scienza-pocket-a-la-decouverte-de-la-botanique-fr\/#breadcrumb\"},\"inLanguage\":\"fr-FR\",\"potentialAction\":[{\"@type\":\"ReadAction\",\"target\":[\"https:\/\/www.liscianigiochi.com\/fr\/shop\/jeux-scientifiques-fr\/pocket-science-fr\/im-a-genius-scienza-pocket-a-la-decouverte-de-la-botanique-fr\/\"]}]},{\"@type\":\"ImageObject\",\"inLanguage\":\"fr-FR\",\"@id\":\"https:\/\/www.liscianigiochi.com\/fr\/shop\/jeux-scientifiques-fr\/pocket-science-fr\/im-a-genius-scienza-pocket-a-la-decouverte-de-la-botanique-fr\/#primaryimage\",\"url\":\"https:\/\/mf.liscianigiochi.it:8443\/media\/FR100231\/8F03FC14-E578-456F-8839-FC6C00555D9A.jpg\",\"contentUrl\":\"https:\/\/mf.liscianigiochi.it:8443\/media\/FR100231\/8F03FC14-E578-456F-8839-FC6C00555D9A.jpg\"},{\"@type\":\"BreadcrumbList\",\"@id\":\"https:\/\/www.liscianigiochi.com\/fr\/shop\/jeux-scientifiques-fr\/pocket-science-fr\/im-a-genius-scienza-pocket-a-la-decouverte-de-la-botanique-fr\/#breadcrumb\",\"itemListElement\":[{\"@type\":\"ListItem\",\"position\":1,\"name\":\"Home\",\"item\":\"https:\/\/www.liscianigiochi.com\/\"},{\"@type\":\"ListItem\",\"position\":2,\"name\":\"Boutique\",\"item\":\"https:\/\/lg.udnt.it\/fr\/boutique\/\"},{\"@type\":\"ListItem\",\"position\":3,\"name\":\"I&#8217;m A Genius Scienza Pocket- A La Decouverte De La Botanique\"}]},{\"@type\":\"WebSite\",\"@id\":\"https:\/\/www.liscianigiochi.com\/#website\",\"url\":\"https:\/\/www.liscianigiochi.com\/\",\"name\":\"Lisciani Giochi\",\"description\":\"\",\"publisher\":{\"@id\":\"https:\/\/www.liscianigiochi.com\/#organization\"},\"potentialAction\":[{\"@type\":\"SearchAction\",\"target\":{\"@type\":\"EntryPoint\",\"urlTemplate\":\"https:\/\/www.liscianigiochi.com\/?s={search_term_string}\"},\"query-input\":{\"@type\":\"PropertyValueSpecification\",\"valueRequired\":true,\"valueName\":\"search_term_string\"}}],\"inLanguage\":\"fr-FR\"},{\"@type\":\"Organization\",\"@id\":\"https:\/\/www.liscianigiochi.com\/#organization\",\"name\":\"Lisciani Giochi\",\"url\":\"https:\/\/www.liscianigiochi.com\/\",\"logo\":{\"@type\":\"ImageObject\",\"inLanguage\":\"fr-FR\",\"@id\":\"https:\/\/www.liscianigiochi.com\/#\/schema\/logo\/image\/\",\"url\":\"https:\/\/www.liscianigiochi.com\/wp-content\/uploads\/2023\/10\/Logo@2x.png\",\"contentUrl\":\"https:\/\/www.liscianigiochi.com\/wp-content\/uploads\/2023\/10\/Logo@2x.png\",\"width\":384,\"height\":384,\"caption\":\"Lisciani Giochi\"},\"image\":{\"@id\":\"https:\/\/www.liscianigiochi.com\/#\/schema\/logo\/image\/\"},\"sameAs\":[\"https:\/\/www.facebook.com\/liscianigroup\",\"https:\/\/www.instagram.com\/liscianigiochi\/\"]}]}<\/script>\n<!-- \/ Yoast SEO plugin. -->","yoast_head_json":{"title":"I'm A Genius Scienza Pocket- A La Decouverte De La Botanique - Lisciani Giochi","robots":{"index":"index","follow":"follow","max-snippet":"max-snippet:-1","max-image-preview":"max-image-preview:large","max-video-preview":"max-video-preview:-1"},"canonical":"https:\/\/www.liscianigiochi.com\/fr\/shop\/jeux-scientifiques-fr\/pocket-science-fr\/im-a-genius-scienza-pocket-a-la-decouverte-de-la-botanique-fr\/","og_locale":"fr_FR","og_type":"article","og_title":"I'm A Genius Scienza Pocket- A La Decouverte De La Botanique - Lisciani Giochi","og_description":"D\u00e9couvre la magie de la BOTANIQUE !","og_url":"https:\/\/www.liscianigiochi.com\/fr\/shop\/jeux-scientifiques-fr\/pocket-science-fr\/im-a-genius-scienza-pocket-a-la-decouverte-de-la-botanique-fr\/","og_site_name":"Lisciani Giochi","article_publisher":"https:\/\/www.facebook.com\/liscianigroup","article_modified_time":"2026-04-24T04:21:12+00:00","og_image":[{"url":"https:\/\/mf.liscianigiochi.it:8443\/media\/FR100231\/8F03FC14-E578-456F-8839-FC6C00555D9A.jpg","type":"","width":"","height":""}],"twitter_card":"summary_large_image","twitter_image":"https:\/\/mf.liscianigiochi.it:8443\/media\/FR100231\/8F03FC14-E578-456F-8839-FC6C00555D9A.jpg","schema":{"@context":"https:\/\/schema.org","@graph":[{"@type":"WebPage","@id":"https:\/\/www.liscianigiochi.com\/fr\/shop\/jeux-scientifiques-fr\/pocket-science-fr\/im-a-genius-scienza-pocket-a-la-decouverte-de-la-botanique-fr\/","url":"https:\/\/www.liscianigiochi.com\/fr\/shop\/jeux-scientifiques-fr\/pocket-science-fr\/im-a-genius-scienza-pocket-a-la-decouverte-de-la-botanique-fr\/","name":"I'm A Genius Scienza Pocket- A La Decouverte De La Botanique - Lisciani Giochi","isPartOf":{"@id":"https:\/\/www.liscianigiochi.com\/#website"},"primaryImageOfPage":{"@id":"https:\/\/www.liscianigiochi.com\/fr\/shop\/jeux-scientifiques-fr\/pocket-science-fr\/im-a-genius-scienza-pocket-a-la-decouverte-de-la-botanique-fr\/#primaryimage"},"image":{"@id":"https:\/\/www.liscianigiochi.com\/fr\/shop\/jeux-scientifiques-fr\/pocket-science-fr\/im-a-genius-scienza-pocket-a-la-decouverte-de-la-botanique-fr\/#primaryimage"},"thumbnailUrl":"https:\/\/mf.liscianigiochi.it:8443\/media\/FR100231\/8F03FC14-E578-456F-8839-FC6C00555D9A.jpg","datePublished":"2024-07-31T07:29:16+00:00","dateModified":"2026-04-24T04:21:12+00:00","breadcrumb":{"@id":"https:\/\/www.liscianigiochi.com\/fr\/shop\/jeux-scientifiques-fr\/pocket-science-fr\/im-a-genius-scienza-pocket-a-la-decouverte-de-la-botanique-fr\/#breadcrumb"},"inLanguage":"fr-FR","potentialAction":[{"@type":"ReadAction","target":["https:\/\/www.liscianigiochi.com\/fr\/shop\/jeux-scientifiques-fr\/pocket-science-fr\/im-a-genius-scienza-pocket-a-la-decouverte-de-la-botanique-fr\/"]}]},{"@type":"ImageObject","inLanguage":"fr-FR","@id":"https:\/\/www.liscianigiochi.com\/fr\/shop\/jeux-scientifiques-fr\/pocket-science-fr\/im-a-genius-scienza-pocket-a-la-decouverte-de-la-botanique-fr\/#primaryimage","url":"https:\/\/mf.liscianigiochi.it:8443\/media\/FR100231\/8F03FC14-E578-456F-8839-FC6C00555D9A.jpg","contentUrl":"https:\/\/mf.liscianigiochi.it:8443\/media\/FR100231\/8F03FC14-E578-456F-8839-FC6C00555D9A.jpg"},{"@type":"BreadcrumbList","@id":"https:\/\/www.liscianigiochi.com\/fr\/shop\/jeux-scientifiques-fr\/pocket-science-fr\/im-a-genius-scienza-pocket-a-la-decouverte-de-la-botanique-fr\/#breadcrumb","itemListElement":[{"@type":"ListItem","position":1,"name":"Home","item":"https:\/\/www.liscianigiochi.com\/"},{"@type":"ListItem","position":2,"name":"Boutique","item":"https:\/\/lg.udnt.it\/fr\/boutique\/"},{"@type":"ListItem","position":3,"name":"I&#8217;m A Genius Scienza Pocket- A La Decouverte De La Botanique"}]},{"@type":"WebSite","@id":"https:\/\/www.liscianigiochi.com\/#website","url":"https:\/\/www.liscianigiochi.com\/","name":"Lisciani Giochi","description":"","publisher":{"@id":"https:\/\/www.liscianigiochi.com\/#organization"},"potentialAction":[{"@type":"SearchAction","target":{"@type":"EntryPoint","urlTemplate":"https:\/\/www.liscianigiochi.com\/?s={search_term_string}"},"query-input":{"@type":"PropertyValueSpecification","valueRequired":true,"valueName":"search_term_string"}}],"inLanguage":"fr-FR"},{"@type":"Organization","@id":"https:\/\/www.liscianigiochi.com\/#organization","name":"Lisciani Giochi","url":"https:\/\/www.liscianigiochi.com\/","logo":{"@type":"ImageObject","inLanguage":"fr-FR","@id":"https:\/\/www.liscianigiochi.com\/#\/schema\/logo\/image\/","url":"https:\/\/www.liscianigiochi.com\/wp-content\/uploads\/2023\/10\/Logo@2x.png","contentUrl":"https:\/\/www.liscianigiochi.com\/wp-content\/uploads\/2023\/10\/Logo@2x.png","width":384,"height":384,"caption":"Lisciani Giochi"},"image":{"@id":"https:\/\/www.liscianigiochi.com\/#\/schema\/logo\/image\/"},"sameAs":["https:\/\/www.facebook.com\/liscianigroup","https:\/\/www.instagram.com\/liscianigiochi\/"]}]}},"fifu_image_url":"https:\/\/mf.liscianigiochi.it:8443\/media\/FR100231\/8F03FC14-E578-456F-8839-FC6C00555D9A.jpg","_links":{"self":[{"href":"https:\/\/www.liscianigiochi.com\/fr\/wp-json\/wp\/v2\/product\/711137","targetHints":{"allow":["GET"]}}],"collection":[{"href":"https:\/\/www.liscianigiochi.com\/fr\/wp-json\/wp\/v2\/product"}],"about":[{"href":"https:\/\/www.liscianigiochi.com\/fr\/wp-json\/wp\/v2\/types\/product"}],"wp:featuredmedia":[{"embeddable":true,"href":"https:\/\/www.liscianigiochi.com\/fr\/wp-json\/wp\/v2\/media\/1074655"}],"wp:attachment":[{"href":"https:\/\/www.liscianigiochi.com\/fr\/wp-json\/wp\/v2\/media?parent=711137"}],"wp:term":[{"taxonomy":"product_brand","embeddable":true,"href":"https:\/\/www.liscianigiochi.com\/fr\/wp-json\/wp\/v2\/product_brand?post=711137"},{"taxonomy":"product_cat","embeddable":true,"href":"https:\/\/www.liscianigiochi.com\/fr\/wp-json\/wp\/v2\/product_cat?post=711137"},{"taxonomy":"product_tag","embeddable":true,"href":"https:\/\/www.liscianigiochi.com\/fr\/wp-json\/wp\/v2\/product_tag?post=711137"}],"curies":[{"name":"wp","href":"https:\/\/api.w.org\/{rel}","templated":true}]}}