{"id":711157,"date":"2024-07-31T09:29:28","date_gmt":"2024-07-31T07:29:28","guid":{"rendered":"https:\/\/www.liscianigiochi.com\/shop\/uncategorized\/carotina-stylo-parlant-le-grand-jeu-de-vocabulaire-fr\/"},"modified":"2026-04-10T06:20:41","modified_gmt":"2026-04-10T04:20:41","slug":"carotina-stylo-parlant-le-grand-jeu-de-vocabulaire-fr","status":"publish","type":"product","link":"https:\/\/www.liscianigiochi.com\/fr\/shop\/jeux-educatifs-prescolaires-fr\/carotina-stylo-parlant-fr\/carotina-stylo-parlant-le-grand-jeu-de-vocabulaire-fr\/","title":{"rendered":"Carotina Stylo Parlant Le Grand Jeu De Vocabulaire"},"content":{"rendered":"<p>Un jeu \u00e9ducatif pour enrichir le vocabulaire \u00e0 partir de trois ans ! Avec la tablette \u00e9critoire, l\u2019enfant forme des mots avec les lettres fournies, trace des lettres et recopie des mots avec le feutre sp\u00e9cial effa\u00e7able. De plus, de nombreuses fiches interactives pour apprendre l\u2019alphabet et d\u00e9couvrir de nombreux mots en compagnie de Carotina, parlante et lumineuse !<\/p>\n","protected":false},"excerpt":{"rendered":"<p>Joue avec les fiches interactives et avec les lettres\u00a0!<\/p>\n","protected":false},"featured_media":1074669,"template":"","meta":{"_acf_changed":false},"product_brand":[],"product_cat":[2838,2831],"product_tag":[3059,3061,3054,3072],"class_list":{"0":"post-711157","1":"product","2":"type-product","3":"status-publish","4":"has-post-thumbnail","6":"product_cat-carotina-stylo-parlant-fr","7":"product_cat-jeux-educatifs-prescolaires-fr","8":"product_tag-3-4-ans-fr","9":"product_tag-5-6-ans-fr","10":"product_tag-carotina-super-bip-fr","11":"product_tag-prodotto-lisciani-fr","13":"first","14":"instock","15":"shipping-taxable","16":"product-type-simple"},"acf":[],"yoast_head":"<!-- This site is optimized with the Yoast SEO plugin v26.5 - https:\/\/yoast.com\/wordpress\/plugins\/seo\/ -->\n<title>Carotina Stylo Parlant Le Grand Jeu De Vocabulaire - Lisciani Giochi<\/title>\n<meta name=\"robots\" content=\"index, follow, max-snippet:-1, max-image-preview:large, max-video-preview:-1\" \/>\n<link rel=\"canonical\" href=\"https:\/\/www.liscianigiochi.com\/fr\/shop\/jeux-educatifs-prescolaires-fr\/carotina-stylo-parlant-fr\/carotina-stylo-parlant-le-grand-jeu-de-vocabulaire-fr\/\" \/>\n<meta property=\"og:locale\" content=\"fr_FR\" \/>\n<meta property=\"og:type\" content=\"article\" \/>\n<meta property=\"og:title\" content=\"Carotina Stylo Parlant Le Grand Jeu De Vocabulaire - Lisciani Giochi\" \/>\n<meta property=\"og:description\" content=\"Joue avec les fiches interactives et avec les lettres\u00a0!\" \/>\n<meta property=\"og:url\" content=\"https:\/\/www.liscianigiochi.com\/fr\/shop\/jeux-educatifs-prescolaires-fr\/carotina-stylo-parlant-fr\/carotina-stylo-parlant-le-grand-jeu-de-vocabulaire-fr\/\" \/>\n<meta property=\"og:site_name\" content=\"Lisciani Giochi\" \/>\n<meta property=\"article:publisher\" content=\"https:\/\/www.facebook.com\/liscianigroup\" \/>\n<meta property=\"article:modified_time\" content=\"2026-04-10T04:20:41+00:00\" \/>\n<meta property=\"og:image\" content=\"https:\/\/mf.liscianigiochi.it:8443\/media\/FR102327\/67DBDE0D-9F2A-4BFE-9770-AD52DEDD2E52.jpg\" \/>\n<meta name=\"twitter:card\" content=\"summary_large_image\" \/>\n<meta name=\"twitter:image\" content=\"https:\/\/mf.liscianigiochi.it:8443\/media\/FR102327\/67DBDE0D-9F2A-4BFE-9770-AD52DEDD2E52.jpg\" \/>\n<script type=\"application\/ld+json\" class=\"yoast-schema-graph\">{\"@context\":\"https:\/\/schema.org\",\"@graph\":[{\"@type\":\"WebPage\",\"@id\":\"https:\/\/www.liscianigiochi.com\/fr\/shop\/jeux-educatifs-prescolaires-fr\/carotina-stylo-parlant-fr\/carotina-stylo-parlant-le-grand-jeu-de-vocabulaire-fr\/\",\"url\":\"https:\/\/www.liscianigiochi.com\/fr\/shop\/jeux-educatifs-prescolaires-fr\/carotina-stylo-parlant-fr\/carotina-stylo-parlant-le-grand-jeu-de-vocabulaire-fr\/\",\"name\":\"Carotina Stylo Parlant Le Grand Jeu De Vocabulaire - Lisciani Giochi\",\"isPartOf\":{\"@id\":\"https:\/\/www.liscianigiochi.com\/#website\"},\"primaryImageOfPage\":{\"@id\":\"https:\/\/www.liscianigiochi.com\/fr\/shop\/jeux-educatifs-prescolaires-fr\/carotina-stylo-parlant-fr\/carotina-stylo-parlant-le-grand-jeu-de-vocabulaire-fr\/#primaryimage\"},\"image\":{\"@id\":\"https:\/\/www.liscianigiochi.com\/fr\/shop\/jeux-educatifs-prescolaires-fr\/carotina-stylo-parlant-fr\/carotina-stylo-parlant-le-grand-jeu-de-vocabulaire-fr\/#primaryimage\"},\"thumbnailUrl\":\"https:\/\/mf.liscianigiochi.it:8443\/media\/FR102327\/67DBDE0D-9F2A-4BFE-9770-AD52DEDD2E52.jpg\",\"datePublished\":\"2024-07-31T07:29:28+00:00\",\"dateModified\":\"2026-04-10T04:20:41+00:00\",\"breadcrumb\":{\"@id\":\"https:\/\/www.liscianigiochi.com\/fr\/shop\/jeux-educatifs-prescolaires-fr\/carotina-stylo-parlant-fr\/carotina-stylo-parlant-le-grand-jeu-de-vocabulaire-fr\/#breadcrumb\"},\"inLanguage\":\"fr-FR\",\"potentialAction\":[{\"@type\":\"ReadAction\",\"target\":[\"https:\/\/www.liscianigiochi.com\/fr\/shop\/jeux-educatifs-prescolaires-fr\/carotina-stylo-parlant-fr\/carotina-stylo-parlant-le-grand-jeu-de-vocabulaire-fr\/\"]}]},{\"@type\":\"ImageObject\",\"inLanguage\":\"fr-FR\",\"@id\":\"https:\/\/www.liscianigiochi.com\/fr\/shop\/jeux-educatifs-prescolaires-fr\/carotina-stylo-parlant-fr\/carotina-stylo-parlant-le-grand-jeu-de-vocabulaire-fr\/#primaryimage\",\"url\":\"https:\/\/mf.liscianigiochi.it:8443\/media\/FR102327\/67DBDE0D-9F2A-4BFE-9770-AD52DEDD2E52.jpg\",\"contentUrl\":\"https:\/\/mf.liscianigiochi.it:8443\/media\/FR102327\/67DBDE0D-9F2A-4BFE-9770-AD52DEDD2E52.jpg\"},{\"@type\":\"BreadcrumbList\",\"@id\":\"https:\/\/www.liscianigiochi.com\/fr\/shop\/jeux-educatifs-prescolaires-fr\/carotina-stylo-parlant-fr\/carotina-stylo-parlant-le-grand-jeu-de-vocabulaire-fr\/#breadcrumb\",\"itemListElement\":[{\"@type\":\"ListItem\",\"position\":1,\"name\":\"Home\",\"item\":\"https:\/\/www.liscianigiochi.com\/\"},{\"@type\":\"ListItem\",\"position\":2,\"name\":\"Boutique\",\"item\":\"https:\/\/lg.udnt.it\/fr\/boutique\/\"},{\"@type\":\"ListItem\",\"position\":3,\"name\":\"Carotina Stylo Parlant Le Grand Jeu De Vocabulaire\"}]},{\"@type\":\"WebSite\",\"@id\":\"https:\/\/www.liscianigiochi.com\/#website\",\"url\":\"https:\/\/www.liscianigiochi.com\/\",\"name\":\"Lisciani Giochi\",\"description\":\"\",\"publisher\":{\"@id\":\"https:\/\/www.liscianigiochi.com\/#organization\"},\"potentialAction\":[{\"@type\":\"SearchAction\",\"target\":{\"@type\":\"EntryPoint\",\"urlTemplate\":\"https:\/\/www.liscianigiochi.com\/?s={search_term_string}\"},\"query-input\":{\"@type\":\"PropertyValueSpecification\",\"valueRequired\":true,\"valueName\":\"search_term_string\"}}],\"inLanguage\":\"fr-FR\"},{\"@type\":\"Organization\",\"@id\":\"https:\/\/www.liscianigiochi.com\/#organization\",\"name\":\"Lisciani Giochi\",\"url\":\"https:\/\/www.liscianigiochi.com\/\",\"logo\":{\"@type\":\"ImageObject\",\"inLanguage\":\"fr-FR\",\"@id\":\"https:\/\/www.liscianigiochi.com\/#\/schema\/logo\/image\/\",\"url\":\"https:\/\/www.liscianigiochi.com\/wp-content\/uploads\/2023\/10\/Logo@2x.png\",\"contentUrl\":\"https:\/\/www.liscianigiochi.com\/wp-content\/uploads\/2023\/10\/Logo@2x.png\",\"width\":384,\"height\":384,\"caption\":\"Lisciani Giochi\"},\"image\":{\"@id\":\"https:\/\/www.liscianigiochi.com\/#\/schema\/logo\/image\/\"},\"sameAs\":[\"https:\/\/www.facebook.com\/liscianigroup\",\"https:\/\/www.instagram.com\/liscianigiochi\/\"]}]}<\/script>\n<!-- \/ Yoast SEO plugin. -->","yoast_head_json":{"title":"Carotina Stylo Parlant Le Grand Jeu De Vocabulaire - Lisciani Giochi","robots":{"index":"index","follow":"follow","max-snippet":"max-snippet:-1","max-image-preview":"max-image-preview:large","max-video-preview":"max-video-preview:-1"},"canonical":"https:\/\/www.liscianigiochi.com\/fr\/shop\/jeux-educatifs-prescolaires-fr\/carotina-stylo-parlant-fr\/carotina-stylo-parlant-le-grand-jeu-de-vocabulaire-fr\/","og_locale":"fr_FR","og_type":"article","og_title":"Carotina Stylo Parlant Le Grand Jeu De Vocabulaire - Lisciani Giochi","og_description":"Joue avec les fiches interactives et avec les lettres\u00a0!","og_url":"https:\/\/www.liscianigiochi.com\/fr\/shop\/jeux-educatifs-prescolaires-fr\/carotina-stylo-parlant-fr\/carotina-stylo-parlant-le-grand-jeu-de-vocabulaire-fr\/","og_site_name":"Lisciani Giochi","article_publisher":"https:\/\/www.facebook.com\/liscianigroup","article_modified_time":"2026-04-10T04:20:41+00:00","og_image":[{"url":"https:\/\/mf.liscianigiochi.it:8443\/media\/FR102327\/67DBDE0D-9F2A-4BFE-9770-AD52DEDD2E52.jpg","type":"","width":"","height":""}],"twitter_card":"summary_large_image","twitter_image":"https:\/\/mf.liscianigiochi.it:8443\/media\/FR102327\/67DBDE0D-9F2A-4BFE-9770-AD52DEDD2E52.jpg","schema":{"@context":"https:\/\/schema.org","@graph":[{"@type":"WebPage","@id":"https:\/\/www.liscianigiochi.com\/fr\/shop\/jeux-educatifs-prescolaires-fr\/carotina-stylo-parlant-fr\/carotina-stylo-parlant-le-grand-jeu-de-vocabulaire-fr\/","url":"https:\/\/www.liscianigiochi.com\/fr\/shop\/jeux-educatifs-prescolaires-fr\/carotina-stylo-parlant-fr\/carotina-stylo-parlant-le-grand-jeu-de-vocabulaire-fr\/","name":"Carotina Stylo Parlant Le Grand Jeu De Vocabulaire - Lisciani Giochi","isPartOf":{"@id":"https:\/\/www.liscianigiochi.com\/#website"},"primaryImageOfPage":{"@id":"https:\/\/www.liscianigiochi.com\/fr\/shop\/jeux-educatifs-prescolaires-fr\/carotina-stylo-parlant-fr\/carotina-stylo-parlant-le-grand-jeu-de-vocabulaire-fr\/#primaryimage"},"image":{"@id":"https:\/\/www.liscianigiochi.com\/fr\/shop\/jeux-educatifs-prescolaires-fr\/carotina-stylo-parlant-fr\/carotina-stylo-parlant-le-grand-jeu-de-vocabulaire-fr\/#primaryimage"},"thumbnailUrl":"https:\/\/mf.liscianigiochi.it:8443\/media\/FR102327\/67DBDE0D-9F2A-4BFE-9770-AD52DEDD2E52.jpg","datePublished":"2024-07-31T07:29:28+00:00","dateModified":"2026-04-10T04:20:41+00:00","breadcrumb":{"@id":"https:\/\/www.liscianigiochi.com\/fr\/shop\/jeux-educatifs-prescolaires-fr\/carotina-stylo-parlant-fr\/carotina-stylo-parlant-le-grand-jeu-de-vocabulaire-fr\/#breadcrumb"},"inLanguage":"fr-FR","potentialAction":[{"@type":"ReadAction","target":["https:\/\/www.liscianigiochi.com\/fr\/shop\/jeux-educatifs-prescolaires-fr\/carotina-stylo-parlant-fr\/carotina-stylo-parlant-le-grand-jeu-de-vocabulaire-fr\/"]}]},{"@type":"ImageObject","inLanguage":"fr-FR","@id":"https:\/\/www.liscianigiochi.com\/fr\/shop\/jeux-educatifs-prescolaires-fr\/carotina-stylo-parlant-fr\/carotina-stylo-parlant-le-grand-jeu-de-vocabulaire-fr\/#primaryimage","url":"https:\/\/mf.liscianigiochi.it:8443\/media\/FR102327\/67DBDE0D-9F2A-4BFE-9770-AD52DEDD2E52.jpg","contentUrl":"https:\/\/mf.liscianigiochi.it:8443\/media\/FR102327\/67DBDE0D-9F2A-4BFE-9770-AD52DEDD2E52.jpg"},{"@type":"BreadcrumbList","@id":"https:\/\/www.liscianigiochi.com\/fr\/shop\/jeux-educatifs-prescolaires-fr\/carotina-stylo-parlant-fr\/carotina-stylo-parlant-le-grand-jeu-de-vocabulaire-fr\/#breadcrumb","itemListElement":[{"@type":"ListItem","position":1,"name":"Home","item":"https:\/\/www.liscianigiochi.com\/"},{"@type":"ListItem","position":2,"name":"Boutique","item":"https:\/\/lg.udnt.it\/fr\/boutique\/"},{"@type":"ListItem","position":3,"name":"Carotina Stylo Parlant Le Grand Jeu De Vocabulaire"}]},{"@type":"WebSite","@id":"https:\/\/www.liscianigiochi.com\/#website","url":"https:\/\/www.liscianigiochi.com\/","name":"Lisciani Giochi","description":"","publisher":{"@id":"https:\/\/www.liscianigiochi.com\/#organization"},"potentialAction":[{"@type":"SearchAction","target":{"@type":"EntryPoint","urlTemplate":"https:\/\/www.liscianigiochi.com\/?s={search_term_string}"},"query-input":{"@type":"PropertyValueSpecification","valueRequired":true,"valueName":"search_term_string"}}],"inLanguage":"fr-FR"},{"@type":"Organization","@id":"https:\/\/www.liscianigiochi.com\/#organization","name":"Lisciani Giochi","url":"https:\/\/www.liscianigiochi.com\/","logo":{"@type":"ImageObject","inLanguage":"fr-FR","@id":"https:\/\/www.liscianigiochi.com\/#\/schema\/logo\/image\/","url":"https:\/\/www.liscianigiochi.com\/wp-content\/uploads\/2023\/10\/Logo@2x.png","contentUrl":"https:\/\/www.liscianigiochi.com\/wp-content\/uploads\/2023\/10\/Logo@2x.png","width":384,"height":384,"caption":"Lisciani Giochi"},"image":{"@id":"https:\/\/www.liscianigiochi.com\/#\/schema\/logo\/image\/"},"sameAs":["https:\/\/www.facebook.com\/liscianigroup","https:\/\/www.instagram.com\/liscianigiochi\/"]}]}},"fifu_image_url":"https:\/\/mf.liscianigiochi.it:8443\/media\/FR102327\/67DBDE0D-9F2A-4BFE-9770-AD52DEDD2E52.jpg","_links":{"self":[{"href":"https:\/\/www.liscianigiochi.com\/fr\/wp-json\/wp\/v2\/product\/711157","targetHints":{"allow":["GET"]}}],"collection":[{"href":"https:\/\/www.liscianigiochi.com\/fr\/wp-json\/wp\/v2\/product"}],"about":[{"href":"https:\/\/www.liscianigiochi.com\/fr\/wp-json\/wp\/v2\/types\/product"}],"wp:featuredmedia":[{"embeddable":true,"href":"https:\/\/www.liscianigiochi.com\/fr\/wp-json\/wp\/v2\/media\/1074669"}],"wp:attachment":[{"href":"https:\/\/www.liscianigiochi.com\/fr\/wp-json\/wp\/v2\/media?parent=711157"}],"wp:term":[{"taxonomy":"product_brand","embeddable":true,"href":"https:\/\/www.liscianigiochi.com\/fr\/wp-json\/wp\/v2\/product_brand?post=711157"},{"taxonomy":"product_cat","embeddable":true,"href":"https:\/\/www.liscianigiochi.com\/fr\/wp-json\/wp\/v2\/product_cat?post=711157"},{"taxonomy":"product_tag","embeddable":true,"href":"https:\/\/www.liscianigiochi.com\/fr\/wp-json\/wp\/v2\/product_tag?post=711157"}],"curies":[{"name":"wp","href":"https:\/\/api.w.org\/{rel}","templated":true}]}}