{"id":711311,"date":"2024-07-31T09:30:48","date_gmt":"2024-07-31T07:30:48","guid":{"rendered":"https:\/\/www.liscianigiochi.com\/shop\/uncategorized\/vive-le-corps-human-fr\/"},"modified":"2026-04-03T06:20:37","modified_gmt":"2026-04-03T04:20:37","slug":"im-a-genius-talent-school-vive-le-corps-humain-fr","status":"publish","type":"product","link":"https:\/\/www.liscianigiochi.com\/fr\/shop\/jeux-educatifs-kids-fr\/talent-school-fr\/im-a-genius-talent-school-vive-le-corps-humain-fr\/","title":{"rendered":"I&#8217;m A Genius Talent School Vive Le Corps Humain"},"content":{"rendered":"<p>Vive le corps humain est un jeu \u00e0 quiz amusant et \u00e9ducatif bas\u00e9 sur les programmes de sciences de l&#8217;\u00e9cole primaire. Les concurrents avancent sur le tableau en r\u00e9pondant \u00e0 de simples quiz et aux \u02c2\u02c2 mini- jeux \u02c3\u02c3 d&#8217;anatomie. Gr\u00e2ce \u00e0 trois niveaux de jeux class\u00e9s par difficult\u00e9, m\u00eame les enfants les plus jeunes pourront s&#8217;amuser et apprendre.<\/p>\n","protected":false},"excerpt":{"rendered":"<p>Quiz bas\u00e9s sur les programmes de l&#8217;\u00e9cole primaire<\/p>\n","protected":false},"featured_media":1670229,"template":"","meta":{"_acf_changed":false},"product_brand":[],"product_cat":[2832,2845],"product_tag":[3061,3064,3066,3057,3072],"class_list":{"0":"post-711311","1":"product","2":"type-product","3":"status-publish","4":"has-post-thumbnail","6":"product_cat-jeux-educatifs-kids-fr","7":"product_cat-talent-school-fr","8":"product_tag-5-6-ans-fr","9":"product_tag-7-8-ans-fr","10":"product_tag-9-ans-fr","11":"product_tag-im-a-genius-fr","12":"product_tag-prodotto-lisciani-fr","14":"first","15":"instock","16":"shipping-taxable","17":"product-type-simple"},"acf":[],"yoast_head":"<!-- This site is optimized with the Yoast SEO plugin v26.5 - https:\/\/yoast.com\/wordpress\/plugins\/seo\/ -->\n<title>I&#039;m A Genius Talent School Vive Le Corps Humain - Lisciani Giochi<\/title>\n<meta name=\"robots\" content=\"index, follow, max-snippet:-1, max-image-preview:large, max-video-preview:-1\" \/>\n<link rel=\"canonical\" href=\"https:\/\/www.liscianigiochi.com\/fr\/shop\/jeux-educatifs-kids-fr\/talent-school-fr\/im-a-genius-talent-school-vive-le-corps-humain-fr\/\" \/>\n<meta property=\"og:locale\" content=\"fr_FR\" \/>\n<meta property=\"og:type\" content=\"article\" \/>\n<meta property=\"og:title\" content=\"I&#039;m A Genius Talent School Vive Le Corps Humain - Lisciani Giochi\" \/>\n<meta property=\"og:description\" content=\"Quiz bas\u00e9s sur les programmes de l&#039;\u00e9cole primaire\" \/>\n<meta property=\"og:url\" content=\"https:\/\/www.liscianigiochi.com\/fr\/shop\/jeux-educatifs-kids-fr\/talent-school-fr\/im-a-genius-talent-school-vive-le-corps-humain-fr\/\" \/>\n<meta property=\"og:site_name\" content=\"Lisciani Giochi\" \/>\n<meta property=\"article:publisher\" content=\"https:\/\/www.facebook.com\/liscianigroup\" \/>\n<meta property=\"article:modified_time\" content=\"2026-04-03T04:20:37+00:00\" \/>\n<meta property=\"og:image\" content=\"https:\/\/mf.liscianigiochi.it:8443\/media\/FR48915\/A3570A41-9929-47A4-A7A4-6A3ADD30B416.jpg\" \/>\n<meta name=\"twitter:card\" content=\"summary_large_image\" \/>\n<meta name=\"twitter:image\" content=\"https:\/\/mf.liscianigiochi.it:8443\/media\/FR48915\/A3570A41-9929-47A4-A7A4-6A3ADD30B416.jpg\" \/>\n<script type=\"application\/ld+json\" class=\"yoast-schema-graph\">{\"@context\":\"https:\/\/schema.org\",\"@graph\":[{\"@type\":\"WebPage\",\"@id\":\"https:\/\/www.liscianigiochi.com\/fr\/shop\/jeux-educatifs-kids-fr\/talent-school-fr\/im-a-genius-talent-school-vive-le-corps-humain-fr\/\",\"url\":\"https:\/\/www.liscianigiochi.com\/fr\/shop\/jeux-educatifs-kids-fr\/talent-school-fr\/im-a-genius-talent-school-vive-le-corps-humain-fr\/\",\"name\":\"I'm A Genius Talent School Vive Le Corps Humain - Lisciani Giochi\",\"isPartOf\":{\"@id\":\"https:\/\/www.liscianigiochi.com\/#website\"},\"primaryImageOfPage\":{\"@id\":\"https:\/\/www.liscianigiochi.com\/fr\/shop\/jeux-educatifs-kids-fr\/talent-school-fr\/im-a-genius-talent-school-vive-le-corps-humain-fr\/#primaryimage\"},\"image\":{\"@id\":\"https:\/\/www.liscianigiochi.com\/fr\/shop\/jeux-educatifs-kids-fr\/talent-school-fr\/im-a-genius-talent-school-vive-le-corps-humain-fr\/#primaryimage\"},\"thumbnailUrl\":\"https:\/\/mf.liscianigiochi.it:8443\/media\/FR48915\/A3570A41-9929-47A4-A7A4-6A3ADD30B416.jpg\",\"datePublished\":\"2024-07-31T07:30:48+00:00\",\"dateModified\":\"2026-04-03T04:20:37+00:00\",\"breadcrumb\":{\"@id\":\"https:\/\/www.liscianigiochi.com\/fr\/shop\/jeux-educatifs-kids-fr\/talent-school-fr\/im-a-genius-talent-school-vive-le-corps-humain-fr\/#breadcrumb\"},\"inLanguage\":\"fr-FR\",\"potentialAction\":[{\"@type\":\"ReadAction\",\"target\":[\"https:\/\/www.liscianigiochi.com\/fr\/shop\/jeux-educatifs-kids-fr\/talent-school-fr\/im-a-genius-talent-school-vive-le-corps-humain-fr\/\"]}]},{\"@type\":\"ImageObject\",\"inLanguage\":\"fr-FR\",\"@id\":\"https:\/\/www.liscianigiochi.com\/fr\/shop\/jeux-educatifs-kids-fr\/talent-school-fr\/im-a-genius-talent-school-vive-le-corps-humain-fr\/#primaryimage\",\"url\":\"https:\/\/mf.liscianigiochi.it:8443\/media\/FR48915\/A3570A41-9929-47A4-A7A4-6A3ADD30B416.jpg\",\"contentUrl\":\"https:\/\/mf.liscianigiochi.it:8443\/media\/FR48915\/A3570A41-9929-47A4-A7A4-6A3ADD30B416.jpg\"},{\"@type\":\"BreadcrumbList\",\"@id\":\"https:\/\/www.liscianigiochi.com\/fr\/shop\/jeux-educatifs-kids-fr\/talent-school-fr\/im-a-genius-talent-school-vive-le-corps-humain-fr\/#breadcrumb\",\"itemListElement\":[{\"@type\":\"ListItem\",\"position\":1,\"name\":\"Home\",\"item\":\"https:\/\/www.liscianigiochi.com\/\"},{\"@type\":\"ListItem\",\"position\":2,\"name\":\"Boutique\",\"item\":\"https:\/\/lg.udnt.it\/fr\/boutique\/\"},{\"@type\":\"ListItem\",\"position\":3,\"name\":\"I&#8217;m A Genius Talent School Vive Le Corps Humain\"}]},{\"@type\":\"WebSite\",\"@id\":\"https:\/\/www.liscianigiochi.com\/#website\",\"url\":\"https:\/\/www.liscianigiochi.com\/\",\"name\":\"Lisciani Giochi\",\"description\":\"\",\"publisher\":{\"@id\":\"https:\/\/www.liscianigiochi.com\/#organization\"},\"potentialAction\":[{\"@type\":\"SearchAction\",\"target\":{\"@type\":\"EntryPoint\",\"urlTemplate\":\"https:\/\/www.liscianigiochi.com\/?s={search_term_string}\"},\"query-input\":{\"@type\":\"PropertyValueSpecification\",\"valueRequired\":true,\"valueName\":\"search_term_string\"}}],\"inLanguage\":\"fr-FR\"},{\"@type\":\"Organization\",\"@id\":\"https:\/\/www.liscianigiochi.com\/#organization\",\"name\":\"Lisciani Giochi\",\"url\":\"https:\/\/www.liscianigiochi.com\/\",\"logo\":{\"@type\":\"ImageObject\",\"inLanguage\":\"fr-FR\",\"@id\":\"https:\/\/www.liscianigiochi.com\/#\/schema\/logo\/image\/\",\"url\":\"https:\/\/www.liscianigiochi.com\/wp-content\/uploads\/2023\/10\/Logo@2x.png\",\"contentUrl\":\"https:\/\/www.liscianigiochi.com\/wp-content\/uploads\/2023\/10\/Logo@2x.png\",\"width\":384,\"height\":384,\"caption\":\"Lisciani Giochi\"},\"image\":{\"@id\":\"https:\/\/www.liscianigiochi.com\/#\/schema\/logo\/image\/\"},\"sameAs\":[\"https:\/\/www.facebook.com\/liscianigroup\",\"https:\/\/www.instagram.com\/liscianigiochi\/\"]}]}<\/script>\n<!-- \/ Yoast SEO plugin. -->","yoast_head_json":{"title":"I'm A Genius Talent School Vive Le Corps Humain - Lisciani Giochi","robots":{"index":"index","follow":"follow","max-snippet":"max-snippet:-1","max-image-preview":"max-image-preview:large","max-video-preview":"max-video-preview:-1"},"canonical":"https:\/\/www.liscianigiochi.com\/fr\/shop\/jeux-educatifs-kids-fr\/talent-school-fr\/im-a-genius-talent-school-vive-le-corps-humain-fr\/","og_locale":"fr_FR","og_type":"article","og_title":"I'm A Genius Talent School Vive Le Corps Humain - Lisciani Giochi","og_description":"Quiz bas\u00e9s sur les programmes de l'\u00e9cole primaire","og_url":"https:\/\/www.liscianigiochi.com\/fr\/shop\/jeux-educatifs-kids-fr\/talent-school-fr\/im-a-genius-talent-school-vive-le-corps-humain-fr\/","og_site_name":"Lisciani Giochi","article_publisher":"https:\/\/www.facebook.com\/liscianigroup","article_modified_time":"2026-04-03T04:20:37+00:00","og_image":[{"url":"https:\/\/mf.liscianigiochi.it:8443\/media\/FR48915\/A3570A41-9929-47A4-A7A4-6A3ADD30B416.jpg","type":"","width":"","height":""}],"twitter_card":"summary_large_image","twitter_image":"https:\/\/mf.liscianigiochi.it:8443\/media\/FR48915\/A3570A41-9929-47A4-A7A4-6A3ADD30B416.jpg","schema":{"@context":"https:\/\/schema.org","@graph":[{"@type":"WebPage","@id":"https:\/\/www.liscianigiochi.com\/fr\/shop\/jeux-educatifs-kids-fr\/talent-school-fr\/im-a-genius-talent-school-vive-le-corps-humain-fr\/","url":"https:\/\/www.liscianigiochi.com\/fr\/shop\/jeux-educatifs-kids-fr\/talent-school-fr\/im-a-genius-talent-school-vive-le-corps-humain-fr\/","name":"I'm A Genius Talent School Vive Le Corps Humain - Lisciani Giochi","isPartOf":{"@id":"https:\/\/www.liscianigiochi.com\/#website"},"primaryImageOfPage":{"@id":"https:\/\/www.liscianigiochi.com\/fr\/shop\/jeux-educatifs-kids-fr\/talent-school-fr\/im-a-genius-talent-school-vive-le-corps-humain-fr\/#primaryimage"},"image":{"@id":"https:\/\/www.liscianigiochi.com\/fr\/shop\/jeux-educatifs-kids-fr\/talent-school-fr\/im-a-genius-talent-school-vive-le-corps-humain-fr\/#primaryimage"},"thumbnailUrl":"https:\/\/mf.liscianigiochi.it:8443\/media\/FR48915\/A3570A41-9929-47A4-A7A4-6A3ADD30B416.jpg","datePublished":"2024-07-31T07:30:48+00:00","dateModified":"2026-04-03T04:20:37+00:00","breadcrumb":{"@id":"https:\/\/www.liscianigiochi.com\/fr\/shop\/jeux-educatifs-kids-fr\/talent-school-fr\/im-a-genius-talent-school-vive-le-corps-humain-fr\/#breadcrumb"},"inLanguage":"fr-FR","potentialAction":[{"@type":"ReadAction","target":["https:\/\/www.liscianigiochi.com\/fr\/shop\/jeux-educatifs-kids-fr\/talent-school-fr\/im-a-genius-talent-school-vive-le-corps-humain-fr\/"]}]},{"@type":"ImageObject","inLanguage":"fr-FR","@id":"https:\/\/www.liscianigiochi.com\/fr\/shop\/jeux-educatifs-kids-fr\/talent-school-fr\/im-a-genius-talent-school-vive-le-corps-humain-fr\/#primaryimage","url":"https:\/\/mf.liscianigiochi.it:8443\/media\/FR48915\/A3570A41-9929-47A4-A7A4-6A3ADD30B416.jpg","contentUrl":"https:\/\/mf.liscianigiochi.it:8443\/media\/FR48915\/A3570A41-9929-47A4-A7A4-6A3ADD30B416.jpg"},{"@type":"BreadcrumbList","@id":"https:\/\/www.liscianigiochi.com\/fr\/shop\/jeux-educatifs-kids-fr\/talent-school-fr\/im-a-genius-talent-school-vive-le-corps-humain-fr\/#breadcrumb","itemListElement":[{"@type":"ListItem","position":1,"name":"Home","item":"https:\/\/www.liscianigiochi.com\/"},{"@type":"ListItem","position":2,"name":"Boutique","item":"https:\/\/lg.udnt.it\/fr\/boutique\/"},{"@type":"ListItem","position":3,"name":"I&#8217;m A Genius Talent School Vive Le Corps Humain"}]},{"@type":"WebSite","@id":"https:\/\/www.liscianigiochi.com\/#website","url":"https:\/\/www.liscianigiochi.com\/","name":"Lisciani Giochi","description":"","publisher":{"@id":"https:\/\/www.liscianigiochi.com\/#organization"},"potentialAction":[{"@type":"SearchAction","target":{"@type":"EntryPoint","urlTemplate":"https:\/\/www.liscianigiochi.com\/?s={search_term_string}"},"query-input":{"@type":"PropertyValueSpecification","valueRequired":true,"valueName":"search_term_string"}}],"inLanguage":"fr-FR"},{"@type":"Organization","@id":"https:\/\/www.liscianigiochi.com\/#organization","name":"Lisciani Giochi","url":"https:\/\/www.liscianigiochi.com\/","logo":{"@type":"ImageObject","inLanguage":"fr-FR","@id":"https:\/\/www.liscianigiochi.com\/#\/schema\/logo\/image\/","url":"https:\/\/www.liscianigiochi.com\/wp-content\/uploads\/2023\/10\/Logo@2x.png","contentUrl":"https:\/\/www.liscianigiochi.com\/wp-content\/uploads\/2023\/10\/Logo@2x.png","width":384,"height":384,"caption":"Lisciani Giochi"},"image":{"@id":"https:\/\/www.liscianigiochi.com\/#\/schema\/logo\/image\/"},"sameAs":["https:\/\/www.facebook.com\/liscianigroup","https:\/\/www.instagram.com\/liscianigiochi\/"]}]}},"fifu_image_url":"https:\/\/mf.liscianigiochi.it:8443\/media\/FR48915\/A3570A41-9929-47A4-A7A4-6A3ADD30B416.jpg","_links":{"self":[{"href":"https:\/\/www.liscianigiochi.com\/fr\/wp-json\/wp\/v2\/product\/711311","targetHints":{"allow":["GET"]}}],"collection":[{"href":"https:\/\/www.liscianigiochi.com\/fr\/wp-json\/wp\/v2\/product"}],"about":[{"href":"https:\/\/www.liscianigiochi.com\/fr\/wp-json\/wp\/v2\/types\/product"}],"wp:featuredmedia":[{"embeddable":true,"href":"https:\/\/www.liscianigiochi.com\/fr\/wp-json\/wp\/v2\/media\/1670229"}],"wp:attachment":[{"href":"https:\/\/www.liscianigiochi.com\/fr\/wp-json\/wp\/v2\/media?parent=711311"}],"wp:term":[{"taxonomy":"product_brand","embeddable":true,"href":"https:\/\/www.liscianigiochi.com\/fr\/wp-json\/wp\/v2\/product_brand?post=711311"},{"taxonomy":"product_cat","embeddable":true,"href":"https:\/\/www.liscianigiochi.com\/fr\/wp-json\/wp\/v2\/product_cat?post=711311"},{"taxonomy":"product_tag","embeddable":true,"href":"https:\/\/www.liscianigiochi.com\/fr\/wp-json\/wp\/v2\/product_tag?post=711311"}],"curies":[{"name":"wp","href":"https:\/\/api.w.org\/{rel}","templated":true}]}}