{"id":711465,"date":"2024-07-31T09:32:28","date_gmt":"2024-07-31T07:32:28","guid":{"rendered":"https:\/\/www.liscianigiochi.com\/shop\/uncategorized\/carotina-abc-et-premier-mots-fr\/"},"modified":"2026-04-10T06:20:56","modified_gmt":"2026-04-10T04:20:56","slug":"carotina-abc-et-premier-mots-fr","status":"publish","type":"product","link":"https:\/\/www.liscianigiochi.com\/fr\/shop\/jeux-educatifs-prescolaires-fr\/carotina-stylo-parlant-fr\/carotina-abc-et-premier-mots-fr\/","title":{"rendered":"Carotina Abc Et Premier Mots"},"content":{"rendered":"<p>Un excellent ab\u00e9c\u00e9daire interactif pour apprendre l&#8217;alphabet et d\u00e9couvrir plein de petits mots ! Plein de quiz p\u00e9dagogiques pour pratiquer la logique et enrichir le vocabulaire en compagnie du b\u00e9b\u00e9 carotte parlant et lumineux !<\/p>\n","protected":false},"excerpt":{"rendered":"<p>avec le stylo de Carotina parlant et lumineux <\/p>\n","protected":false},"featured_media":1587648,"template":"","meta":{"_acf_changed":false},"product_brand":[],"product_cat":[2838,2831],"product_tag":[3059,3061,3054,3072],"class_list":{"0":"post-711465","1":"product","2":"type-product","3":"status-publish","4":"has-post-thumbnail","6":"product_cat-carotina-stylo-parlant-fr","7":"product_cat-jeux-educatifs-prescolaires-fr","8":"product_tag-3-4-ans-fr","9":"product_tag-5-6-ans-fr","10":"product_tag-carotina-super-bip-fr","11":"product_tag-prodotto-lisciani-fr","13":"first","14":"instock","15":"shipping-taxable","16":"product-type-simple"},"acf":[],"yoast_head":"<!-- This site is optimized with the Yoast SEO plugin v26.5 - https:\/\/yoast.com\/wordpress\/plugins\/seo\/ -->\n<title>Carotina Abc Et Premier Mots - Lisciani Giochi<\/title>\n<meta name=\"robots\" content=\"index, follow, max-snippet:-1, max-image-preview:large, max-video-preview:-1\" \/>\n<link rel=\"canonical\" href=\"https:\/\/www.liscianigiochi.com\/fr\/shop\/jeux-educatifs-prescolaires-fr\/carotina-stylo-parlant-fr\/carotina-abc-et-premier-mots-fr\/\" \/>\n<meta property=\"og:locale\" content=\"fr_FR\" \/>\n<meta property=\"og:type\" content=\"article\" \/>\n<meta property=\"og:title\" content=\"Carotina Abc Et Premier Mots - Lisciani Giochi\" \/>\n<meta property=\"og:description\" content=\"avec le stylo de Carotina parlant et lumineux\" \/>\n<meta property=\"og:url\" content=\"https:\/\/www.liscianigiochi.com\/fr\/shop\/jeux-educatifs-prescolaires-fr\/carotina-stylo-parlant-fr\/carotina-abc-et-premier-mots-fr\/\" \/>\n<meta property=\"og:site_name\" content=\"Lisciani Giochi\" \/>\n<meta property=\"article:publisher\" content=\"https:\/\/www.facebook.com\/liscianigroup\" \/>\n<meta property=\"article:modified_time\" content=\"2026-04-10T04:20:56+00:00\" \/>\n<meta property=\"og:image\" content=\"https:\/\/mf.liscianigiochi.it:8443\/media\/FR92659\/888DF0DC-3E3E-4065-A598-4A674D21C933.jpg\" \/>\n<meta name=\"twitter:card\" content=\"summary_large_image\" \/>\n<meta name=\"twitter:image\" content=\"https:\/\/mf.liscianigiochi.it:8443\/media\/FR92659\/888DF0DC-3E3E-4065-A598-4A674D21C933.jpg\" \/>\n<script type=\"application\/ld+json\" class=\"yoast-schema-graph\">{\"@context\":\"https:\/\/schema.org\",\"@graph\":[{\"@type\":\"WebPage\",\"@id\":\"https:\/\/www.liscianigiochi.com\/fr\/shop\/jeux-educatifs-prescolaires-fr\/carotina-stylo-parlant-fr\/carotina-abc-et-premier-mots-fr\/\",\"url\":\"https:\/\/www.liscianigiochi.com\/fr\/shop\/jeux-educatifs-prescolaires-fr\/carotina-stylo-parlant-fr\/carotina-abc-et-premier-mots-fr\/\",\"name\":\"Carotina Abc Et Premier Mots - Lisciani Giochi\",\"isPartOf\":{\"@id\":\"https:\/\/www.liscianigiochi.com\/#website\"},\"primaryImageOfPage\":{\"@id\":\"https:\/\/www.liscianigiochi.com\/fr\/shop\/jeux-educatifs-prescolaires-fr\/carotina-stylo-parlant-fr\/carotina-abc-et-premier-mots-fr\/#primaryimage\"},\"image\":{\"@id\":\"https:\/\/www.liscianigiochi.com\/fr\/shop\/jeux-educatifs-prescolaires-fr\/carotina-stylo-parlant-fr\/carotina-abc-et-premier-mots-fr\/#primaryimage\"},\"thumbnailUrl\":\"https:\/\/mf.liscianigiochi.it:8443\/media\/FR92659\/888DF0DC-3E3E-4065-A598-4A674D21C933.jpg\",\"datePublished\":\"2024-07-31T07:32:28+00:00\",\"dateModified\":\"2026-04-10T04:20:56+00:00\",\"breadcrumb\":{\"@id\":\"https:\/\/www.liscianigiochi.com\/fr\/shop\/jeux-educatifs-prescolaires-fr\/carotina-stylo-parlant-fr\/carotina-abc-et-premier-mots-fr\/#breadcrumb\"},\"inLanguage\":\"fr-FR\",\"potentialAction\":[{\"@type\":\"ReadAction\",\"target\":[\"https:\/\/www.liscianigiochi.com\/fr\/shop\/jeux-educatifs-prescolaires-fr\/carotina-stylo-parlant-fr\/carotina-abc-et-premier-mots-fr\/\"]}]},{\"@type\":\"ImageObject\",\"inLanguage\":\"fr-FR\",\"@id\":\"https:\/\/www.liscianigiochi.com\/fr\/shop\/jeux-educatifs-prescolaires-fr\/carotina-stylo-parlant-fr\/carotina-abc-et-premier-mots-fr\/#primaryimage\",\"url\":\"https:\/\/mf.liscianigiochi.it:8443\/media\/FR92659\/888DF0DC-3E3E-4065-A598-4A674D21C933.jpg\",\"contentUrl\":\"https:\/\/mf.liscianigiochi.it:8443\/media\/FR92659\/888DF0DC-3E3E-4065-A598-4A674D21C933.jpg\"},{\"@type\":\"BreadcrumbList\",\"@id\":\"https:\/\/www.liscianigiochi.com\/fr\/shop\/jeux-educatifs-prescolaires-fr\/carotina-stylo-parlant-fr\/carotina-abc-et-premier-mots-fr\/#breadcrumb\",\"itemListElement\":[{\"@type\":\"ListItem\",\"position\":1,\"name\":\"Home\",\"item\":\"https:\/\/www.liscianigiochi.com\/\"},{\"@type\":\"ListItem\",\"position\":2,\"name\":\"Boutique\",\"item\":\"https:\/\/lg.udnt.it\/fr\/boutique\/\"},{\"@type\":\"ListItem\",\"position\":3,\"name\":\"Carotina Abc Et Premier Mots\"}]},{\"@type\":\"WebSite\",\"@id\":\"https:\/\/www.liscianigiochi.com\/#website\",\"url\":\"https:\/\/www.liscianigiochi.com\/\",\"name\":\"Lisciani Giochi\",\"description\":\"\",\"publisher\":{\"@id\":\"https:\/\/www.liscianigiochi.com\/#organization\"},\"potentialAction\":[{\"@type\":\"SearchAction\",\"target\":{\"@type\":\"EntryPoint\",\"urlTemplate\":\"https:\/\/www.liscianigiochi.com\/?s={search_term_string}\"},\"query-input\":{\"@type\":\"PropertyValueSpecification\",\"valueRequired\":true,\"valueName\":\"search_term_string\"}}],\"inLanguage\":\"fr-FR\"},{\"@type\":\"Organization\",\"@id\":\"https:\/\/www.liscianigiochi.com\/#organization\",\"name\":\"Lisciani Giochi\",\"url\":\"https:\/\/www.liscianigiochi.com\/\",\"logo\":{\"@type\":\"ImageObject\",\"inLanguage\":\"fr-FR\",\"@id\":\"https:\/\/www.liscianigiochi.com\/#\/schema\/logo\/image\/\",\"url\":\"https:\/\/www.liscianigiochi.com\/wp-content\/uploads\/2023\/10\/Logo@2x.png\",\"contentUrl\":\"https:\/\/www.liscianigiochi.com\/wp-content\/uploads\/2023\/10\/Logo@2x.png\",\"width\":384,\"height\":384,\"caption\":\"Lisciani Giochi\"},\"image\":{\"@id\":\"https:\/\/www.liscianigiochi.com\/#\/schema\/logo\/image\/\"},\"sameAs\":[\"https:\/\/www.facebook.com\/liscianigroup\",\"https:\/\/www.instagram.com\/liscianigiochi\/\"]}]}<\/script>\n<!-- \/ Yoast SEO plugin. -->","yoast_head_json":{"title":"Carotina Abc Et Premier Mots - Lisciani Giochi","robots":{"index":"index","follow":"follow","max-snippet":"max-snippet:-1","max-image-preview":"max-image-preview:large","max-video-preview":"max-video-preview:-1"},"canonical":"https:\/\/www.liscianigiochi.com\/fr\/shop\/jeux-educatifs-prescolaires-fr\/carotina-stylo-parlant-fr\/carotina-abc-et-premier-mots-fr\/","og_locale":"fr_FR","og_type":"article","og_title":"Carotina Abc Et Premier Mots - Lisciani Giochi","og_description":"avec le stylo de Carotina parlant et lumineux","og_url":"https:\/\/www.liscianigiochi.com\/fr\/shop\/jeux-educatifs-prescolaires-fr\/carotina-stylo-parlant-fr\/carotina-abc-et-premier-mots-fr\/","og_site_name":"Lisciani Giochi","article_publisher":"https:\/\/www.facebook.com\/liscianigroup","article_modified_time":"2026-04-10T04:20:56+00:00","og_image":[{"url":"https:\/\/mf.liscianigiochi.it:8443\/media\/FR92659\/888DF0DC-3E3E-4065-A598-4A674D21C933.jpg","type":"","width":"","height":""}],"twitter_card":"summary_large_image","twitter_image":"https:\/\/mf.liscianigiochi.it:8443\/media\/FR92659\/888DF0DC-3E3E-4065-A598-4A674D21C933.jpg","schema":{"@context":"https:\/\/schema.org","@graph":[{"@type":"WebPage","@id":"https:\/\/www.liscianigiochi.com\/fr\/shop\/jeux-educatifs-prescolaires-fr\/carotina-stylo-parlant-fr\/carotina-abc-et-premier-mots-fr\/","url":"https:\/\/www.liscianigiochi.com\/fr\/shop\/jeux-educatifs-prescolaires-fr\/carotina-stylo-parlant-fr\/carotina-abc-et-premier-mots-fr\/","name":"Carotina Abc Et Premier Mots - Lisciani Giochi","isPartOf":{"@id":"https:\/\/www.liscianigiochi.com\/#website"},"primaryImageOfPage":{"@id":"https:\/\/www.liscianigiochi.com\/fr\/shop\/jeux-educatifs-prescolaires-fr\/carotina-stylo-parlant-fr\/carotina-abc-et-premier-mots-fr\/#primaryimage"},"image":{"@id":"https:\/\/www.liscianigiochi.com\/fr\/shop\/jeux-educatifs-prescolaires-fr\/carotina-stylo-parlant-fr\/carotina-abc-et-premier-mots-fr\/#primaryimage"},"thumbnailUrl":"https:\/\/mf.liscianigiochi.it:8443\/media\/FR92659\/888DF0DC-3E3E-4065-A598-4A674D21C933.jpg","datePublished":"2024-07-31T07:32:28+00:00","dateModified":"2026-04-10T04:20:56+00:00","breadcrumb":{"@id":"https:\/\/www.liscianigiochi.com\/fr\/shop\/jeux-educatifs-prescolaires-fr\/carotina-stylo-parlant-fr\/carotina-abc-et-premier-mots-fr\/#breadcrumb"},"inLanguage":"fr-FR","potentialAction":[{"@type":"ReadAction","target":["https:\/\/www.liscianigiochi.com\/fr\/shop\/jeux-educatifs-prescolaires-fr\/carotina-stylo-parlant-fr\/carotina-abc-et-premier-mots-fr\/"]}]},{"@type":"ImageObject","inLanguage":"fr-FR","@id":"https:\/\/www.liscianigiochi.com\/fr\/shop\/jeux-educatifs-prescolaires-fr\/carotina-stylo-parlant-fr\/carotina-abc-et-premier-mots-fr\/#primaryimage","url":"https:\/\/mf.liscianigiochi.it:8443\/media\/FR92659\/888DF0DC-3E3E-4065-A598-4A674D21C933.jpg","contentUrl":"https:\/\/mf.liscianigiochi.it:8443\/media\/FR92659\/888DF0DC-3E3E-4065-A598-4A674D21C933.jpg"},{"@type":"BreadcrumbList","@id":"https:\/\/www.liscianigiochi.com\/fr\/shop\/jeux-educatifs-prescolaires-fr\/carotina-stylo-parlant-fr\/carotina-abc-et-premier-mots-fr\/#breadcrumb","itemListElement":[{"@type":"ListItem","position":1,"name":"Home","item":"https:\/\/www.liscianigiochi.com\/"},{"@type":"ListItem","position":2,"name":"Boutique","item":"https:\/\/lg.udnt.it\/fr\/boutique\/"},{"@type":"ListItem","position":3,"name":"Carotina Abc Et Premier Mots"}]},{"@type":"WebSite","@id":"https:\/\/www.liscianigiochi.com\/#website","url":"https:\/\/www.liscianigiochi.com\/","name":"Lisciani Giochi","description":"","publisher":{"@id":"https:\/\/www.liscianigiochi.com\/#organization"},"potentialAction":[{"@type":"SearchAction","target":{"@type":"EntryPoint","urlTemplate":"https:\/\/www.liscianigiochi.com\/?s={search_term_string}"},"query-input":{"@type":"PropertyValueSpecification","valueRequired":true,"valueName":"search_term_string"}}],"inLanguage":"fr-FR"},{"@type":"Organization","@id":"https:\/\/www.liscianigiochi.com\/#organization","name":"Lisciani Giochi","url":"https:\/\/www.liscianigiochi.com\/","logo":{"@type":"ImageObject","inLanguage":"fr-FR","@id":"https:\/\/www.liscianigiochi.com\/#\/schema\/logo\/image\/","url":"https:\/\/www.liscianigiochi.com\/wp-content\/uploads\/2023\/10\/Logo@2x.png","contentUrl":"https:\/\/www.liscianigiochi.com\/wp-content\/uploads\/2023\/10\/Logo@2x.png","width":384,"height":384,"caption":"Lisciani Giochi"},"image":{"@id":"https:\/\/www.liscianigiochi.com\/#\/schema\/logo\/image\/"},"sameAs":["https:\/\/www.facebook.com\/liscianigroup","https:\/\/www.instagram.com\/liscianigiochi\/"]}]}},"fifu_image_url":"https:\/\/mf.liscianigiochi.it:8443\/media\/FR92659\/888DF0DC-3E3E-4065-A598-4A674D21C933.jpg","_links":{"self":[{"href":"https:\/\/www.liscianigiochi.com\/fr\/wp-json\/wp\/v2\/product\/711465","targetHints":{"allow":["GET"]}}],"collection":[{"href":"https:\/\/www.liscianigiochi.com\/fr\/wp-json\/wp\/v2\/product"}],"about":[{"href":"https:\/\/www.liscianigiochi.com\/fr\/wp-json\/wp\/v2\/types\/product"}],"wp:featuredmedia":[{"embeddable":true,"href":"https:\/\/www.liscianigiochi.com\/fr\/wp-json\/wp\/v2\/media\/1587648"}],"wp:attachment":[{"href":"https:\/\/www.liscianigiochi.com\/fr\/wp-json\/wp\/v2\/media?parent=711465"}],"wp:term":[{"taxonomy":"product_brand","embeddable":true,"href":"https:\/\/www.liscianigiochi.com\/fr\/wp-json\/wp\/v2\/product_brand?post=711465"},{"taxonomy":"product_cat","embeddable":true,"href":"https:\/\/www.liscianigiochi.com\/fr\/wp-json\/wp\/v2\/product_cat?post=711465"},{"taxonomy":"product_tag","embeddable":true,"href":"https:\/\/www.liscianigiochi.com\/fr\/wp-json\/wp\/v2\/product_tag?post=711465"}],"curies":[{"name":"wp","href":"https:\/\/api.w.org\/{rel}","templated":true}]}}