{"id":711490,"date":"2024-07-31T09:32:43","date_gmt":"2024-07-31T07:32:43","guid":{"rendered":"https:\/\/www.liscianigiochi.com\/shop\/uncategorized\/the-farm-montessori-fr\/"},"modified":"2026-04-10T06:20:58","modified_gmt":"2026-04-10T04:20:58","slug":"the-farm-montessori-fr","status":"publish","type":"product","link":"https:\/\/www.liscianigiochi.com\/fr\/shop\/jeux-educatifs-prescolaires-fr\/jeux-educatifs-montessori-maxi-fr\/the-farm-montessori-fr\/","title":{"rendered":"The Farm Montessori"},"content":{"rendered":"<p>Le jeu La Ferme consiste \u00e0 mettre les animaux pr\u00e9form\u00e9s dans la bo\u00eete Montessori. Les silhouettes des animaux sont visuellement cach\u00e9es, l\u2019enfant enfile sa petite main \u00e0 travers le trou et cherche les animaux dans la bo\u00eete en utilisant le toucher. L\u2019objectif est de reconstituer le puzzle en pla\u00e7ant chaque animal au bon endroit. Ce jeu est conforme \u00e0 la m\u00e9thode Montessori car il stimule l\u2019exercice de la m\u00e9moire tactile et, selon l\u2019\u00e9ducateur, la manipulation de mat\u00e9riaux est une exp\u00e9rience concr\u00e8te qui rend l\u2019apprentissage plus efficace. L\u2019exp\u00e9rience est fondamentale pour que l&#8217;enfant d\u00e9veloppe son intelligence.<\/p>\n","protected":false},"excerpt":{"rendered":"<p>Inspir\u00e9 \u00e0 la m\u00e9thode Montessori<\/p>\n","protected":false},"featured_media":1723210,"template":"","meta":{"_acf_changed":false},"product_brand":[],"product_cat":[2842,2831],"product_tag":[3059,3061,3084,3072],"class_list":{"0":"post-711490","1":"product","2":"type-product","3":"status-publish","4":"has-post-thumbnail","6":"product_cat-jeux-educatifs-montessori-maxi-fr","7":"product_cat-jeux-educatifs-prescolaires-fr","8":"product_tag-3-4-ans-fr","9":"product_tag-5-6-ans-fr","10":"product_tag-giocare-educare-fr","11":"product_tag-prodotto-lisciani-fr","13":"first","14":"instock","15":"shipping-taxable","16":"product-type-simple"},"acf":[],"yoast_head":"<!-- This site is optimized with the Yoast SEO plugin v26.5 - https:\/\/yoast.com\/wordpress\/plugins\/seo\/ -->\n<title>The Farm Montessori - Lisciani Giochi<\/title>\n<meta name=\"robots\" content=\"index, follow, max-snippet:-1, max-image-preview:large, max-video-preview:-1\" \/>\n<link rel=\"canonical\" href=\"https:\/\/www.liscianigiochi.com\/fr\/shop\/jeux-educatifs-prescolaires-fr\/jeux-educatifs-montessori-maxi-fr\/the-farm-montessori-fr\/\" \/>\n<meta property=\"og:locale\" content=\"fr_FR\" \/>\n<meta property=\"og:type\" content=\"article\" \/>\n<meta property=\"og:title\" content=\"The Farm Montessori - Lisciani Giochi\" \/>\n<meta property=\"og:description\" content=\"Inspir\u00e9 \u00e0 la m\u00e9thode Montessori\" \/>\n<meta property=\"og:url\" content=\"https:\/\/www.liscianigiochi.com\/fr\/shop\/jeux-educatifs-prescolaires-fr\/jeux-educatifs-montessori-maxi-fr\/the-farm-montessori-fr\/\" \/>\n<meta property=\"og:site_name\" content=\"Lisciani Giochi\" \/>\n<meta property=\"article:publisher\" content=\"https:\/\/www.facebook.com\/liscianigroup\" \/>\n<meta property=\"article:modified_time\" content=\"2026-04-10T04:20:58+00:00\" \/>\n<meta property=\"og:image\" content=\"https:\/\/mf.liscianigiochi.it:8443\/media\/EX72484\/4BD52377-A230-4716-BEF2-84B7B971F31D.jpg\" \/>\n<meta name=\"twitter:card\" content=\"summary_large_image\" \/>\n<meta name=\"twitter:image\" content=\"https:\/\/mf.liscianigiochi.it:8443\/media\/EX72484\/4BD52377-A230-4716-BEF2-84B7B971F31D.jpg\" \/>\n<meta name=\"twitter:label1\" content=\"Est. reading time\" \/>\n\t<meta name=\"twitter:data1\" content=\"1 minute\" \/>\n<script type=\"application\/ld+json\" class=\"yoast-schema-graph\">{\"@context\":\"https:\/\/schema.org\",\"@graph\":[{\"@type\":\"WebPage\",\"@id\":\"https:\/\/www.liscianigiochi.com\/fr\/shop\/jeux-educatifs-prescolaires-fr\/jeux-educatifs-montessori-maxi-fr\/the-farm-montessori-fr\/\",\"url\":\"https:\/\/www.liscianigiochi.com\/fr\/shop\/jeux-educatifs-prescolaires-fr\/jeux-educatifs-montessori-maxi-fr\/the-farm-montessori-fr\/\",\"name\":\"The Farm Montessori - Lisciani Giochi\",\"isPartOf\":{\"@id\":\"https:\/\/www.liscianigiochi.com\/#website\"},\"primaryImageOfPage\":{\"@id\":\"https:\/\/www.liscianigiochi.com\/fr\/shop\/jeux-educatifs-prescolaires-fr\/jeux-educatifs-montessori-maxi-fr\/the-farm-montessori-fr\/#primaryimage\"},\"image\":{\"@id\":\"https:\/\/www.liscianigiochi.com\/fr\/shop\/jeux-educatifs-prescolaires-fr\/jeux-educatifs-montessori-maxi-fr\/the-farm-montessori-fr\/#primaryimage\"},\"thumbnailUrl\":\"https:\/\/mf.liscianigiochi.it:8443\/media\/EX72484\/4BD52377-A230-4716-BEF2-84B7B971F31D.jpg\",\"datePublished\":\"2024-07-31T07:32:43+00:00\",\"dateModified\":\"2026-04-10T04:20:58+00:00\",\"breadcrumb\":{\"@id\":\"https:\/\/www.liscianigiochi.com\/fr\/shop\/jeux-educatifs-prescolaires-fr\/jeux-educatifs-montessori-maxi-fr\/the-farm-montessori-fr\/#breadcrumb\"},\"inLanguage\":\"fr-FR\",\"potentialAction\":[{\"@type\":\"ReadAction\",\"target\":[\"https:\/\/www.liscianigiochi.com\/fr\/shop\/jeux-educatifs-prescolaires-fr\/jeux-educatifs-montessori-maxi-fr\/the-farm-montessori-fr\/\"]}]},{\"@type\":\"ImageObject\",\"inLanguage\":\"fr-FR\",\"@id\":\"https:\/\/www.liscianigiochi.com\/fr\/shop\/jeux-educatifs-prescolaires-fr\/jeux-educatifs-montessori-maxi-fr\/the-farm-montessori-fr\/#primaryimage\",\"url\":\"https:\/\/mf.liscianigiochi.it:8443\/media\/EX72484\/4BD52377-A230-4716-BEF2-84B7B971F31D.jpg\",\"contentUrl\":\"https:\/\/mf.liscianigiochi.it:8443\/media\/EX72484\/4BD52377-A230-4716-BEF2-84B7B971F31D.jpg\"},{\"@type\":\"BreadcrumbList\",\"@id\":\"https:\/\/www.liscianigiochi.com\/fr\/shop\/jeux-educatifs-prescolaires-fr\/jeux-educatifs-montessori-maxi-fr\/the-farm-montessori-fr\/#breadcrumb\",\"itemListElement\":[{\"@type\":\"ListItem\",\"position\":1,\"name\":\"Home\",\"item\":\"https:\/\/www.liscianigiochi.com\/\"},{\"@type\":\"ListItem\",\"position\":2,\"name\":\"Boutique\",\"item\":\"https:\/\/lg.udnt.it\/fr\/boutique\/\"},{\"@type\":\"ListItem\",\"position\":3,\"name\":\"The Farm Montessori\"}]},{\"@type\":\"WebSite\",\"@id\":\"https:\/\/www.liscianigiochi.com\/#website\",\"url\":\"https:\/\/www.liscianigiochi.com\/\",\"name\":\"Lisciani Giochi\",\"description\":\"\",\"publisher\":{\"@id\":\"https:\/\/www.liscianigiochi.com\/#organization\"},\"potentialAction\":[{\"@type\":\"SearchAction\",\"target\":{\"@type\":\"EntryPoint\",\"urlTemplate\":\"https:\/\/www.liscianigiochi.com\/?s={search_term_string}\"},\"query-input\":{\"@type\":\"PropertyValueSpecification\",\"valueRequired\":true,\"valueName\":\"search_term_string\"}}],\"inLanguage\":\"fr-FR\"},{\"@type\":\"Organization\",\"@id\":\"https:\/\/www.liscianigiochi.com\/#organization\",\"name\":\"Lisciani Giochi\",\"url\":\"https:\/\/www.liscianigiochi.com\/\",\"logo\":{\"@type\":\"ImageObject\",\"inLanguage\":\"fr-FR\",\"@id\":\"https:\/\/www.liscianigiochi.com\/#\/schema\/logo\/image\/\",\"url\":\"https:\/\/www.liscianigiochi.com\/wp-content\/uploads\/2023\/10\/Logo@2x.png\",\"contentUrl\":\"https:\/\/www.liscianigiochi.com\/wp-content\/uploads\/2023\/10\/Logo@2x.png\",\"width\":384,\"height\":384,\"caption\":\"Lisciani Giochi\"},\"image\":{\"@id\":\"https:\/\/www.liscianigiochi.com\/#\/schema\/logo\/image\/\"},\"sameAs\":[\"https:\/\/www.facebook.com\/liscianigroup\",\"https:\/\/www.instagram.com\/liscianigiochi\/\"]}]}<\/script>\n<!-- \/ Yoast SEO plugin. -->","yoast_head_json":{"title":"The Farm Montessori - Lisciani Giochi","robots":{"index":"index","follow":"follow","max-snippet":"max-snippet:-1","max-image-preview":"max-image-preview:large","max-video-preview":"max-video-preview:-1"},"canonical":"https:\/\/www.liscianigiochi.com\/fr\/shop\/jeux-educatifs-prescolaires-fr\/jeux-educatifs-montessori-maxi-fr\/the-farm-montessori-fr\/","og_locale":"fr_FR","og_type":"article","og_title":"The Farm Montessori - Lisciani Giochi","og_description":"Inspir\u00e9 \u00e0 la m\u00e9thode Montessori","og_url":"https:\/\/www.liscianigiochi.com\/fr\/shop\/jeux-educatifs-prescolaires-fr\/jeux-educatifs-montessori-maxi-fr\/the-farm-montessori-fr\/","og_site_name":"Lisciani Giochi","article_publisher":"https:\/\/www.facebook.com\/liscianigroup","article_modified_time":"2026-04-10T04:20:58+00:00","og_image":[{"url":"https:\/\/mf.liscianigiochi.it:8443\/media\/EX72484\/4BD52377-A230-4716-BEF2-84B7B971F31D.jpg","type":"","width":"","height":""}],"twitter_card":"summary_large_image","twitter_image":"https:\/\/mf.liscianigiochi.it:8443\/media\/EX72484\/4BD52377-A230-4716-BEF2-84B7B971F31D.jpg","twitter_misc":{"Est. reading time":"1 minute"},"schema":{"@context":"https:\/\/schema.org","@graph":[{"@type":"WebPage","@id":"https:\/\/www.liscianigiochi.com\/fr\/shop\/jeux-educatifs-prescolaires-fr\/jeux-educatifs-montessori-maxi-fr\/the-farm-montessori-fr\/","url":"https:\/\/www.liscianigiochi.com\/fr\/shop\/jeux-educatifs-prescolaires-fr\/jeux-educatifs-montessori-maxi-fr\/the-farm-montessori-fr\/","name":"The Farm Montessori - Lisciani Giochi","isPartOf":{"@id":"https:\/\/www.liscianigiochi.com\/#website"},"primaryImageOfPage":{"@id":"https:\/\/www.liscianigiochi.com\/fr\/shop\/jeux-educatifs-prescolaires-fr\/jeux-educatifs-montessori-maxi-fr\/the-farm-montessori-fr\/#primaryimage"},"image":{"@id":"https:\/\/www.liscianigiochi.com\/fr\/shop\/jeux-educatifs-prescolaires-fr\/jeux-educatifs-montessori-maxi-fr\/the-farm-montessori-fr\/#primaryimage"},"thumbnailUrl":"https:\/\/mf.liscianigiochi.it:8443\/media\/EX72484\/4BD52377-A230-4716-BEF2-84B7B971F31D.jpg","datePublished":"2024-07-31T07:32:43+00:00","dateModified":"2026-04-10T04:20:58+00:00","breadcrumb":{"@id":"https:\/\/www.liscianigiochi.com\/fr\/shop\/jeux-educatifs-prescolaires-fr\/jeux-educatifs-montessori-maxi-fr\/the-farm-montessori-fr\/#breadcrumb"},"inLanguage":"fr-FR","potentialAction":[{"@type":"ReadAction","target":["https:\/\/www.liscianigiochi.com\/fr\/shop\/jeux-educatifs-prescolaires-fr\/jeux-educatifs-montessori-maxi-fr\/the-farm-montessori-fr\/"]}]},{"@type":"ImageObject","inLanguage":"fr-FR","@id":"https:\/\/www.liscianigiochi.com\/fr\/shop\/jeux-educatifs-prescolaires-fr\/jeux-educatifs-montessori-maxi-fr\/the-farm-montessori-fr\/#primaryimage","url":"https:\/\/mf.liscianigiochi.it:8443\/media\/EX72484\/4BD52377-A230-4716-BEF2-84B7B971F31D.jpg","contentUrl":"https:\/\/mf.liscianigiochi.it:8443\/media\/EX72484\/4BD52377-A230-4716-BEF2-84B7B971F31D.jpg"},{"@type":"BreadcrumbList","@id":"https:\/\/www.liscianigiochi.com\/fr\/shop\/jeux-educatifs-prescolaires-fr\/jeux-educatifs-montessori-maxi-fr\/the-farm-montessori-fr\/#breadcrumb","itemListElement":[{"@type":"ListItem","position":1,"name":"Home","item":"https:\/\/www.liscianigiochi.com\/"},{"@type":"ListItem","position":2,"name":"Boutique","item":"https:\/\/lg.udnt.it\/fr\/boutique\/"},{"@type":"ListItem","position":3,"name":"The Farm Montessori"}]},{"@type":"WebSite","@id":"https:\/\/www.liscianigiochi.com\/#website","url":"https:\/\/www.liscianigiochi.com\/","name":"Lisciani Giochi","description":"","publisher":{"@id":"https:\/\/www.liscianigiochi.com\/#organization"},"potentialAction":[{"@type":"SearchAction","target":{"@type":"EntryPoint","urlTemplate":"https:\/\/www.liscianigiochi.com\/?s={search_term_string}"},"query-input":{"@type":"PropertyValueSpecification","valueRequired":true,"valueName":"search_term_string"}}],"inLanguage":"fr-FR"},{"@type":"Organization","@id":"https:\/\/www.liscianigiochi.com\/#organization","name":"Lisciani Giochi","url":"https:\/\/www.liscianigiochi.com\/","logo":{"@type":"ImageObject","inLanguage":"fr-FR","@id":"https:\/\/www.liscianigiochi.com\/#\/schema\/logo\/image\/","url":"https:\/\/www.liscianigiochi.com\/wp-content\/uploads\/2023\/10\/Logo@2x.png","contentUrl":"https:\/\/www.liscianigiochi.com\/wp-content\/uploads\/2023\/10\/Logo@2x.png","width":384,"height":384,"caption":"Lisciani Giochi"},"image":{"@id":"https:\/\/www.liscianigiochi.com\/#\/schema\/logo\/image\/"},"sameAs":["https:\/\/www.facebook.com\/liscianigroup","https:\/\/www.instagram.com\/liscianigiochi\/"]}]}},"fifu_image_url":"https:\/\/mf.liscianigiochi.it:8443\/media\/EX72484\/4BD52377-A230-4716-BEF2-84B7B971F31D.jpg","_links":{"self":[{"href":"https:\/\/www.liscianigiochi.com\/fr\/wp-json\/wp\/v2\/product\/711490","targetHints":{"allow":["GET"]}}],"collection":[{"href":"https:\/\/www.liscianigiochi.com\/fr\/wp-json\/wp\/v2\/product"}],"about":[{"href":"https:\/\/www.liscianigiochi.com\/fr\/wp-json\/wp\/v2\/types\/product"}],"wp:featuredmedia":[{"embeddable":true,"href":"https:\/\/www.liscianigiochi.com\/fr\/wp-json\/wp\/v2\/media\/1723210"}],"wp:attachment":[{"href":"https:\/\/www.liscianigiochi.com\/fr\/wp-json\/wp\/v2\/media?parent=711490"}],"wp:term":[{"taxonomy":"product_brand","embeddable":true,"href":"https:\/\/www.liscianigiochi.com\/fr\/wp-json\/wp\/v2\/product_brand?post=711490"},{"taxonomy":"product_cat","embeddable":true,"href":"https:\/\/www.liscianigiochi.com\/fr\/wp-json\/wp\/v2\/product_cat?post=711490"},{"taxonomy":"product_tag","embeddable":true,"href":"https:\/\/www.liscianigiochi.com\/fr\/wp-json\/wp\/v2\/product_tag?post=711490"}],"curies":[{"name":"wp","href":"https:\/\/api.w.org\/{rel}","templated":true}]}}