{"id":711883,"date":"2024-07-31T09:36:58","date_gmt":"2024-07-31T07:36:58","guid":{"rendered":"https:\/\/www.liscianigiochi.com\/shop\/uncategorized\/carotina-laboratorie-50-jeux-fr\/"},"modified":"2026-04-17T06:21:56","modified_gmt":"2026-04-17T04:21:56","slug":"carotina-laboratorie-50-jeux-fr","status":"publish","type":"product","link":"https:\/\/www.liscianigiochi.com\/fr\/shop\/jeux-educatifs-prescolaires-fr\/carotina-stylo-parlant-fr\/carotina-laboratorie-50-jeux-fr\/","title":{"rendered":"Carotina Laboratorie 50 Jeux"},"content":{"rendered":"<p>Cette belle bo\u00eete contient un kit complet pour jouer avec Carotina et apprendre tous les th\u00e8mes didactiques de base. Les enfants disposent de la carotte parlante et lumineuse et d&#8217;un tr\u00e8s grand nombre de pi\u00e8ces en carton tr\u00e8s r\u00e9sistant qui repr\u00e9sentent de gentils animaux, des aliments et des objets du monde agricole. De plus, des nombreuses pi\u00e8ces \u00e0 la forme ovale repr\u00e9sentant des lettres permettront d&#8217;apprendre \u00e0 \u00e9crire et jouer gr\u00e2ce \u00e0 des jeux de soci\u00e9t\u00e9 amusants. Un Poster G\u00e9ant \u00e0 double-face servira de base \u00e0 un quiz avec Carotina. En combinant les diff\u00e9rents accessoires, tu pourras d\u00e9couvrir 50 jeux diff\u00e9rents, amusants et intuitifs, en \u00e9tant guid\u00e9 par un manuel parental tr\u00e8s d\u00e9taill\u00e9.<\/p>\n","protected":false},"excerpt":{"rendered":"<p>Avec le livre de jeux plein de conseils \u00e9ducatifs !<\/p>\n","protected":false},"featured_media":1733483,"template":"","meta":{"_acf_changed":false},"product_brand":[],"product_cat":[2838,2831],"product_tag":[3059,3061,3054,3072],"class_list":{"0":"post-711883","1":"product","2":"type-product","3":"status-publish","4":"has-post-thumbnail","6":"product_cat-carotina-stylo-parlant-fr","7":"product_cat-jeux-educatifs-prescolaires-fr","8":"product_tag-3-4-ans-fr","9":"product_tag-5-6-ans-fr","10":"product_tag-carotina-super-bip-fr","11":"product_tag-prodotto-lisciani-fr","13":"first","14":"instock","15":"shipping-taxable","16":"product-type-simple"},"acf":[],"yoast_head":"<!-- This site is optimized with the Yoast SEO plugin v26.5 - https:\/\/yoast.com\/wordpress\/plugins\/seo\/ -->\n<title>Carotina Laboratorie 50 Jeux - Lisciani Giochi<\/title>\n<meta name=\"robots\" content=\"index, follow, max-snippet:-1, max-image-preview:large, max-video-preview:-1\" \/>\n<link rel=\"canonical\" href=\"https:\/\/www.liscianigiochi.com\/fr\/shop\/jeux-educatifs-prescolaires-fr\/carotina-stylo-parlant-fr\/carotina-laboratorie-50-jeux-fr\/\" \/>\n<meta property=\"og:locale\" content=\"fr_FR\" \/>\n<meta property=\"og:type\" content=\"article\" \/>\n<meta property=\"og:title\" content=\"Carotina Laboratorie 50 Jeux - Lisciani Giochi\" \/>\n<meta property=\"og:description\" content=\"Avec le livre de jeux plein de conseils \u00e9ducatifs !\" \/>\n<meta property=\"og:url\" content=\"https:\/\/www.liscianigiochi.com\/fr\/shop\/jeux-educatifs-prescolaires-fr\/carotina-stylo-parlant-fr\/carotina-laboratorie-50-jeux-fr\/\" \/>\n<meta property=\"og:site_name\" content=\"Lisciani Giochi\" \/>\n<meta property=\"article:publisher\" content=\"https:\/\/www.facebook.com\/liscianigroup\" \/>\n<meta property=\"article:modified_time\" content=\"2026-04-17T04:21:56+00:00\" \/>\n<meta property=\"og:image\" content=\"https:\/\/mf.liscianigiochi.it:8443\/media\/FR66186\/29EA384D-14BD-4FAA-A06C-0B46D4B4C39C.jpg\" \/>\n<meta name=\"twitter:card\" content=\"summary_large_image\" \/>\n<meta name=\"twitter:image\" content=\"https:\/\/mf.liscianigiochi.it:8443\/media\/FR66186\/29EA384D-14BD-4FAA-A06C-0B46D4B4C39C.jpg\" \/>\n<meta name=\"twitter:label1\" content=\"Est. reading time\" \/>\n\t<meta name=\"twitter:data1\" content=\"1 minute\" \/>\n<script type=\"application\/ld+json\" class=\"yoast-schema-graph\">{\"@context\":\"https:\/\/schema.org\",\"@graph\":[{\"@type\":\"WebPage\",\"@id\":\"https:\/\/www.liscianigiochi.com\/fr\/shop\/jeux-educatifs-prescolaires-fr\/carotina-stylo-parlant-fr\/carotina-laboratorie-50-jeux-fr\/\",\"url\":\"https:\/\/www.liscianigiochi.com\/fr\/shop\/jeux-educatifs-prescolaires-fr\/carotina-stylo-parlant-fr\/carotina-laboratorie-50-jeux-fr\/\",\"name\":\"Carotina Laboratorie 50 Jeux - Lisciani Giochi\",\"isPartOf\":{\"@id\":\"https:\/\/www.liscianigiochi.com\/#website\"},\"primaryImageOfPage\":{\"@id\":\"https:\/\/www.liscianigiochi.com\/fr\/shop\/jeux-educatifs-prescolaires-fr\/carotina-stylo-parlant-fr\/carotina-laboratorie-50-jeux-fr\/#primaryimage\"},\"image\":{\"@id\":\"https:\/\/www.liscianigiochi.com\/fr\/shop\/jeux-educatifs-prescolaires-fr\/carotina-stylo-parlant-fr\/carotina-laboratorie-50-jeux-fr\/#primaryimage\"},\"thumbnailUrl\":\"https:\/\/mf.liscianigiochi.it:8443\/media\/FR66186\/29EA384D-14BD-4FAA-A06C-0B46D4B4C39C.jpg\",\"datePublished\":\"2024-07-31T07:36:58+00:00\",\"dateModified\":\"2026-04-17T04:21:56+00:00\",\"breadcrumb\":{\"@id\":\"https:\/\/www.liscianigiochi.com\/fr\/shop\/jeux-educatifs-prescolaires-fr\/carotina-stylo-parlant-fr\/carotina-laboratorie-50-jeux-fr\/#breadcrumb\"},\"inLanguage\":\"fr-FR\",\"potentialAction\":[{\"@type\":\"ReadAction\",\"target\":[\"https:\/\/www.liscianigiochi.com\/fr\/shop\/jeux-educatifs-prescolaires-fr\/carotina-stylo-parlant-fr\/carotina-laboratorie-50-jeux-fr\/\"]}]},{\"@type\":\"ImageObject\",\"inLanguage\":\"fr-FR\",\"@id\":\"https:\/\/www.liscianigiochi.com\/fr\/shop\/jeux-educatifs-prescolaires-fr\/carotina-stylo-parlant-fr\/carotina-laboratorie-50-jeux-fr\/#primaryimage\",\"url\":\"https:\/\/mf.liscianigiochi.it:8443\/media\/FR66186\/29EA384D-14BD-4FAA-A06C-0B46D4B4C39C.jpg\",\"contentUrl\":\"https:\/\/mf.liscianigiochi.it:8443\/media\/FR66186\/29EA384D-14BD-4FAA-A06C-0B46D4B4C39C.jpg\"},{\"@type\":\"BreadcrumbList\",\"@id\":\"https:\/\/www.liscianigiochi.com\/fr\/shop\/jeux-educatifs-prescolaires-fr\/carotina-stylo-parlant-fr\/carotina-laboratorie-50-jeux-fr\/#breadcrumb\",\"itemListElement\":[{\"@type\":\"ListItem\",\"position\":1,\"name\":\"Home\",\"item\":\"https:\/\/www.liscianigiochi.com\/\"},{\"@type\":\"ListItem\",\"position\":2,\"name\":\"Boutique\",\"item\":\"https:\/\/lg.udnt.it\/fr\/boutique\/\"},{\"@type\":\"ListItem\",\"position\":3,\"name\":\"Carotina Laboratorie 50 Jeux\"}]},{\"@type\":\"WebSite\",\"@id\":\"https:\/\/www.liscianigiochi.com\/#website\",\"url\":\"https:\/\/www.liscianigiochi.com\/\",\"name\":\"Lisciani Giochi\",\"description\":\"\",\"publisher\":{\"@id\":\"https:\/\/www.liscianigiochi.com\/#organization\"},\"potentialAction\":[{\"@type\":\"SearchAction\",\"target\":{\"@type\":\"EntryPoint\",\"urlTemplate\":\"https:\/\/www.liscianigiochi.com\/?s={search_term_string}\"},\"query-input\":{\"@type\":\"PropertyValueSpecification\",\"valueRequired\":true,\"valueName\":\"search_term_string\"}}],\"inLanguage\":\"fr-FR\"},{\"@type\":\"Organization\",\"@id\":\"https:\/\/www.liscianigiochi.com\/#organization\",\"name\":\"Lisciani Giochi\",\"url\":\"https:\/\/www.liscianigiochi.com\/\",\"logo\":{\"@type\":\"ImageObject\",\"inLanguage\":\"fr-FR\",\"@id\":\"https:\/\/www.liscianigiochi.com\/#\/schema\/logo\/image\/\",\"url\":\"https:\/\/www.liscianigiochi.com\/wp-content\/uploads\/2023\/10\/Logo@2x.png\",\"contentUrl\":\"https:\/\/www.liscianigiochi.com\/wp-content\/uploads\/2023\/10\/Logo@2x.png\",\"width\":384,\"height\":384,\"caption\":\"Lisciani Giochi\"},\"image\":{\"@id\":\"https:\/\/www.liscianigiochi.com\/#\/schema\/logo\/image\/\"},\"sameAs\":[\"https:\/\/www.facebook.com\/liscianigroup\",\"https:\/\/www.instagram.com\/liscianigiochi\/\"]}]}<\/script>\n<!-- \/ Yoast SEO plugin. -->","yoast_head_json":{"title":"Carotina Laboratorie 50 Jeux - Lisciani Giochi","robots":{"index":"index","follow":"follow","max-snippet":"max-snippet:-1","max-image-preview":"max-image-preview:large","max-video-preview":"max-video-preview:-1"},"canonical":"https:\/\/www.liscianigiochi.com\/fr\/shop\/jeux-educatifs-prescolaires-fr\/carotina-stylo-parlant-fr\/carotina-laboratorie-50-jeux-fr\/","og_locale":"fr_FR","og_type":"article","og_title":"Carotina Laboratorie 50 Jeux - Lisciani Giochi","og_description":"Avec le livre de jeux plein de conseils \u00e9ducatifs !","og_url":"https:\/\/www.liscianigiochi.com\/fr\/shop\/jeux-educatifs-prescolaires-fr\/carotina-stylo-parlant-fr\/carotina-laboratorie-50-jeux-fr\/","og_site_name":"Lisciani Giochi","article_publisher":"https:\/\/www.facebook.com\/liscianigroup","article_modified_time":"2026-04-17T04:21:56+00:00","og_image":[{"url":"https:\/\/mf.liscianigiochi.it:8443\/media\/FR66186\/29EA384D-14BD-4FAA-A06C-0B46D4B4C39C.jpg","type":"","width":"","height":""}],"twitter_card":"summary_large_image","twitter_image":"https:\/\/mf.liscianigiochi.it:8443\/media\/FR66186\/29EA384D-14BD-4FAA-A06C-0B46D4B4C39C.jpg","twitter_misc":{"Est. reading time":"1 minute"},"schema":{"@context":"https:\/\/schema.org","@graph":[{"@type":"WebPage","@id":"https:\/\/www.liscianigiochi.com\/fr\/shop\/jeux-educatifs-prescolaires-fr\/carotina-stylo-parlant-fr\/carotina-laboratorie-50-jeux-fr\/","url":"https:\/\/www.liscianigiochi.com\/fr\/shop\/jeux-educatifs-prescolaires-fr\/carotina-stylo-parlant-fr\/carotina-laboratorie-50-jeux-fr\/","name":"Carotina Laboratorie 50 Jeux - Lisciani Giochi","isPartOf":{"@id":"https:\/\/www.liscianigiochi.com\/#website"},"primaryImageOfPage":{"@id":"https:\/\/www.liscianigiochi.com\/fr\/shop\/jeux-educatifs-prescolaires-fr\/carotina-stylo-parlant-fr\/carotina-laboratorie-50-jeux-fr\/#primaryimage"},"image":{"@id":"https:\/\/www.liscianigiochi.com\/fr\/shop\/jeux-educatifs-prescolaires-fr\/carotina-stylo-parlant-fr\/carotina-laboratorie-50-jeux-fr\/#primaryimage"},"thumbnailUrl":"https:\/\/mf.liscianigiochi.it:8443\/media\/FR66186\/29EA384D-14BD-4FAA-A06C-0B46D4B4C39C.jpg","datePublished":"2024-07-31T07:36:58+00:00","dateModified":"2026-04-17T04:21:56+00:00","breadcrumb":{"@id":"https:\/\/www.liscianigiochi.com\/fr\/shop\/jeux-educatifs-prescolaires-fr\/carotina-stylo-parlant-fr\/carotina-laboratorie-50-jeux-fr\/#breadcrumb"},"inLanguage":"fr-FR","potentialAction":[{"@type":"ReadAction","target":["https:\/\/www.liscianigiochi.com\/fr\/shop\/jeux-educatifs-prescolaires-fr\/carotina-stylo-parlant-fr\/carotina-laboratorie-50-jeux-fr\/"]}]},{"@type":"ImageObject","inLanguage":"fr-FR","@id":"https:\/\/www.liscianigiochi.com\/fr\/shop\/jeux-educatifs-prescolaires-fr\/carotina-stylo-parlant-fr\/carotina-laboratorie-50-jeux-fr\/#primaryimage","url":"https:\/\/mf.liscianigiochi.it:8443\/media\/FR66186\/29EA384D-14BD-4FAA-A06C-0B46D4B4C39C.jpg","contentUrl":"https:\/\/mf.liscianigiochi.it:8443\/media\/FR66186\/29EA384D-14BD-4FAA-A06C-0B46D4B4C39C.jpg"},{"@type":"BreadcrumbList","@id":"https:\/\/www.liscianigiochi.com\/fr\/shop\/jeux-educatifs-prescolaires-fr\/carotina-stylo-parlant-fr\/carotina-laboratorie-50-jeux-fr\/#breadcrumb","itemListElement":[{"@type":"ListItem","position":1,"name":"Home","item":"https:\/\/www.liscianigiochi.com\/"},{"@type":"ListItem","position":2,"name":"Boutique","item":"https:\/\/lg.udnt.it\/fr\/boutique\/"},{"@type":"ListItem","position":3,"name":"Carotina Laboratorie 50 Jeux"}]},{"@type":"WebSite","@id":"https:\/\/www.liscianigiochi.com\/#website","url":"https:\/\/www.liscianigiochi.com\/","name":"Lisciani Giochi","description":"","publisher":{"@id":"https:\/\/www.liscianigiochi.com\/#organization"},"potentialAction":[{"@type":"SearchAction","target":{"@type":"EntryPoint","urlTemplate":"https:\/\/www.liscianigiochi.com\/?s={search_term_string}"},"query-input":{"@type":"PropertyValueSpecification","valueRequired":true,"valueName":"search_term_string"}}],"inLanguage":"fr-FR"},{"@type":"Organization","@id":"https:\/\/www.liscianigiochi.com\/#organization","name":"Lisciani Giochi","url":"https:\/\/www.liscianigiochi.com\/","logo":{"@type":"ImageObject","inLanguage":"fr-FR","@id":"https:\/\/www.liscianigiochi.com\/#\/schema\/logo\/image\/","url":"https:\/\/www.liscianigiochi.com\/wp-content\/uploads\/2023\/10\/Logo@2x.png","contentUrl":"https:\/\/www.liscianigiochi.com\/wp-content\/uploads\/2023\/10\/Logo@2x.png","width":384,"height":384,"caption":"Lisciani Giochi"},"image":{"@id":"https:\/\/www.liscianigiochi.com\/#\/schema\/logo\/image\/"},"sameAs":["https:\/\/www.facebook.com\/liscianigroup","https:\/\/www.instagram.com\/liscianigiochi\/"]}]}},"fifu_image_url":"https:\/\/mf.liscianigiochi.it:8443\/media\/FR66186\/29EA384D-14BD-4FAA-A06C-0B46D4B4C39C.jpg","_links":{"self":[{"href":"https:\/\/www.liscianigiochi.com\/fr\/wp-json\/wp\/v2\/product\/711883","targetHints":{"allow":["GET"]}}],"collection":[{"href":"https:\/\/www.liscianigiochi.com\/fr\/wp-json\/wp\/v2\/product"}],"about":[{"href":"https:\/\/www.liscianigiochi.com\/fr\/wp-json\/wp\/v2\/types\/product"}],"wp:featuredmedia":[{"embeddable":true,"href":"https:\/\/www.liscianigiochi.com\/fr\/wp-json\/wp\/v2\/media\/1733483"}],"wp:attachment":[{"href":"https:\/\/www.liscianigiochi.com\/fr\/wp-json\/wp\/v2\/media?parent=711883"}],"wp:term":[{"taxonomy":"product_brand","embeddable":true,"href":"https:\/\/www.liscianigiochi.com\/fr\/wp-json\/wp\/v2\/product_brand?post=711883"},{"taxonomy":"product_cat","embeddable":true,"href":"https:\/\/www.liscianigiochi.com\/fr\/wp-json\/wp\/v2\/product_cat?post=711883"},{"taxonomy":"product_tag","embeddable":true,"href":"https:\/\/www.liscianigiochi.com\/fr\/wp-json\/wp\/v2\/product_tag?post=711883"}],"curies":[{"name":"wp","href":"https:\/\/api.w.org\/{rel}","templated":true}]}}