{"id":712041,"date":"2024-07-31T09:38:43","date_gmt":"2024-07-31T07:38:43","guid":{"rendered":"https:\/\/www.liscianigiochi.com\/shop\/uncategorized\/im-a-genius-science-a-la-maison-magnetism-fr\/"},"modified":"2026-04-24T06:22:05","modified_gmt":"2026-04-24T04:22:05","slug":"im-a-genius-science-a-la-maison-magnetism-fr","status":"publish","type":"product","link":"https:\/\/www.liscianigiochi.com\/fr\/shop\/jeux-scientifiques-fr\/science-a-la-maison-fr\/im-a-genius-science-a-la-maison-magnetism-fr\/","title":{"rendered":"I&#8217;m A Genius  Science A La Maison Magnetism"},"content":{"rendered":"<p>Un kit pour d\u00e9couvrir comment fonctionnent les champs magn\u00e9tiques et le magn\u00e9tisme ! Le tout en exploitant au mieux des objets que tu peux facilement trouver chez toi !<\/p>\n","protected":false},"excerpt":{"rendered":"<p>Plus de 50 exp\u00e9riences scientifiques sur le magn\u00e9tisme et sur les champs magn\u00e9tiques<\/p>\n","protected":false},"featured_media":1075054,"template":"","meta":{"_acf_changed":false},"product_brand":[],"product_cat":[2833,3460],"product_tag":[3074,3057,3072],"class_list":{"0":"post-712041","1":"product","2":"type-product","3":"status-publish","4":"has-post-thumbnail","6":"product_cat-jeux-scientifiques-fr","7":"product_cat-science-a-la-maison-fr","8":"product_tag-8-12-ans-fr","9":"product_tag-im-a-genius-fr","10":"product_tag-prodotto-lisciani-fr","12":"first","13":"instock","14":"shipping-taxable","15":"product-type-simple"},"acf":[],"yoast_head":"<!-- This site is optimized with the Yoast SEO plugin v26.5 - https:\/\/yoast.com\/wordpress\/plugins\/seo\/ -->\n<title>I&#039;m A Genius Science A La Maison Magnetism - Lisciani Giochi<\/title>\n<meta name=\"robots\" content=\"index, follow, max-snippet:-1, max-image-preview:large, max-video-preview:-1\" \/>\n<link rel=\"canonical\" href=\"https:\/\/www.liscianigiochi.com\/fr\/shop\/jeux-scientifiques-fr\/science-a-la-maison-fr\/im-a-genius-science-a-la-maison-magnetism-fr\/\" \/>\n<meta property=\"og:locale\" content=\"fr_FR\" \/>\n<meta property=\"og:type\" content=\"article\" \/>\n<meta property=\"og:title\" content=\"I&#039;m A Genius Science A La Maison Magnetism - Lisciani Giochi\" \/>\n<meta property=\"og:description\" content=\"Plus de 50 exp\u00e9riences scientifiques sur le magn\u00e9tisme et sur les champs magn\u00e9tiques\" \/>\n<meta property=\"og:url\" content=\"https:\/\/www.liscianigiochi.com\/fr\/shop\/jeux-scientifiques-fr\/science-a-la-maison-fr\/im-a-genius-science-a-la-maison-magnetism-fr\/\" \/>\n<meta property=\"og:site_name\" content=\"Lisciani Giochi\" \/>\n<meta property=\"article:publisher\" content=\"https:\/\/www.facebook.com\/liscianigroup\" \/>\n<meta property=\"article:modified_time\" content=\"2026-04-24T04:22:05+00:00\" \/>\n<meta property=\"og:image\" content=\"https:\/\/mf.liscianigiochi.it:8443\/media\/FR89345\/9776197A-1E58-4934-BF97-6CE2E71BC0F2.jpg\" \/>\n<meta name=\"twitter:card\" content=\"summary_large_image\" \/>\n<meta name=\"twitter:image\" content=\"https:\/\/mf.liscianigiochi.it:8443\/media\/FR89345\/9776197A-1E58-4934-BF97-6CE2E71BC0F2.jpg\" \/>\n<script type=\"application\/ld+json\" class=\"yoast-schema-graph\">{\"@context\":\"https:\/\/schema.org\",\"@graph\":[{\"@type\":\"WebPage\",\"@id\":\"https:\/\/www.liscianigiochi.com\/fr\/shop\/jeux-scientifiques-fr\/science-a-la-maison-fr\/im-a-genius-science-a-la-maison-magnetism-fr\/\",\"url\":\"https:\/\/www.liscianigiochi.com\/fr\/shop\/jeux-scientifiques-fr\/science-a-la-maison-fr\/im-a-genius-science-a-la-maison-magnetism-fr\/\",\"name\":\"I'm A Genius Science A La Maison Magnetism - Lisciani Giochi\",\"isPartOf\":{\"@id\":\"https:\/\/www.liscianigiochi.com\/#website\"},\"primaryImageOfPage\":{\"@id\":\"https:\/\/www.liscianigiochi.com\/fr\/shop\/jeux-scientifiques-fr\/science-a-la-maison-fr\/im-a-genius-science-a-la-maison-magnetism-fr\/#primaryimage\"},\"image\":{\"@id\":\"https:\/\/www.liscianigiochi.com\/fr\/shop\/jeux-scientifiques-fr\/science-a-la-maison-fr\/im-a-genius-science-a-la-maison-magnetism-fr\/#primaryimage\"},\"thumbnailUrl\":\"https:\/\/mf.liscianigiochi.it:8443\/media\/FR89345\/9776197A-1E58-4934-BF97-6CE2E71BC0F2.jpg\",\"datePublished\":\"2024-07-31T07:38:43+00:00\",\"dateModified\":\"2026-04-24T04:22:05+00:00\",\"breadcrumb\":{\"@id\":\"https:\/\/www.liscianigiochi.com\/fr\/shop\/jeux-scientifiques-fr\/science-a-la-maison-fr\/im-a-genius-science-a-la-maison-magnetism-fr\/#breadcrumb\"},\"inLanguage\":\"fr-FR\",\"potentialAction\":[{\"@type\":\"ReadAction\",\"target\":[\"https:\/\/www.liscianigiochi.com\/fr\/shop\/jeux-scientifiques-fr\/science-a-la-maison-fr\/im-a-genius-science-a-la-maison-magnetism-fr\/\"]}]},{\"@type\":\"ImageObject\",\"inLanguage\":\"fr-FR\",\"@id\":\"https:\/\/www.liscianigiochi.com\/fr\/shop\/jeux-scientifiques-fr\/science-a-la-maison-fr\/im-a-genius-science-a-la-maison-magnetism-fr\/#primaryimage\",\"url\":\"https:\/\/mf.liscianigiochi.it:8443\/media\/FR89345\/9776197A-1E58-4934-BF97-6CE2E71BC0F2.jpg\",\"contentUrl\":\"https:\/\/mf.liscianigiochi.it:8443\/media\/FR89345\/9776197A-1E58-4934-BF97-6CE2E71BC0F2.jpg\"},{\"@type\":\"BreadcrumbList\",\"@id\":\"https:\/\/www.liscianigiochi.com\/fr\/shop\/jeux-scientifiques-fr\/science-a-la-maison-fr\/im-a-genius-science-a-la-maison-magnetism-fr\/#breadcrumb\",\"itemListElement\":[{\"@type\":\"ListItem\",\"position\":1,\"name\":\"Home\",\"item\":\"https:\/\/www.liscianigiochi.com\/\"},{\"@type\":\"ListItem\",\"position\":2,\"name\":\"Boutique\",\"item\":\"https:\/\/lg.udnt.it\/fr\/boutique\/\"},{\"@type\":\"ListItem\",\"position\":3,\"name\":\"I&#8217;m A Genius Science A La Maison Magnetism\"}]},{\"@type\":\"WebSite\",\"@id\":\"https:\/\/www.liscianigiochi.com\/#website\",\"url\":\"https:\/\/www.liscianigiochi.com\/\",\"name\":\"Lisciani Giochi\",\"description\":\"\",\"publisher\":{\"@id\":\"https:\/\/www.liscianigiochi.com\/#organization\"},\"potentialAction\":[{\"@type\":\"SearchAction\",\"target\":{\"@type\":\"EntryPoint\",\"urlTemplate\":\"https:\/\/www.liscianigiochi.com\/?s={search_term_string}\"},\"query-input\":{\"@type\":\"PropertyValueSpecification\",\"valueRequired\":true,\"valueName\":\"search_term_string\"}}],\"inLanguage\":\"fr-FR\"},{\"@type\":\"Organization\",\"@id\":\"https:\/\/www.liscianigiochi.com\/#organization\",\"name\":\"Lisciani Giochi\",\"url\":\"https:\/\/www.liscianigiochi.com\/\",\"logo\":{\"@type\":\"ImageObject\",\"inLanguage\":\"fr-FR\",\"@id\":\"https:\/\/www.liscianigiochi.com\/#\/schema\/logo\/image\/\",\"url\":\"https:\/\/www.liscianigiochi.com\/wp-content\/uploads\/2023\/10\/Logo@2x.png\",\"contentUrl\":\"https:\/\/www.liscianigiochi.com\/wp-content\/uploads\/2023\/10\/Logo@2x.png\",\"width\":384,\"height\":384,\"caption\":\"Lisciani Giochi\"},\"image\":{\"@id\":\"https:\/\/www.liscianigiochi.com\/#\/schema\/logo\/image\/\"},\"sameAs\":[\"https:\/\/www.facebook.com\/liscianigroup\",\"https:\/\/www.instagram.com\/liscianigiochi\/\"]}]}<\/script>\n<!-- \/ Yoast SEO plugin. -->","yoast_head_json":{"title":"I'm A Genius Science A La Maison Magnetism - Lisciani Giochi","robots":{"index":"index","follow":"follow","max-snippet":"max-snippet:-1","max-image-preview":"max-image-preview:large","max-video-preview":"max-video-preview:-1"},"canonical":"https:\/\/www.liscianigiochi.com\/fr\/shop\/jeux-scientifiques-fr\/science-a-la-maison-fr\/im-a-genius-science-a-la-maison-magnetism-fr\/","og_locale":"fr_FR","og_type":"article","og_title":"I'm A Genius Science A La Maison Magnetism - Lisciani Giochi","og_description":"Plus de 50 exp\u00e9riences scientifiques sur le magn\u00e9tisme et sur les champs magn\u00e9tiques","og_url":"https:\/\/www.liscianigiochi.com\/fr\/shop\/jeux-scientifiques-fr\/science-a-la-maison-fr\/im-a-genius-science-a-la-maison-magnetism-fr\/","og_site_name":"Lisciani Giochi","article_publisher":"https:\/\/www.facebook.com\/liscianigroup","article_modified_time":"2026-04-24T04:22:05+00:00","og_image":[{"url":"https:\/\/mf.liscianigiochi.it:8443\/media\/FR89345\/9776197A-1E58-4934-BF97-6CE2E71BC0F2.jpg","type":"","width":"","height":""}],"twitter_card":"summary_large_image","twitter_image":"https:\/\/mf.liscianigiochi.it:8443\/media\/FR89345\/9776197A-1E58-4934-BF97-6CE2E71BC0F2.jpg","schema":{"@context":"https:\/\/schema.org","@graph":[{"@type":"WebPage","@id":"https:\/\/www.liscianigiochi.com\/fr\/shop\/jeux-scientifiques-fr\/science-a-la-maison-fr\/im-a-genius-science-a-la-maison-magnetism-fr\/","url":"https:\/\/www.liscianigiochi.com\/fr\/shop\/jeux-scientifiques-fr\/science-a-la-maison-fr\/im-a-genius-science-a-la-maison-magnetism-fr\/","name":"I'm A Genius Science A La Maison Magnetism - Lisciani Giochi","isPartOf":{"@id":"https:\/\/www.liscianigiochi.com\/#website"},"primaryImageOfPage":{"@id":"https:\/\/www.liscianigiochi.com\/fr\/shop\/jeux-scientifiques-fr\/science-a-la-maison-fr\/im-a-genius-science-a-la-maison-magnetism-fr\/#primaryimage"},"image":{"@id":"https:\/\/www.liscianigiochi.com\/fr\/shop\/jeux-scientifiques-fr\/science-a-la-maison-fr\/im-a-genius-science-a-la-maison-magnetism-fr\/#primaryimage"},"thumbnailUrl":"https:\/\/mf.liscianigiochi.it:8443\/media\/FR89345\/9776197A-1E58-4934-BF97-6CE2E71BC0F2.jpg","datePublished":"2024-07-31T07:38:43+00:00","dateModified":"2026-04-24T04:22:05+00:00","breadcrumb":{"@id":"https:\/\/www.liscianigiochi.com\/fr\/shop\/jeux-scientifiques-fr\/science-a-la-maison-fr\/im-a-genius-science-a-la-maison-magnetism-fr\/#breadcrumb"},"inLanguage":"fr-FR","potentialAction":[{"@type":"ReadAction","target":["https:\/\/www.liscianigiochi.com\/fr\/shop\/jeux-scientifiques-fr\/science-a-la-maison-fr\/im-a-genius-science-a-la-maison-magnetism-fr\/"]}]},{"@type":"ImageObject","inLanguage":"fr-FR","@id":"https:\/\/www.liscianigiochi.com\/fr\/shop\/jeux-scientifiques-fr\/science-a-la-maison-fr\/im-a-genius-science-a-la-maison-magnetism-fr\/#primaryimage","url":"https:\/\/mf.liscianigiochi.it:8443\/media\/FR89345\/9776197A-1E58-4934-BF97-6CE2E71BC0F2.jpg","contentUrl":"https:\/\/mf.liscianigiochi.it:8443\/media\/FR89345\/9776197A-1E58-4934-BF97-6CE2E71BC0F2.jpg"},{"@type":"BreadcrumbList","@id":"https:\/\/www.liscianigiochi.com\/fr\/shop\/jeux-scientifiques-fr\/science-a-la-maison-fr\/im-a-genius-science-a-la-maison-magnetism-fr\/#breadcrumb","itemListElement":[{"@type":"ListItem","position":1,"name":"Home","item":"https:\/\/www.liscianigiochi.com\/"},{"@type":"ListItem","position":2,"name":"Boutique","item":"https:\/\/lg.udnt.it\/fr\/boutique\/"},{"@type":"ListItem","position":3,"name":"I&#8217;m A Genius Science A La Maison Magnetism"}]},{"@type":"WebSite","@id":"https:\/\/www.liscianigiochi.com\/#website","url":"https:\/\/www.liscianigiochi.com\/","name":"Lisciani Giochi","description":"","publisher":{"@id":"https:\/\/www.liscianigiochi.com\/#organization"},"potentialAction":[{"@type":"SearchAction","target":{"@type":"EntryPoint","urlTemplate":"https:\/\/www.liscianigiochi.com\/?s={search_term_string}"},"query-input":{"@type":"PropertyValueSpecification","valueRequired":true,"valueName":"search_term_string"}}],"inLanguage":"fr-FR"},{"@type":"Organization","@id":"https:\/\/www.liscianigiochi.com\/#organization","name":"Lisciani Giochi","url":"https:\/\/www.liscianigiochi.com\/","logo":{"@type":"ImageObject","inLanguage":"fr-FR","@id":"https:\/\/www.liscianigiochi.com\/#\/schema\/logo\/image\/","url":"https:\/\/www.liscianigiochi.com\/wp-content\/uploads\/2023\/10\/Logo@2x.png","contentUrl":"https:\/\/www.liscianigiochi.com\/wp-content\/uploads\/2023\/10\/Logo@2x.png","width":384,"height":384,"caption":"Lisciani Giochi"},"image":{"@id":"https:\/\/www.liscianigiochi.com\/#\/schema\/logo\/image\/"},"sameAs":["https:\/\/www.facebook.com\/liscianigroup","https:\/\/www.instagram.com\/liscianigiochi\/"]}]}},"fifu_image_url":"https:\/\/mf.liscianigiochi.it:8443\/media\/FR89345\/9776197A-1E58-4934-BF97-6CE2E71BC0F2.jpg","_links":{"self":[{"href":"https:\/\/www.liscianigiochi.com\/fr\/wp-json\/wp\/v2\/product\/712041","targetHints":{"allow":["GET"]}}],"collection":[{"href":"https:\/\/www.liscianigiochi.com\/fr\/wp-json\/wp\/v2\/product"}],"about":[{"href":"https:\/\/www.liscianigiochi.com\/fr\/wp-json\/wp\/v2\/types\/product"}],"wp:featuredmedia":[{"embeddable":true,"href":"https:\/\/www.liscianigiochi.com\/fr\/wp-json\/wp\/v2\/media\/1075054"}],"wp:attachment":[{"href":"https:\/\/www.liscianigiochi.com\/fr\/wp-json\/wp\/v2\/media?parent=712041"}],"wp:term":[{"taxonomy":"product_brand","embeddable":true,"href":"https:\/\/www.liscianigiochi.com\/fr\/wp-json\/wp\/v2\/product_brand?post=712041"},{"taxonomy":"product_cat","embeddable":true,"href":"https:\/\/www.liscianigiochi.com\/fr\/wp-json\/wp\/v2\/product_cat?post=712041"},{"taxonomy":"product_tag","embeddable":true,"href":"https:\/\/www.liscianigiochi.com\/fr\/wp-json\/wp\/v2\/product_tag?post=712041"}],"curies":[{"name":"wp","href":"https:\/\/api.w.org\/{rel}","templated":true}]}}