{"id":744596,"date":"2024-08-02T05:18:22","date_gmt":"2024-08-02T03:18:22","guid":{"rendered":"https:\/\/www.liscianigiochi.com\/shop\/uncategorized\/stitch-ecole-de-dessin-avec-table-lumineuse-fr\/"},"modified":"2026-04-03T06:21:29","modified_gmt":"2026-04-03T04:21:29","slug":"stitch-ecole-de-dessin-avec-table-lumineuse-fr","status":"publish","type":"product","link":"https:\/\/www.liscianigiochi.com\/fr\/shop\/jeux-creatifs-fr\/art-craft-coloring-fr\/stitch-ecole-de-dessin-avec-table-lumineuse-fr\/","title":{"rendered":"Stitch \u00c9cole De Dessin Avec Table Lumineuse"},"content":{"rendered":"<p>Un kit cr\u00e9atif original pour vous aider \u00e0 devenir de v\u00e9ritables artistes ! Avec la table lumineuse A4, vous pouvez apprendre \u00e0 dessiner des personnages et des images Stitch. Dans le coffret vous trouverez \u00e9galement des pochoirs, des stickers, des feutres parfum\u00e9s et des couleurs pour d\u00e9corer vos cr\u00e9ations et personnaliser la table lumineuse.<\/p>\n","protected":false},"excerpt":{"rendered":"<p>Devenez un artiste avec la table lumineuse Stitch !<\/p>\n","protected":false},"featured_media":1840785,"template":"","meta":{"_acf_changed":false},"product_brand":[],"product_cat":[2856,2834],"product_tag":[3061,3073],"class_list":{"0":"post-744596","1":"product","2":"type-product","3":"status-publish","4":"has-post-thumbnail","6":"product_cat-art-craft-coloring-fr","7":"product_cat-jeux-creatifs-fr","8":"product_tag-5-6-ans-fr","9":"product_tag-disney-giocattolo-fr","11":"first","12":"instock","13":"shipping-taxable","14":"product-type-simple"},"acf":[],"yoast_head":"<!-- This site is optimized with the Yoast SEO plugin v26.5 - https:\/\/yoast.com\/wordpress\/plugins\/seo\/ -->\n<title>Stitch \u00c9cole De Dessin Avec Table Lumineuse - Lisciani Giochi<\/title>\n<meta name=\"robots\" content=\"index, follow, max-snippet:-1, max-image-preview:large, max-video-preview:-1\" \/>\n<link rel=\"canonical\" href=\"https:\/\/www.liscianigiochi.com\/fr\/shop\/uncategorized\/stitch-ecole-de-dessin-avec-table-lumineuse-fr\/\" \/>\n<meta property=\"og:locale\" content=\"fr_FR\" \/>\n<meta property=\"og:type\" content=\"article\" \/>\n<meta property=\"og:title\" content=\"Stitch \u00c9cole De Dessin Avec Table Lumineuse - Lisciani Giochi\" \/>\n<meta property=\"og:description\" content=\"Devenez un artiste avec la table lumineuse Stitch !\" \/>\n<meta property=\"og:url\" content=\"https:\/\/www.liscianigiochi.com\/fr\/shop\/uncategorized\/stitch-ecole-de-dessin-avec-table-lumineuse-fr\/\" \/>\n<meta property=\"og:site_name\" content=\"Lisciani Giochi\" \/>\n<meta property=\"article:publisher\" content=\"https:\/\/www.facebook.com\/liscianigroup\" \/>\n<meta property=\"article:modified_time\" content=\"2026-04-03T04:21:29+00:00\" \/>\n<meta property=\"og:image\" content=\"https:\/\/mf.liscianigiochi.it:8443\/media\/107582\/56FEA676-4693-47CE-BF2D-2D7C03AFCC64.jpg\" \/>\n<meta name=\"twitter:card\" content=\"summary_large_image\" \/>\n<meta name=\"twitter:image\" content=\"https:\/\/mf.liscianigiochi.it:8443\/media\/107582\/56FEA676-4693-47CE-BF2D-2D7C03AFCC64.jpg\" \/>\n<script type=\"application\/ld+json\" class=\"yoast-schema-graph\">{\"@context\":\"https:\/\/schema.org\",\"@graph\":[{\"@type\":\"WebPage\",\"@id\":\"https:\/\/www.liscianigiochi.com\/fr\/shop\/uncategorized\/stitch-ecole-de-dessin-avec-table-lumineuse-fr\/\",\"url\":\"https:\/\/www.liscianigiochi.com\/fr\/shop\/uncategorized\/stitch-ecole-de-dessin-avec-table-lumineuse-fr\/\",\"name\":\"Stitch \u00c9cole De Dessin Avec Table Lumineuse - Lisciani Giochi\",\"isPartOf\":{\"@id\":\"https:\/\/www.liscianigiochi.com\/#website\"},\"primaryImageOfPage\":{\"@id\":\"https:\/\/www.liscianigiochi.com\/fr\/shop\/uncategorized\/stitch-ecole-de-dessin-avec-table-lumineuse-fr\/#primaryimage\"},\"image\":{\"@id\":\"https:\/\/www.liscianigiochi.com\/fr\/shop\/uncategorized\/stitch-ecole-de-dessin-avec-table-lumineuse-fr\/#primaryimage\"},\"thumbnailUrl\":\"https:\/\/mf.liscianigiochi.it:8443\/media\/107582\/56FEA676-4693-47CE-BF2D-2D7C03AFCC64.jpg\",\"datePublished\":\"2024-08-02T03:18:22+00:00\",\"dateModified\":\"2026-04-03T04:21:29+00:00\",\"breadcrumb\":{\"@id\":\"https:\/\/www.liscianigiochi.com\/fr\/shop\/uncategorized\/stitch-ecole-de-dessin-avec-table-lumineuse-fr\/#breadcrumb\"},\"inLanguage\":\"fr-FR\",\"potentialAction\":[{\"@type\":\"ReadAction\",\"target\":[\"https:\/\/www.liscianigiochi.com\/fr\/shop\/uncategorized\/stitch-ecole-de-dessin-avec-table-lumineuse-fr\/\"]}]},{\"@type\":\"ImageObject\",\"inLanguage\":\"fr-FR\",\"@id\":\"https:\/\/www.liscianigiochi.com\/fr\/shop\/uncategorized\/stitch-ecole-de-dessin-avec-table-lumineuse-fr\/#primaryimage\",\"url\":\"https:\/\/mf.liscianigiochi.it:8443\/media\/107582\/56FEA676-4693-47CE-BF2D-2D7C03AFCC64.jpg\",\"contentUrl\":\"https:\/\/mf.liscianigiochi.it:8443\/media\/107582\/56FEA676-4693-47CE-BF2D-2D7C03AFCC64.jpg\"},{\"@type\":\"BreadcrumbList\",\"@id\":\"https:\/\/www.liscianigiochi.com\/fr\/shop\/uncategorized\/stitch-ecole-de-dessin-avec-table-lumineuse-fr\/#breadcrumb\",\"itemListElement\":[{\"@type\":\"ListItem\",\"position\":1,\"name\":\"Home\",\"item\":\"https:\/\/www.liscianigiochi.com\/\"},{\"@type\":\"ListItem\",\"position\":2,\"name\":\"Boutique\",\"item\":\"https:\/\/lg.udnt.it\/fr\/boutique\/\"},{\"@type\":\"ListItem\",\"position\":3,\"name\":\"Stitch \u00c9cole De Dessin Avec Table Lumineuse\"}]},{\"@type\":\"WebSite\",\"@id\":\"https:\/\/www.liscianigiochi.com\/#website\",\"url\":\"https:\/\/www.liscianigiochi.com\/\",\"name\":\"Lisciani Giochi\",\"description\":\"\",\"publisher\":{\"@id\":\"https:\/\/www.liscianigiochi.com\/#organization\"},\"potentialAction\":[{\"@type\":\"SearchAction\",\"target\":{\"@type\":\"EntryPoint\",\"urlTemplate\":\"https:\/\/www.liscianigiochi.com\/?s={search_term_string}\"},\"query-input\":{\"@type\":\"PropertyValueSpecification\",\"valueRequired\":true,\"valueName\":\"search_term_string\"}}],\"inLanguage\":\"fr-FR\"},{\"@type\":\"Organization\",\"@id\":\"https:\/\/www.liscianigiochi.com\/#organization\",\"name\":\"Lisciani Giochi\",\"url\":\"https:\/\/www.liscianigiochi.com\/\",\"logo\":{\"@type\":\"ImageObject\",\"inLanguage\":\"fr-FR\",\"@id\":\"https:\/\/www.liscianigiochi.com\/#\/schema\/logo\/image\/\",\"url\":\"https:\/\/www.liscianigiochi.com\/wp-content\/uploads\/2023\/10\/Logo@2x.png\",\"contentUrl\":\"https:\/\/www.liscianigiochi.com\/wp-content\/uploads\/2023\/10\/Logo@2x.png\",\"width\":384,\"height\":384,\"caption\":\"Lisciani Giochi\"},\"image\":{\"@id\":\"https:\/\/www.liscianigiochi.com\/#\/schema\/logo\/image\/\"},\"sameAs\":[\"https:\/\/www.facebook.com\/liscianigroup\",\"https:\/\/www.instagram.com\/liscianigiochi\/\"]}]}<\/script>\n<!-- \/ Yoast SEO plugin. -->","yoast_head_json":{"title":"Stitch \u00c9cole De Dessin Avec Table Lumineuse - Lisciani Giochi","robots":{"index":"index","follow":"follow","max-snippet":"max-snippet:-1","max-image-preview":"max-image-preview:large","max-video-preview":"max-video-preview:-1"},"canonical":"https:\/\/www.liscianigiochi.com\/fr\/shop\/uncategorized\/stitch-ecole-de-dessin-avec-table-lumineuse-fr\/","og_locale":"fr_FR","og_type":"article","og_title":"Stitch \u00c9cole De Dessin Avec Table Lumineuse - Lisciani Giochi","og_description":"Devenez un artiste avec la table lumineuse Stitch !","og_url":"https:\/\/www.liscianigiochi.com\/fr\/shop\/uncategorized\/stitch-ecole-de-dessin-avec-table-lumineuse-fr\/","og_site_name":"Lisciani Giochi","article_publisher":"https:\/\/www.facebook.com\/liscianigroup","article_modified_time":"2026-04-03T04:21:29+00:00","og_image":[{"url":"https:\/\/mf.liscianigiochi.it:8443\/media\/107582\/56FEA676-4693-47CE-BF2D-2D7C03AFCC64.jpg","type":"","width":"","height":""}],"twitter_card":"summary_large_image","twitter_image":"https:\/\/mf.liscianigiochi.it:8443\/media\/107582\/56FEA676-4693-47CE-BF2D-2D7C03AFCC64.jpg","schema":{"@context":"https:\/\/schema.org","@graph":[{"@type":"WebPage","@id":"https:\/\/www.liscianigiochi.com\/fr\/shop\/uncategorized\/stitch-ecole-de-dessin-avec-table-lumineuse-fr\/","url":"https:\/\/www.liscianigiochi.com\/fr\/shop\/uncategorized\/stitch-ecole-de-dessin-avec-table-lumineuse-fr\/","name":"Stitch \u00c9cole De Dessin Avec Table Lumineuse - Lisciani Giochi","isPartOf":{"@id":"https:\/\/www.liscianigiochi.com\/#website"},"primaryImageOfPage":{"@id":"https:\/\/www.liscianigiochi.com\/fr\/shop\/uncategorized\/stitch-ecole-de-dessin-avec-table-lumineuse-fr\/#primaryimage"},"image":{"@id":"https:\/\/www.liscianigiochi.com\/fr\/shop\/uncategorized\/stitch-ecole-de-dessin-avec-table-lumineuse-fr\/#primaryimage"},"thumbnailUrl":"https:\/\/mf.liscianigiochi.it:8443\/media\/107582\/56FEA676-4693-47CE-BF2D-2D7C03AFCC64.jpg","datePublished":"2024-08-02T03:18:22+00:00","dateModified":"2026-04-03T04:21:29+00:00","breadcrumb":{"@id":"https:\/\/www.liscianigiochi.com\/fr\/shop\/uncategorized\/stitch-ecole-de-dessin-avec-table-lumineuse-fr\/#breadcrumb"},"inLanguage":"fr-FR","potentialAction":[{"@type":"ReadAction","target":["https:\/\/www.liscianigiochi.com\/fr\/shop\/uncategorized\/stitch-ecole-de-dessin-avec-table-lumineuse-fr\/"]}]},{"@type":"ImageObject","inLanguage":"fr-FR","@id":"https:\/\/www.liscianigiochi.com\/fr\/shop\/uncategorized\/stitch-ecole-de-dessin-avec-table-lumineuse-fr\/#primaryimage","url":"https:\/\/mf.liscianigiochi.it:8443\/media\/107582\/56FEA676-4693-47CE-BF2D-2D7C03AFCC64.jpg","contentUrl":"https:\/\/mf.liscianigiochi.it:8443\/media\/107582\/56FEA676-4693-47CE-BF2D-2D7C03AFCC64.jpg"},{"@type":"BreadcrumbList","@id":"https:\/\/www.liscianigiochi.com\/fr\/shop\/uncategorized\/stitch-ecole-de-dessin-avec-table-lumineuse-fr\/#breadcrumb","itemListElement":[{"@type":"ListItem","position":1,"name":"Home","item":"https:\/\/www.liscianigiochi.com\/"},{"@type":"ListItem","position":2,"name":"Boutique","item":"https:\/\/lg.udnt.it\/fr\/boutique\/"},{"@type":"ListItem","position":3,"name":"Stitch \u00c9cole De Dessin Avec Table Lumineuse"}]},{"@type":"WebSite","@id":"https:\/\/www.liscianigiochi.com\/#website","url":"https:\/\/www.liscianigiochi.com\/","name":"Lisciani Giochi","description":"","publisher":{"@id":"https:\/\/www.liscianigiochi.com\/#organization"},"potentialAction":[{"@type":"SearchAction","target":{"@type":"EntryPoint","urlTemplate":"https:\/\/www.liscianigiochi.com\/?s={search_term_string}"},"query-input":{"@type":"PropertyValueSpecification","valueRequired":true,"valueName":"search_term_string"}}],"inLanguage":"fr-FR"},{"@type":"Organization","@id":"https:\/\/www.liscianigiochi.com\/#organization","name":"Lisciani Giochi","url":"https:\/\/www.liscianigiochi.com\/","logo":{"@type":"ImageObject","inLanguage":"fr-FR","@id":"https:\/\/www.liscianigiochi.com\/#\/schema\/logo\/image\/","url":"https:\/\/www.liscianigiochi.com\/wp-content\/uploads\/2023\/10\/Logo@2x.png","contentUrl":"https:\/\/www.liscianigiochi.com\/wp-content\/uploads\/2023\/10\/Logo@2x.png","width":384,"height":384,"caption":"Lisciani Giochi"},"image":{"@id":"https:\/\/www.liscianigiochi.com\/#\/schema\/logo\/image\/"},"sameAs":["https:\/\/www.facebook.com\/liscianigroup","https:\/\/www.instagram.com\/liscianigiochi\/"]}]}},"fifu_image_url":"https:\/\/mf.liscianigiochi.it:8443\/media\/107582\/56FEA676-4693-47CE-BF2D-2D7C03AFCC64.jpg","_links":{"self":[{"href":"https:\/\/www.liscianigiochi.com\/fr\/wp-json\/wp\/v2\/product\/744596","targetHints":{"allow":["GET"]}}],"collection":[{"href":"https:\/\/www.liscianigiochi.com\/fr\/wp-json\/wp\/v2\/product"}],"about":[{"href":"https:\/\/www.liscianigiochi.com\/fr\/wp-json\/wp\/v2\/types\/product"}],"wp:featuredmedia":[{"embeddable":true,"href":"https:\/\/www.liscianigiochi.com\/fr\/wp-json\/wp\/v2\/media\/1840785"}],"wp:attachment":[{"href":"https:\/\/www.liscianigiochi.com\/fr\/wp-json\/wp\/v2\/media?parent=744596"}],"wp:term":[{"taxonomy":"product_brand","embeddable":true,"href":"https:\/\/www.liscianigiochi.com\/fr\/wp-json\/wp\/v2\/product_brand?post=744596"},{"taxonomy":"product_cat","embeddable":true,"href":"https:\/\/www.liscianigiochi.com\/fr\/wp-json\/wp\/v2\/product_cat?post=744596"},{"taxonomy":"product_tag","embeddable":true,"href":"https:\/\/www.liscianigiochi.com\/fr\/wp-json\/wp\/v2\/product_tag?post=744596"}],"curies":[{"name":"wp","href":"https:\/\/api.w.org\/{rel}","templated":true}]}}