{"id":744867,"date":"2024-08-02T05:20:59","date_gmt":"2024-08-02T03:20:59","guid":{"rendered":"https:\/\/www.liscianigiochi.com\/shop\/uncategorized\/gabbys-dollhouse-sac-a-dos-ecole-de-coloriage-et-de-dessin-fr\/"},"modified":"2026-04-10T06:21:58","modified_gmt":"2026-04-10T04:21:58","slug":"gabbys-dollhouse-sac-a-dos-ecole-de-coloriage-et-de-dessin-fr","status":"publish","type":"product","link":"https:\/\/www.liscianigiochi.com\/fr\/shop\/jeux-creatifs-fr\/art-craft-coloring-fr\/gabbys-dollhouse-sac-a-dos-ecole-de-coloriage-et-de-dessin-fr\/","title":{"rendered":"Gabby&#8217;s Dollhouse Sac A Dos \u00c9cole De Coloriage Et De Dessin"},"content":{"rendered":"<p>Dessinez et coloriez avec cette nouvelle \u00e9cole de dessin \u00e0 emporter toujours avec vous dans un sac \u00e0 dos original, parfait pour l&#8217;\u00e9cole ou d&#8217;autres aventures du quotidien ! \u00c0 l&#8217;int\u00e9rieur du sac \u00e0 dos, vous trouverez 4 ardoises pour \u00e9crire et effacer, des personnages en forme pour se d\u00e9placer dans le sc\u00e9nario, des autocollants et bien plus encore !<\/p>\n","protected":false},"excerpt":{"rendered":"<p>Emportez vos dessins avec vous avec le sac \u00e0 dos scintillant de Gabby !<\/p>\n","protected":false},"featured_media":1841194,"template":"","meta":{"_acf_changed":false},"product_brand":[],"product_cat":[2856,2834],"product_tag":[3059,3061,3228,3233],"class_list":{"0":"post-744867","1":"product","2":"type-product","3":"status-publish","4":"has-post-thumbnail","6":"product_cat-art-craft-coloring-fr","7":"product_cat-jeux-creatifs-fr","8":"product_tag-3-4-ans-fr","9":"product_tag-5-6-ans-fr","10":"product_tag-gabbys-dollhouse-fr","11":"product_tag-gabbys-dollhouse-fr-2","13":"first","14":"instock","15":"shipping-taxable","16":"product-type-simple"},"acf":[],"yoast_head":"<!-- This site is optimized with the Yoast SEO plugin v26.5 - https:\/\/yoast.com\/wordpress\/plugins\/seo\/ -->\n<title>Gabby&#039;s Dollhouse Sac A Dos \u00c9cole De Coloriage Et De Dessin - Lisciani Giochi<\/title>\n<meta name=\"robots\" content=\"index, follow, max-snippet:-1, max-image-preview:large, max-video-preview:-1\" \/>\n<link rel=\"canonical\" href=\"https:\/\/www.liscianigiochi.com\/fr\/shop\/jeux-creatifs-fr\/art-craft-coloring-fr\/gabbys-dollhouse-sac-a-dos-ecole-de-coloriage-et-de-dessin-fr\/\" \/>\n<meta property=\"og:locale\" content=\"fr_FR\" \/>\n<meta property=\"og:type\" content=\"article\" \/>\n<meta property=\"og:title\" content=\"Gabby&#039;s Dollhouse Sac A Dos \u00c9cole De Coloriage Et De Dessin - Lisciani Giochi\" \/>\n<meta property=\"og:description\" content=\"Emportez vos dessins avec vous avec le sac \u00e0 dos scintillant de Gabby !\" \/>\n<meta property=\"og:url\" content=\"https:\/\/www.liscianigiochi.com\/fr\/shop\/jeux-creatifs-fr\/art-craft-coloring-fr\/gabbys-dollhouse-sac-a-dos-ecole-de-coloriage-et-de-dessin-fr\/\" \/>\n<meta property=\"og:site_name\" content=\"Lisciani Giochi\" \/>\n<meta property=\"article:publisher\" content=\"https:\/\/www.facebook.com\/liscianigroup\" \/>\n<meta property=\"article:modified_time\" content=\"2026-04-10T04:21:58+00:00\" \/>\n<meta property=\"og:image\" content=\"https:\/\/mf.liscianigiochi.it:8443\/media\/106288\/A67402BB-6D1B-4437-8728-ACC6D5C552DE.jpg\" \/>\n<meta name=\"twitter:card\" content=\"summary_large_image\" \/>\n<meta name=\"twitter:image\" content=\"https:\/\/mf.liscianigiochi.it:8443\/media\/106288\/A67402BB-6D1B-4437-8728-ACC6D5C552DE.jpg\" \/>\n<script type=\"application\/ld+json\" class=\"yoast-schema-graph\">{\"@context\":\"https:\/\/schema.org\",\"@graph\":[{\"@type\":\"WebPage\",\"@id\":\"https:\/\/www.liscianigiochi.com\/fr\/shop\/jeux-creatifs-fr\/art-craft-coloring-fr\/gabbys-dollhouse-sac-a-dos-ecole-de-coloriage-et-de-dessin-fr\/\",\"url\":\"https:\/\/www.liscianigiochi.com\/fr\/shop\/jeux-creatifs-fr\/art-craft-coloring-fr\/gabbys-dollhouse-sac-a-dos-ecole-de-coloriage-et-de-dessin-fr\/\",\"name\":\"Gabby's Dollhouse Sac A Dos \u00c9cole De Coloriage Et De Dessin - Lisciani Giochi\",\"isPartOf\":{\"@id\":\"https:\/\/www.liscianigiochi.com\/#website\"},\"primaryImageOfPage\":{\"@id\":\"https:\/\/www.liscianigiochi.com\/fr\/shop\/jeux-creatifs-fr\/art-craft-coloring-fr\/gabbys-dollhouse-sac-a-dos-ecole-de-coloriage-et-de-dessin-fr\/#primaryimage\"},\"image\":{\"@id\":\"https:\/\/www.liscianigiochi.com\/fr\/shop\/jeux-creatifs-fr\/art-craft-coloring-fr\/gabbys-dollhouse-sac-a-dos-ecole-de-coloriage-et-de-dessin-fr\/#primaryimage\"},\"thumbnailUrl\":\"https:\/\/mf.liscianigiochi.it:8443\/media\/106288\/A67402BB-6D1B-4437-8728-ACC6D5C552DE.jpg\",\"datePublished\":\"2024-08-02T03:20:59+00:00\",\"dateModified\":\"2026-04-10T04:21:58+00:00\",\"breadcrumb\":{\"@id\":\"https:\/\/www.liscianigiochi.com\/fr\/shop\/jeux-creatifs-fr\/art-craft-coloring-fr\/gabbys-dollhouse-sac-a-dos-ecole-de-coloriage-et-de-dessin-fr\/#breadcrumb\"},\"inLanguage\":\"fr-FR\",\"potentialAction\":[{\"@type\":\"ReadAction\",\"target\":[\"https:\/\/www.liscianigiochi.com\/fr\/shop\/jeux-creatifs-fr\/art-craft-coloring-fr\/gabbys-dollhouse-sac-a-dos-ecole-de-coloriage-et-de-dessin-fr\/\"]}]},{\"@type\":\"ImageObject\",\"inLanguage\":\"fr-FR\",\"@id\":\"https:\/\/www.liscianigiochi.com\/fr\/shop\/jeux-creatifs-fr\/art-craft-coloring-fr\/gabbys-dollhouse-sac-a-dos-ecole-de-coloriage-et-de-dessin-fr\/#primaryimage\",\"url\":\"https:\/\/mf.liscianigiochi.it:8443\/media\/106288\/A67402BB-6D1B-4437-8728-ACC6D5C552DE.jpg\",\"contentUrl\":\"https:\/\/mf.liscianigiochi.it:8443\/media\/106288\/A67402BB-6D1B-4437-8728-ACC6D5C552DE.jpg\"},{\"@type\":\"BreadcrumbList\",\"@id\":\"https:\/\/www.liscianigiochi.com\/fr\/shop\/jeux-creatifs-fr\/art-craft-coloring-fr\/gabbys-dollhouse-sac-a-dos-ecole-de-coloriage-et-de-dessin-fr\/#breadcrumb\",\"itemListElement\":[{\"@type\":\"ListItem\",\"position\":1,\"name\":\"Home\",\"item\":\"https:\/\/www.liscianigiochi.com\/\"},{\"@type\":\"ListItem\",\"position\":2,\"name\":\"Boutique\",\"item\":\"https:\/\/lg.udnt.it\/fr\/boutique\/\"},{\"@type\":\"ListItem\",\"position\":3,\"name\":\"Gabby&#8217;s Dollhouse Sac A Dos \u00c9cole De Coloriage Et De Dessin\"}]},{\"@type\":\"WebSite\",\"@id\":\"https:\/\/www.liscianigiochi.com\/#website\",\"url\":\"https:\/\/www.liscianigiochi.com\/\",\"name\":\"Lisciani Giochi\",\"description\":\"\",\"publisher\":{\"@id\":\"https:\/\/www.liscianigiochi.com\/#organization\"},\"potentialAction\":[{\"@type\":\"SearchAction\",\"target\":{\"@type\":\"EntryPoint\",\"urlTemplate\":\"https:\/\/www.liscianigiochi.com\/?s={search_term_string}\"},\"query-input\":{\"@type\":\"PropertyValueSpecification\",\"valueRequired\":true,\"valueName\":\"search_term_string\"}}],\"inLanguage\":\"fr-FR\"},{\"@type\":\"Organization\",\"@id\":\"https:\/\/www.liscianigiochi.com\/#organization\",\"name\":\"Lisciani Giochi\",\"url\":\"https:\/\/www.liscianigiochi.com\/\",\"logo\":{\"@type\":\"ImageObject\",\"inLanguage\":\"fr-FR\",\"@id\":\"https:\/\/www.liscianigiochi.com\/#\/schema\/logo\/image\/\",\"url\":\"https:\/\/www.liscianigiochi.com\/wp-content\/uploads\/2023\/10\/Logo@2x.png\",\"contentUrl\":\"https:\/\/www.liscianigiochi.com\/wp-content\/uploads\/2023\/10\/Logo@2x.png\",\"width\":384,\"height\":384,\"caption\":\"Lisciani Giochi\"},\"image\":{\"@id\":\"https:\/\/www.liscianigiochi.com\/#\/schema\/logo\/image\/\"},\"sameAs\":[\"https:\/\/www.facebook.com\/liscianigroup\",\"https:\/\/www.instagram.com\/liscianigiochi\/\"]}]}<\/script>\n<!-- \/ Yoast SEO plugin. -->","yoast_head_json":{"title":"Gabby's Dollhouse Sac A Dos \u00c9cole De Coloriage Et De Dessin - Lisciani Giochi","robots":{"index":"index","follow":"follow","max-snippet":"max-snippet:-1","max-image-preview":"max-image-preview:large","max-video-preview":"max-video-preview:-1"},"canonical":"https:\/\/www.liscianigiochi.com\/fr\/shop\/jeux-creatifs-fr\/art-craft-coloring-fr\/gabbys-dollhouse-sac-a-dos-ecole-de-coloriage-et-de-dessin-fr\/","og_locale":"fr_FR","og_type":"article","og_title":"Gabby's Dollhouse Sac A Dos \u00c9cole De Coloriage Et De Dessin - Lisciani Giochi","og_description":"Emportez vos dessins avec vous avec le sac \u00e0 dos scintillant de Gabby !","og_url":"https:\/\/www.liscianigiochi.com\/fr\/shop\/jeux-creatifs-fr\/art-craft-coloring-fr\/gabbys-dollhouse-sac-a-dos-ecole-de-coloriage-et-de-dessin-fr\/","og_site_name":"Lisciani Giochi","article_publisher":"https:\/\/www.facebook.com\/liscianigroup","article_modified_time":"2026-04-10T04:21:58+00:00","og_image":[{"url":"https:\/\/mf.liscianigiochi.it:8443\/media\/106288\/A67402BB-6D1B-4437-8728-ACC6D5C552DE.jpg","type":"","width":"","height":""}],"twitter_card":"summary_large_image","twitter_image":"https:\/\/mf.liscianigiochi.it:8443\/media\/106288\/A67402BB-6D1B-4437-8728-ACC6D5C552DE.jpg","schema":{"@context":"https:\/\/schema.org","@graph":[{"@type":"WebPage","@id":"https:\/\/www.liscianigiochi.com\/fr\/shop\/jeux-creatifs-fr\/art-craft-coloring-fr\/gabbys-dollhouse-sac-a-dos-ecole-de-coloriage-et-de-dessin-fr\/","url":"https:\/\/www.liscianigiochi.com\/fr\/shop\/jeux-creatifs-fr\/art-craft-coloring-fr\/gabbys-dollhouse-sac-a-dos-ecole-de-coloriage-et-de-dessin-fr\/","name":"Gabby's Dollhouse Sac A Dos \u00c9cole De Coloriage Et De Dessin - Lisciani Giochi","isPartOf":{"@id":"https:\/\/www.liscianigiochi.com\/#website"},"primaryImageOfPage":{"@id":"https:\/\/www.liscianigiochi.com\/fr\/shop\/jeux-creatifs-fr\/art-craft-coloring-fr\/gabbys-dollhouse-sac-a-dos-ecole-de-coloriage-et-de-dessin-fr\/#primaryimage"},"image":{"@id":"https:\/\/www.liscianigiochi.com\/fr\/shop\/jeux-creatifs-fr\/art-craft-coloring-fr\/gabbys-dollhouse-sac-a-dos-ecole-de-coloriage-et-de-dessin-fr\/#primaryimage"},"thumbnailUrl":"https:\/\/mf.liscianigiochi.it:8443\/media\/106288\/A67402BB-6D1B-4437-8728-ACC6D5C552DE.jpg","datePublished":"2024-08-02T03:20:59+00:00","dateModified":"2026-04-10T04:21:58+00:00","breadcrumb":{"@id":"https:\/\/www.liscianigiochi.com\/fr\/shop\/jeux-creatifs-fr\/art-craft-coloring-fr\/gabbys-dollhouse-sac-a-dos-ecole-de-coloriage-et-de-dessin-fr\/#breadcrumb"},"inLanguage":"fr-FR","potentialAction":[{"@type":"ReadAction","target":["https:\/\/www.liscianigiochi.com\/fr\/shop\/jeux-creatifs-fr\/art-craft-coloring-fr\/gabbys-dollhouse-sac-a-dos-ecole-de-coloriage-et-de-dessin-fr\/"]}]},{"@type":"ImageObject","inLanguage":"fr-FR","@id":"https:\/\/www.liscianigiochi.com\/fr\/shop\/jeux-creatifs-fr\/art-craft-coloring-fr\/gabbys-dollhouse-sac-a-dos-ecole-de-coloriage-et-de-dessin-fr\/#primaryimage","url":"https:\/\/mf.liscianigiochi.it:8443\/media\/106288\/A67402BB-6D1B-4437-8728-ACC6D5C552DE.jpg","contentUrl":"https:\/\/mf.liscianigiochi.it:8443\/media\/106288\/A67402BB-6D1B-4437-8728-ACC6D5C552DE.jpg"},{"@type":"BreadcrumbList","@id":"https:\/\/www.liscianigiochi.com\/fr\/shop\/jeux-creatifs-fr\/art-craft-coloring-fr\/gabbys-dollhouse-sac-a-dos-ecole-de-coloriage-et-de-dessin-fr\/#breadcrumb","itemListElement":[{"@type":"ListItem","position":1,"name":"Home","item":"https:\/\/www.liscianigiochi.com\/"},{"@type":"ListItem","position":2,"name":"Boutique","item":"https:\/\/lg.udnt.it\/fr\/boutique\/"},{"@type":"ListItem","position":3,"name":"Gabby&#8217;s Dollhouse Sac A Dos \u00c9cole De Coloriage Et De Dessin"}]},{"@type":"WebSite","@id":"https:\/\/www.liscianigiochi.com\/#website","url":"https:\/\/www.liscianigiochi.com\/","name":"Lisciani Giochi","description":"","publisher":{"@id":"https:\/\/www.liscianigiochi.com\/#organization"},"potentialAction":[{"@type":"SearchAction","target":{"@type":"EntryPoint","urlTemplate":"https:\/\/www.liscianigiochi.com\/?s={search_term_string}"},"query-input":{"@type":"PropertyValueSpecification","valueRequired":true,"valueName":"search_term_string"}}],"inLanguage":"fr-FR"},{"@type":"Organization","@id":"https:\/\/www.liscianigiochi.com\/#organization","name":"Lisciani Giochi","url":"https:\/\/www.liscianigiochi.com\/","logo":{"@type":"ImageObject","inLanguage":"fr-FR","@id":"https:\/\/www.liscianigiochi.com\/#\/schema\/logo\/image\/","url":"https:\/\/www.liscianigiochi.com\/wp-content\/uploads\/2023\/10\/Logo@2x.png","contentUrl":"https:\/\/www.liscianigiochi.com\/wp-content\/uploads\/2023\/10\/Logo@2x.png","width":384,"height":384,"caption":"Lisciani Giochi"},"image":{"@id":"https:\/\/www.liscianigiochi.com\/#\/schema\/logo\/image\/"},"sameAs":["https:\/\/www.facebook.com\/liscianigroup","https:\/\/www.instagram.com\/liscianigiochi\/"]}]}},"fifu_image_url":"https:\/\/mf.liscianigiochi.it:8443\/media\/106288\/A67402BB-6D1B-4437-8728-ACC6D5C552DE.jpg","_links":{"self":[{"href":"https:\/\/www.liscianigiochi.com\/fr\/wp-json\/wp\/v2\/product\/744867","targetHints":{"allow":["GET"]}}],"collection":[{"href":"https:\/\/www.liscianigiochi.com\/fr\/wp-json\/wp\/v2\/product"}],"about":[{"href":"https:\/\/www.liscianigiochi.com\/fr\/wp-json\/wp\/v2\/types\/product"}],"wp:featuredmedia":[{"embeddable":true,"href":"https:\/\/www.liscianigiochi.com\/fr\/wp-json\/wp\/v2\/media\/1841194"}],"wp:attachment":[{"href":"https:\/\/www.liscianigiochi.com\/fr\/wp-json\/wp\/v2\/media?parent=744867"}],"wp:term":[{"taxonomy":"product_brand","embeddable":true,"href":"https:\/\/www.liscianigiochi.com\/fr\/wp-json\/wp\/v2\/product_brand?post=744867"},{"taxonomy":"product_cat","embeddable":true,"href":"https:\/\/www.liscianigiochi.com\/fr\/wp-json\/wp\/v2\/product_cat?post=744867"},{"taxonomy":"product_tag","embeddable":true,"href":"https:\/\/www.liscianigiochi.com\/fr\/wp-json\/wp\/v2\/product_tag?post=744867"}],"curies":[{"name":"wp","href":"https:\/\/api.w.org\/{rel}","templated":true}]}}