{"id":745086,"date":"2024-08-02T05:22:47","date_gmt":"2024-08-02T03:22:47","guid":{"rendered":"https:\/\/www.liscianigiochi.com\/shop\/uncategorized\/stitch-bijoux-damitie-fr\/"},"modified":"2026-04-10T06:22:12","modified_gmt":"2026-04-10T04:22:12","slug":"stitch-bijoux-damitie-fr","status":"publish","type":"product","link":"https:\/\/www.liscianigiochi.com\/fr\/shop\/jeux-creatifs-fr\/beads-and-jewelry-fr\/stitch-bijoux-damitie-fr\/","title":{"rendered":"Stitch Bijoux D&#8217;amiti\u00e9"},"content":{"rendered":"<p>Cette magnifique bo\u00eete \u00e0 bijoux Stitch, avec compartiment amovible, miroir et fermeture en m\u00e9tal, contient une s\u00e9lection de perles et de charms pour r\u00e9aliser des bracelets et colliers Stitch ! Une fois vos bijoux confectionn\u00e9s, vous pourrez les conserver \u00e0 l&#8217;int\u00e9rieur.<\/p>\n","protected":false},"excerpt":{"rendered":"<p>Cr\u00e9ez des colliers et des bracelets \u00e0 conserver dans la fantastique bo\u00eete \u00e0 bijoux Stitch\u00a0!<\/p>\n","protected":false},"featured_media":1984256,"template":"","meta":{"_acf_changed":false},"product_brand":[],"product_cat":[2857,2834],"product_tag":[3064,3073],"class_list":{"0":"post-745086","1":"product","2":"type-product","3":"status-publish","4":"has-post-thumbnail","6":"product_cat-beads-and-jewelry-fr","7":"product_cat-jeux-creatifs-fr","8":"product_tag-7-8-ans-fr","9":"product_tag-disney-giocattolo-fr","11":"first","12":"instock","13":"shipping-taxable","14":"product-type-simple"},"acf":[],"yoast_head":"<!-- This site is optimized with the Yoast SEO plugin v26.5 - https:\/\/yoast.com\/wordpress\/plugins\/seo\/ -->\n<title>Stitch Bijoux D&#039;amiti\u00e9 - Lisciani Giochi<\/title>\n<meta name=\"robots\" content=\"index, follow, max-snippet:-1, max-image-preview:large, max-video-preview:-1\" \/>\n<link rel=\"canonical\" href=\"https:\/\/www.liscianigiochi.com\/fr\/shop\/jeux-creatifs-fr\/beads-and-jewelry-fr\/stitch-bijoux-damitie-fr\/\" \/>\n<meta property=\"og:locale\" content=\"fr_FR\" \/>\n<meta property=\"og:type\" content=\"article\" \/>\n<meta property=\"og:title\" content=\"Stitch Bijoux D&#039;amiti\u00e9 - Lisciani Giochi\" \/>\n<meta property=\"og:description\" content=\"Cr\u00e9ez des colliers et des bracelets \u00e0 conserver dans la fantastique bo\u00eete \u00e0 bijoux Stitch\u00a0!\" \/>\n<meta property=\"og:url\" content=\"https:\/\/www.liscianigiochi.com\/fr\/shop\/jeux-creatifs-fr\/beads-and-jewelry-fr\/stitch-bijoux-damitie-fr\/\" \/>\n<meta property=\"og:site_name\" content=\"Lisciani Giochi\" \/>\n<meta property=\"article:publisher\" content=\"https:\/\/www.facebook.com\/liscianigroup\" \/>\n<meta property=\"article:modified_time\" content=\"2026-04-10T04:22:12+00:00\" \/>\n<meta property=\"og:image\" content=\"https:\/\/mf.liscianigiochi.it:8443\/media\/107568\/8AA3E045-4DDB-473C-BBD4-B6881491437A.jpg\" \/>\n<meta name=\"twitter:card\" content=\"summary_large_image\" \/>\n<meta name=\"twitter:image\" content=\"https:\/\/mf.liscianigiochi.it:8443\/media\/107568\/8AA3E045-4DDB-473C-BBD4-B6881491437A.jpg\" \/>\n<script type=\"application\/ld+json\" class=\"yoast-schema-graph\">{\"@context\":\"https:\/\/schema.org\",\"@graph\":[{\"@type\":\"WebPage\",\"@id\":\"https:\/\/www.liscianigiochi.com\/fr\/shop\/jeux-creatifs-fr\/beads-and-jewelry-fr\/stitch-bijoux-damitie-fr\/\",\"url\":\"https:\/\/www.liscianigiochi.com\/fr\/shop\/jeux-creatifs-fr\/beads-and-jewelry-fr\/stitch-bijoux-damitie-fr\/\",\"name\":\"Stitch Bijoux D'amiti\u00e9 - Lisciani Giochi\",\"isPartOf\":{\"@id\":\"https:\/\/www.liscianigiochi.com\/#website\"},\"primaryImageOfPage\":{\"@id\":\"https:\/\/www.liscianigiochi.com\/fr\/shop\/jeux-creatifs-fr\/beads-and-jewelry-fr\/stitch-bijoux-damitie-fr\/#primaryimage\"},\"image\":{\"@id\":\"https:\/\/www.liscianigiochi.com\/fr\/shop\/jeux-creatifs-fr\/beads-and-jewelry-fr\/stitch-bijoux-damitie-fr\/#primaryimage\"},\"thumbnailUrl\":\"https:\/\/mf.liscianigiochi.it:8443\/media\/107568\/8AA3E045-4DDB-473C-BBD4-B6881491437A.jpg\",\"datePublished\":\"2024-08-02T03:22:47+00:00\",\"dateModified\":\"2026-04-10T04:22:12+00:00\",\"breadcrumb\":{\"@id\":\"https:\/\/www.liscianigiochi.com\/fr\/shop\/jeux-creatifs-fr\/beads-and-jewelry-fr\/stitch-bijoux-damitie-fr\/#breadcrumb\"},\"inLanguage\":\"fr-FR\",\"potentialAction\":[{\"@type\":\"ReadAction\",\"target\":[\"https:\/\/www.liscianigiochi.com\/fr\/shop\/jeux-creatifs-fr\/beads-and-jewelry-fr\/stitch-bijoux-damitie-fr\/\"]}]},{\"@type\":\"ImageObject\",\"inLanguage\":\"fr-FR\",\"@id\":\"https:\/\/www.liscianigiochi.com\/fr\/shop\/jeux-creatifs-fr\/beads-and-jewelry-fr\/stitch-bijoux-damitie-fr\/#primaryimage\",\"url\":\"https:\/\/mf.liscianigiochi.it:8443\/media\/107568\/8AA3E045-4DDB-473C-BBD4-B6881491437A.jpg\",\"contentUrl\":\"https:\/\/mf.liscianigiochi.it:8443\/media\/107568\/8AA3E045-4DDB-473C-BBD4-B6881491437A.jpg\"},{\"@type\":\"BreadcrumbList\",\"@id\":\"https:\/\/www.liscianigiochi.com\/fr\/shop\/jeux-creatifs-fr\/beads-and-jewelry-fr\/stitch-bijoux-damitie-fr\/#breadcrumb\",\"itemListElement\":[{\"@type\":\"ListItem\",\"position\":1,\"name\":\"Home\",\"item\":\"https:\/\/www.liscianigiochi.com\/\"},{\"@type\":\"ListItem\",\"position\":2,\"name\":\"Boutique\",\"item\":\"https:\/\/lg.udnt.it\/fr\/boutique\/\"},{\"@type\":\"ListItem\",\"position\":3,\"name\":\"Stitch Bijoux D&#8217;amiti\u00e9\"}]},{\"@type\":\"WebSite\",\"@id\":\"https:\/\/www.liscianigiochi.com\/#website\",\"url\":\"https:\/\/www.liscianigiochi.com\/\",\"name\":\"Lisciani Giochi\",\"description\":\"\",\"publisher\":{\"@id\":\"https:\/\/www.liscianigiochi.com\/#organization\"},\"potentialAction\":[{\"@type\":\"SearchAction\",\"target\":{\"@type\":\"EntryPoint\",\"urlTemplate\":\"https:\/\/www.liscianigiochi.com\/?s={search_term_string}\"},\"query-input\":{\"@type\":\"PropertyValueSpecification\",\"valueRequired\":true,\"valueName\":\"search_term_string\"}}],\"inLanguage\":\"fr-FR\"},{\"@type\":\"Organization\",\"@id\":\"https:\/\/www.liscianigiochi.com\/#organization\",\"name\":\"Lisciani Giochi\",\"url\":\"https:\/\/www.liscianigiochi.com\/\",\"logo\":{\"@type\":\"ImageObject\",\"inLanguage\":\"fr-FR\",\"@id\":\"https:\/\/www.liscianigiochi.com\/#\/schema\/logo\/image\/\",\"url\":\"https:\/\/www.liscianigiochi.com\/wp-content\/uploads\/2023\/10\/Logo@2x.png\",\"contentUrl\":\"https:\/\/www.liscianigiochi.com\/wp-content\/uploads\/2023\/10\/Logo@2x.png\",\"width\":384,\"height\":384,\"caption\":\"Lisciani Giochi\"},\"image\":{\"@id\":\"https:\/\/www.liscianigiochi.com\/#\/schema\/logo\/image\/\"},\"sameAs\":[\"https:\/\/www.facebook.com\/liscianigroup\",\"https:\/\/www.instagram.com\/liscianigiochi\/\"]}]}<\/script>\n<!-- \/ Yoast SEO plugin. -->","yoast_head_json":{"title":"Stitch Bijoux D'amiti\u00e9 - Lisciani Giochi","robots":{"index":"index","follow":"follow","max-snippet":"max-snippet:-1","max-image-preview":"max-image-preview:large","max-video-preview":"max-video-preview:-1"},"canonical":"https:\/\/www.liscianigiochi.com\/fr\/shop\/jeux-creatifs-fr\/beads-and-jewelry-fr\/stitch-bijoux-damitie-fr\/","og_locale":"fr_FR","og_type":"article","og_title":"Stitch Bijoux D'amiti\u00e9 - Lisciani Giochi","og_description":"Cr\u00e9ez des colliers et des bracelets \u00e0 conserver dans la fantastique bo\u00eete \u00e0 bijoux Stitch\u00a0!","og_url":"https:\/\/www.liscianigiochi.com\/fr\/shop\/jeux-creatifs-fr\/beads-and-jewelry-fr\/stitch-bijoux-damitie-fr\/","og_site_name":"Lisciani Giochi","article_publisher":"https:\/\/www.facebook.com\/liscianigroup","article_modified_time":"2026-04-10T04:22:12+00:00","og_image":[{"url":"https:\/\/mf.liscianigiochi.it:8443\/media\/107568\/8AA3E045-4DDB-473C-BBD4-B6881491437A.jpg","type":"","width":"","height":""}],"twitter_card":"summary_large_image","twitter_image":"https:\/\/mf.liscianigiochi.it:8443\/media\/107568\/8AA3E045-4DDB-473C-BBD4-B6881491437A.jpg","schema":{"@context":"https:\/\/schema.org","@graph":[{"@type":"WebPage","@id":"https:\/\/www.liscianigiochi.com\/fr\/shop\/jeux-creatifs-fr\/beads-and-jewelry-fr\/stitch-bijoux-damitie-fr\/","url":"https:\/\/www.liscianigiochi.com\/fr\/shop\/jeux-creatifs-fr\/beads-and-jewelry-fr\/stitch-bijoux-damitie-fr\/","name":"Stitch Bijoux D'amiti\u00e9 - Lisciani Giochi","isPartOf":{"@id":"https:\/\/www.liscianigiochi.com\/#website"},"primaryImageOfPage":{"@id":"https:\/\/www.liscianigiochi.com\/fr\/shop\/jeux-creatifs-fr\/beads-and-jewelry-fr\/stitch-bijoux-damitie-fr\/#primaryimage"},"image":{"@id":"https:\/\/www.liscianigiochi.com\/fr\/shop\/jeux-creatifs-fr\/beads-and-jewelry-fr\/stitch-bijoux-damitie-fr\/#primaryimage"},"thumbnailUrl":"https:\/\/mf.liscianigiochi.it:8443\/media\/107568\/8AA3E045-4DDB-473C-BBD4-B6881491437A.jpg","datePublished":"2024-08-02T03:22:47+00:00","dateModified":"2026-04-10T04:22:12+00:00","breadcrumb":{"@id":"https:\/\/www.liscianigiochi.com\/fr\/shop\/jeux-creatifs-fr\/beads-and-jewelry-fr\/stitch-bijoux-damitie-fr\/#breadcrumb"},"inLanguage":"fr-FR","potentialAction":[{"@type":"ReadAction","target":["https:\/\/www.liscianigiochi.com\/fr\/shop\/jeux-creatifs-fr\/beads-and-jewelry-fr\/stitch-bijoux-damitie-fr\/"]}]},{"@type":"ImageObject","inLanguage":"fr-FR","@id":"https:\/\/www.liscianigiochi.com\/fr\/shop\/jeux-creatifs-fr\/beads-and-jewelry-fr\/stitch-bijoux-damitie-fr\/#primaryimage","url":"https:\/\/mf.liscianigiochi.it:8443\/media\/107568\/8AA3E045-4DDB-473C-BBD4-B6881491437A.jpg","contentUrl":"https:\/\/mf.liscianigiochi.it:8443\/media\/107568\/8AA3E045-4DDB-473C-BBD4-B6881491437A.jpg"},{"@type":"BreadcrumbList","@id":"https:\/\/www.liscianigiochi.com\/fr\/shop\/jeux-creatifs-fr\/beads-and-jewelry-fr\/stitch-bijoux-damitie-fr\/#breadcrumb","itemListElement":[{"@type":"ListItem","position":1,"name":"Home","item":"https:\/\/www.liscianigiochi.com\/"},{"@type":"ListItem","position":2,"name":"Boutique","item":"https:\/\/lg.udnt.it\/fr\/boutique\/"},{"@type":"ListItem","position":3,"name":"Stitch Bijoux D&#8217;amiti\u00e9"}]},{"@type":"WebSite","@id":"https:\/\/www.liscianigiochi.com\/#website","url":"https:\/\/www.liscianigiochi.com\/","name":"Lisciani Giochi","description":"","publisher":{"@id":"https:\/\/www.liscianigiochi.com\/#organization"},"potentialAction":[{"@type":"SearchAction","target":{"@type":"EntryPoint","urlTemplate":"https:\/\/www.liscianigiochi.com\/?s={search_term_string}"},"query-input":{"@type":"PropertyValueSpecification","valueRequired":true,"valueName":"search_term_string"}}],"inLanguage":"fr-FR"},{"@type":"Organization","@id":"https:\/\/www.liscianigiochi.com\/#organization","name":"Lisciani Giochi","url":"https:\/\/www.liscianigiochi.com\/","logo":{"@type":"ImageObject","inLanguage":"fr-FR","@id":"https:\/\/www.liscianigiochi.com\/#\/schema\/logo\/image\/","url":"https:\/\/www.liscianigiochi.com\/wp-content\/uploads\/2023\/10\/Logo@2x.png","contentUrl":"https:\/\/www.liscianigiochi.com\/wp-content\/uploads\/2023\/10\/Logo@2x.png","width":384,"height":384,"caption":"Lisciani Giochi"},"image":{"@id":"https:\/\/www.liscianigiochi.com\/#\/schema\/logo\/image\/"},"sameAs":["https:\/\/www.facebook.com\/liscianigroup","https:\/\/www.instagram.com\/liscianigiochi\/"]}]}},"fifu_image_url":"https:\/\/mf.liscianigiochi.it:8443\/media\/107568\/8AA3E045-4DDB-473C-BBD4-B6881491437A.jpg","_links":{"self":[{"href":"https:\/\/www.liscianigiochi.com\/fr\/wp-json\/wp\/v2\/product\/745086","targetHints":{"allow":["GET"]}}],"collection":[{"href":"https:\/\/www.liscianigiochi.com\/fr\/wp-json\/wp\/v2\/product"}],"about":[{"href":"https:\/\/www.liscianigiochi.com\/fr\/wp-json\/wp\/v2\/types\/product"}],"wp:featuredmedia":[{"embeddable":true,"href":"https:\/\/www.liscianigiochi.com\/fr\/wp-json\/wp\/v2\/media\/1984256"}],"wp:attachment":[{"href":"https:\/\/www.liscianigiochi.com\/fr\/wp-json\/wp\/v2\/media?parent=745086"}],"wp:term":[{"taxonomy":"product_brand","embeddable":true,"href":"https:\/\/www.liscianigiochi.com\/fr\/wp-json\/wp\/v2\/product_brand?post=745086"},{"taxonomy":"product_cat","embeddable":true,"href":"https:\/\/www.liscianigiochi.com\/fr\/wp-json\/wp\/v2\/product_cat?post=745086"},{"taxonomy":"product_tag","embeddable":true,"href":"https:\/\/www.liscianigiochi.com\/fr\/wp-json\/wp\/v2\/product_tag?post=745086"}],"curies":[{"name":"wp","href":"https:\/\/api.w.org\/{rel}","templated":true}]}}