{"id":745151,"date":"2024-08-02T05:23:21","date_gmt":"2024-08-02T03:23:21","guid":{"rendered":"https:\/\/www.liscianigiochi.com\/shop\/uncategorized\/gabbys-dollhouse-mon-journal-secret-fr\/"},"modified":"2026-05-01T06:22:28","modified_gmt":"2026-05-01T04:22:28","slug":"gabbys-dollhouse-mon-journal-secret-fr","status":"publish","type":"product","link":"https:\/\/www.liscianigiochi.com\/fr\/shop\/jeux-creatifs-fr\/art-craft-coloring-fr\/gabbys-dollhouse-mon-journal-secret-fr\/","title":{"rendered":"Gabby&#8217;s Dollhouse Mon Journal Secret"},"content":{"rendered":"<p>Avec le Journal Secret de Gabby, tu pourras accueillir toutes tes confidences et tes travaux ! \u00c0 l&#8217;int\u00e9rieur, tu trouveras des feutres parfum\u00e9s pour laisser des douces fragrances sur les pages et des feutres magiques pour changer la couleur de tes cr\u00e9ations quand tu veux. Rends-le encore plus sp\u00e9cial avec les fantastiques autocollants et les gemmes adh\u00e9sives. Gr\u00e2ce au pr\u00e9cieux cadenas que tu trouveras dans l&#8217;emballage, tu pourras ainsi garder tous tes secrets en s\u00e9curit\u00e9.<\/p>\n","protected":false},"excerpt":{"rendered":"<p>Gardez vos secrets avec le journal de Gabby!<\/p>\n","protected":false},"featured_media":1841550,"template":"","meta":{"_acf_changed":false},"product_brand":[],"product_cat":[2856,2834],"product_tag":[3061,3228,3233],"class_list":{"0":"post-745151","1":"product","2":"type-product","3":"status-publish","4":"has-post-thumbnail","6":"product_cat-art-craft-coloring-fr","7":"product_cat-jeux-creatifs-fr","8":"product_tag-5-6-ans-fr","9":"product_tag-gabbys-dollhouse-fr","10":"product_tag-gabbys-dollhouse-fr-2","12":"first","13":"instock","14":"shipping-taxable","15":"product-type-simple"},"acf":[],"yoast_head":"<!-- This site is optimized with the Yoast SEO plugin v26.5 - https:\/\/yoast.com\/wordpress\/plugins\/seo\/ -->\n<title>Gabby&#039;s Dollhouse Mon Journal Secret - Lisciani Giochi<\/title>\n<meta name=\"robots\" content=\"index, follow, max-snippet:-1, max-image-preview:large, max-video-preview:-1\" \/>\n<link rel=\"canonical\" href=\"https:\/\/www.liscianigiochi.com\/fr\/shop\/jeux-creatifs-fr\/art-craft-coloring-fr\/gabbys-dollhouse-mon-journal-secret-fr\/\" \/>\n<meta property=\"og:locale\" content=\"fr_FR\" \/>\n<meta property=\"og:type\" content=\"article\" \/>\n<meta property=\"og:title\" content=\"Gabby&#039;s Dollhouse Mon Journal Secret - Lisciani Giochi\" \/>\n<meta property=\"og:description\" content=\"Gardez vos secrets avec le journal de Gabby!\" \/>\n<meta property=\"og:url\" content=\"https:\/\/www.liscianigiochi.com\/fr\/shop\/jeux-creatifs-fr\/art-craft-coloring-fr\/gabbys-dollhouse-mon-journal-secret-fr\/\" \/>\n<meta property=\"og:site_name\" content=\"Lisciani Giochi\" \/>\n<meta property=\"article:publisher\" content=\"https:\/\/www.facebook.com\/liscianigroup\" \/>\n<meta property=\"article:modified_time\" content=\"2026-05-01T04:22:28+00:00\" \/>\n<meta property=\"og:image\" content=\"https:\/\/mf.liscianigiochi.it:8443\/media\/106271\/36028F73-F3A2-45E4-B8EE-59CC5C7A2F32.jpg\" \/>\n<meta name=\"twitter:card\" content=\"summary_large_image\" \/>\n<meta name=\"twitter:image\" content=\"https:\/\/mf.liscianigiochi.it:8443\/media\/106271\/36028F73-F3A2-45E4-B8EE-59CC5C7A2F32.jpg\" \/>\n<script type=\"application\/ld+json\" class=\"yoast-schema-graph\">{\"@context\":\"https:\/\/schema.org\",\"@graph\":[{\"@type\":\"WebPage\",\"@id\":\"https:\/\/www.liscianigiochi.com\/fr\/shop\/jeux-creatifs-fr\/art-craft-coloring-fr\/gabbys-dollhouse-mon-journal-secret-fr\/\",\"url\":\"https:\/\/www.liscianigiochi.com\/fr\/shop\/jeux-creatifs-fr\/art-craft-coloring-fr\/gabbys-dollhouse-mon-journal-secret-fr\/\",\"name\":\"Gabby's Dollhouse Mon Journal Secret - Lisciani Giochi\",\"isPartOf\":{\"@id\":\"https:\/\/www.liscianigiochi.com\/#website\"},\"primaryImageOfPage\":{\"@id\":\"https:\/\/www.liscianigiochi.com\/fr\/shop\/jeux-creatifs-fr\/art-craft-coloring-fr\/gabbys-dollhouse-mon-journal-secret-fr\/#primaryimage\"},\"image\":{\"@id\":\"https:\/\/www.liscianigiochi.com\/fr\/shop\/jeux-creatifs-fr\/art-craft-coloring-fr\/gabbys-dollhouse-mon-journal-secret-fr\/#primaryimage\"},\"thumbnailUrl\":\"https:\/\/mf.liscianigiochi.it:8443\/media\/106271\/36028F73-F3A2-45E4-B8EE-59CC5C7A2F32.jpg\",\"datePublished\":\"2024-08-02T03:23:21+00:00\",\"dateModified\":\"2026-05-01T04:22:28+00:00\",\"breadcrumb\":{\"@id\":\"https:\/\/www.liscianigiochi.com\/fr\/shop\/jeux-creatifs-fr\/art-craft-coloring-fr\/gabbys-dollhouse-mon-journal-secret-fr\/#breadcrumb\"},\"inLanguage\":\"fr-FR\",\"potentialAction\":[{\"@type\":\"ReadAction\",\"target\":[\"https:\/\/www.liscianigiochi.com\/fr\/shop\/jeux-creatifs-fr\/art-craft-coloring-fr\/gabbys-dollhouse-mon-journal-secret-fr\/\"]}]},{\"@type\":\"ImageObject\",\"inLanguage\":\"fr-FR\",\"@id\":\"https:\/\/www.liscianigiochi.com\/fr\/shop\/jeux-creatifs-fr\/art-craft-coloring-fr\/gabbys-dollhouse-mon-journal-secret-fr\/#primaryimage\",\"url\":\"https:\/\/mf.liscianigiochi.it:8443\/media\/106271\/36028F73-F3A2-45E4-B8EE-59CC5C7A2F32.jpg\",\"contentUrl\":\"https:\/\/mf.liscianigiochi.it:8443\/media\/106271\/36028F73-F3A2-45E4-B8EE-59CC5C7A2F32.jpg\"},{\"@type\":\"BreadcrumbList\",\"@id\":\"https:\/\/www.liscianigiochi.com\/fr\/shop\/jeux-creatifs-fr\/art-craft-coloring-fr\/gabbys-dollhouse-mon-journal-secret-fr\/#breadcrumb\",\"itemListElement\":[{\"@type\":\"ListItem\",\"position\":1,\"name\":\"Home\",\"item\":\"https:\/\/www.liscianigiochi.com\/\"},{\"@type\":\"ListItem\",\"position\":2,\"name\":\"Boutique\",\"item\":\"https:\/\/lg.udnt.it\/fr\/boutique\/\"},{\"@type\":\"ListItem\",\"position\":3,\"name\":\"Gabby&#8217;s Dollhouse Mon Journal Secret\"}]},{\"@type\":\"WebSite\",\"@id\":\"https:\/\/www.liscianigiochi.com\/#website\",\"url\":\"https:\/\/www.liscianigiochi.com\/\",\"name\":\"Lisciani Giochi\",\"description\":\"\",\"publisher\":{\"@id\":\"https:\/\/www.liscianigiochi.com\/#organization\"},\"potentialAction\":[{\"@type\":\"SearchAction\",\"target\":{\"@type\":\"EntryPoint\",\"urlTemplate\":\"https:\/\/www.liscianigiochi.com\/?s={search_term_string}\"},\"query-input\":{\"@type\":\"PropertyValueSpecification\",\"valueRequired\":true,\"valueName\":\"search_term_string\"}}],\"inLanguage\":\"fr-FR\"},{\"@type\":\"Organization\",\"@id\":\"https:\/\/www.liscianigiochi.com\/#organization\",\"name\":\"Lisciani Giochi\",\"url\":\"https:\/\/www.liscianigiochi.com\/\",\"logo\":{\"@type\":\"ImageObject\",\"inLanguage\":\"fr-FR\",\"@id\":\"https:\/\/www.liscianigiochi.com\/#\/schema\/logo\/image\/\",\"url\":\"https:\/\/www.liscianigiochi.com\/wp-content\/uploads\/2023\/10\/Logo@2x.png\",\"contentUrl\":\"https:\/\/www.liscianigiochi.com\/wp-content\/uploads\/2023\/10\/Logo@2x.png\",\"width\":384,\"height\":384,\"caption\":\"Lisciani Giochi\"},\"image\":{\"@id\":\"https:\/\/www.liscianigiochi.com\/#\/schema\/logo\/image\/\"},\"sameAs\":[\"https:\/\/www.facebook.com\/liscianigroup\",\"https:\/\/www.instagram.com\/liscianigiochi\/\"]}]}<\/script>\n<!-- \/ Yoast SEO plugin. -->","yoast_head_json":{"title":"Gabby's Dollhouse Mon Journal Secret - Lisciani Giochi","robots":{"index":"index","follow":"follow","max-snippet":"max-snippet:-1","max-image-preview":"max-image-preview:large","max-video-preview":"max-video-preview:-1"},"canonical":"https:\/\/www.liscianigiochi.com\/fr\/shop\/jeux-creatifs-fr\/art-craft-coloring-fr\/gabbys-dollhouse-mon-journal-secret-fr\/","og_locale":"fr_FR","og_type":"article","og_title":"Gabby's Dollhouse Mon Journal Secret - Lisciani Giochi","og_description":"Gardez vos secrets avec le journal de Gabby!","og_url":"https:\/\/www.liscianigiochi.com\/fr\/shop\/jeux-creatifs-fr\/art-craft-coloring-fr\/gabbys-dollhouse-mon-journal-secret-fr\/","og_site_name":"Lisciani Giochi","article_publisher":"https:\/\/www.facebook.com\/liscianigroup","article_modified_time":"2026-05-01T04:22:28+00:00","og_image":[{"url":"https:\/\/mf.liscianigiochi.it:8443\/media\/106271\/36028F73-F3A2-45E4-B8EE-59CC5C7A2F32.jpg","type":"","width":"","height":""}],"twitter_card":"summary_large_image","twitter_image":"https:\/\/mf.liscianigiochi.it:8443\/media\/106271\/36028F73-F3A2-45E4-B8EE-59CC5C7A2F32.jpg","schema":{"@context":"https:\/\/schema.org","@graph":[{"@type":"WebPage","@id":"https:\/\/www.liscianigiochi.com\/fr\/shop\/jeux-creatifs-fr\/art-craft-coloring-fr\/gabbys-dollhouse-mon-journal-secret-fr\/","url":"https:\/\/www.liscianigiochi.com\/fr\/shop\/jeux-creatifs-fr\/art-craft-coloring-fr\/gabbys-dollhouse-mon-journal-secret-fr\/","name":"Gabby's Dollhouse Mon Journal Secret - Lisciani Giochi","isPartOf":{"@id":"https:\/\/www.liscianigiochi.com\/#website"},"primaryImageOfPage":{"@id":"https:\/\/www.liscianigiochi.com\/fr\/shop\/jeux-creatifs-fr\/art-craft-coloring-fr\/gabbys-dollhouse-mon-journal-secret-fr\/#primaryimage"},"image":{"@id":"https:\/\/www.liscianigiochi.com\/fr\/shop\/jeux-creatifs-fr\/art-craft-coloring-fr\/gabbys-dollhouse-mon-journal-secret-fr\/#primaryimage"},"thumbnailUrl":"https:\/\/mf.liscianigiochi.it:8443\/media\/106271\/36028F73-F3A2-45E4-B8EE-59CC5C7A2F32.jpg","datePublished":"2024-08-02T03:23:21+00:00","dateModified":"2026-05-01T04:22:28+00:00","breadcrumb":{"@id":"https:\/\/www.liscianigiochi.com\/fr\/shop\/jeux-creatifs-fr\/art-craft-coloring-fr\/gabbys-dollhouse-mon-journal-secret-fr\/#breadcrumb"},"inLanguage":"fr-FR","potentialAction":[{"@type":"ReadAction","target":["https:\/\/www.liscianigiochi.com\/fr\/shop\/jeux-creatifs-fr\/art-craft-coloring-fr\/gabbys-dollhouse-mon-journal-secret-fr\/"]}]},{"@type":"ImageObject","inLanguage":"fr-FR","@id":"https:\/\/www.liscianigiochi.com\/fr\/shop\/jeux-creatifs-fr\/art-craft-coloring-fr\/gabbys-dollhouse-mon-journal-secret-fr\/#primaryimage","url":"https:\/\/mf.liscianigiochi.it:8443\/media\/106271\/36028F73-F3A2-45E4-B8EE-59CC5C7A2F32.jpg","contentUrl":"https:\/\/mf.liscianigiochi.it:8443\/media\/106271\/36028F73-F3A2-45E4-B8EE-59CC5C7A2F32.jpg"},{"@type":"BreadcrumbList","@id":"https:\/\/www.liscianigiochi.com\/fr\/shop\/jeux-creatifs-fr\/art-craft-coloring-fr\/gabbys-dollhouse-mon-journal-secret-fr\/#breadcrumb","itemListElement":[{"@type":"ListItem","position":1,"name":"Home","item":"https:\/\/www.liscianigiochi.com\/"},{"@type":"ListItem","position":2,"name":"Boutique","item":"https:\/\/lg.udnt.it\/fr\/boutique\/"},{"@type":"ListItem","position":3,"name":"Gabby&#8217;s Dollhouse Mon Journal Secret"}]},{"@type":"WebSite","@id":"https:\/\/www.liscianigiochi.com\/#website","url":"https:\/\/www.liscianigiochi.com\/","name":"Lisciani Giochi","description":"","publisher":{"@id":"https:\/\/www.liscianigiochi.com\/#organization"},"potentialAction":[{"@type":"SearchAction","target":{"@type":"EntryPoint","urlTemplate":"https:\/\/www.liscianigiochi.com\/?s={search_term_string}"},"query-input":{"@type":"PropertyValueSpecification","valueRequired":true,"valueName":"search_term_string"}}],"inLanguage":"fr-FR"},{"@type":"Organization","@id":"https:\/\/www.liscianigiochi.com\/#organization","name":"Lisciani Giochi","url":"https:\/\/www.liscianigiochi.com\/","logo":{"@type":"ImageObject","inLanguage":"fr-FR","@id":"https:\/\/www.liscianigiochi.com\/#\/schema\/logo\/image\/","url":"https:\/\/www.liscianigiochi.com\/wp-content\/uploads\/2023\/10\/Logo@2x.png","contentUrl":"https:\/\/www.liscianigiochi.com\/wp-content\/uploads\/2023\/10\/Logo@2x.png","width":384,"height":384,"caption":"Lisciani Giochi"},"image":{"@id":"https:\/\/www.liscianigiochi.com\/#\/schema\/logo\/image\/"},"sameAs":["https:\/\/www.facebook.com\/liscianigroup","https:\/\/www.instagram.com\/liscianigiochi\/"]}]}},"fifu_image_url":"https:\/\/mf.liscianigiochi.it:8443\/media\/106271\/36028F73-F3A2-45E4-B8EE-59CC5C7A2F32.jpg","_links":{"self":[{"href":"https:\/\/www.liscianigiochi.com\/fr\/wp-json\/wp\/v2\/product\/745151","targetHints":{"allow":["GET"]}}],"collection":[{"href":"https:\/\/www.liscianigiochi.com\/fr\/wp-json\/wp\/v2\/product"}],"about":[{"href":"https:\/\/www.liscianigiochi.com\/fr\/wp-json\/wp\/v2\/types\/product"}],"wp:featuredmedia":[{"embeddable":true,"href":"https:\/\/www.liscianigiochi.com\/fr\/wp-json\/wp\/v2\/media\/1841550"}],"wp:attachment":[{"href":"https:\/\/www.liscianigiochi.com\/fr\/wp-json\/wp\/v2\/media?parent=745151"}],"wp:term":[{"taxonomy":"product_brand","embeddable":true,"href":"https:\/\/www.liscianigiochi.com\/fr\/wp-json\/wp\/v2\/product_brand?post=745151"},{"taxonomy":"product_cat","embeddable":true,"href":"https:\/\/www.liscianigiochi.com\/fr\/wp-json\/wp\/v2\/product_cat?post=745151"},{"taxonomy":"product_tag","embeddable":true,"href":"https:\/\/www.liscianigiochi.com\/fr\/wp-json\/wp\/v2\/product_tag?post=745151"}],"curies":[{"name":"wp","href":"https:\/\/api.w.org\/{rel}","templated":true}]}}