{"id":757215,"date":"2024-08-07T12:59:31","date_gmt":"2024-08-07T10:59:31","guid":{"rendered":"https:\/\/www.liscianigiochi.com\/shop\/uncategorized\/gabbys-dollhouse-carnet-de-croquis-purr-ific-livre-coloriage-et-dessin-en-affichage-8-fr\/"},"modified":"2026-04-10T06:22:35","modified_gmt":"2026-04-10T04:22:35","slug":"gabbys-dollhouse-sketchbook-purr-ific-book-coloring-and-drawing-fr","status":"publish","type":"product","link":"https:\/\/www.liscianigiochi.com\/fr\/shop\/livres-prescolaires-sous-licence-fr\/gabbys-dollhouse-sketchbook-purr-ific-book-coloring-and-drawing-fr\/","title":{"rendered":"Gabby&#8217;s Dollhouse Sketchbook Purr-Ific Book Coloring And Drawing"},"content":{"rendered":"<p>Amuse-toi \u00e0 colorier et \u00e0 dessiner tes personnages pr\u00e9f\u00e9r\u00e9s avec le fantastique carnet de croquis de Gabby. Parmi les nombreuses activit\u00e9s, tu trouveras de jolis autocollants \u00e0 coller entre les pages pour le d\u00e9corer \u00e0 ta guise !<\/p>\n","protected":false},"excerpt":{"rendered":"<p>Un beau livre \u00e0 d\u00e9corer pour laisser libre cours \u00e0 sa cr\u00e9ativit\u00e9 !<\/p>\n","protected":false},"featured_media":1711396,"template":"","meta":{"_acf_changed":false},"product_brand":[],"product_cat":[3348],"product_tag":[3059,3228,3233],"class_list":{"0":"post-757215","1":"product","2":"type-product","3":"status-publish","4":"has-post-thumbnail","6":"product_cat-livres-prescolaires-sous-licence-fr","7":"product_tag-3-4-ans-fr","8":"product_tag-gabbys-dollhouse-fr","9":"product_tag-gabbys-dollhouse-fr-2","11":"first","12":"instock","13":"shipping-taxable","14":"product-type-simple"},"acf":[],"yoast_head":"<!-- This site is optimized with the Yoast SEO plugin v26.5 - https:\/\/yoast.com\/wordpress\/plugins\/seo\/ -->\n<title>Gabby&#039;s Dollhouse Sketchbook Purr-Ific Book Coloring And Drawing - Lisciani Giochi<\/title>\n<meta name=\"robots\" content=\"index, follow, max-snippet:-1, max-image-preview:large, max-video-preview:-1\" \/>\n<link rel=\"canonical\" href=\"https:\/\/www.liscianigiochi.com\/fr\/shop\/livres-prescolaires-sous-licence-fr\/gabbys-dollhouse-sketchbook-purr-ific-book-coloring-and-drawing-fr\/\" \/>\n<meta property=\"og:locale\" content=\"fr_FR\" \/>\n<meta property=\"og:type\" content=\"article\" \/>\n<meta property=\"og:title\" content=\"Gabby&#039;s Dollhouse Sketchbook Purr-Ific Book Coloring And Drawing - Lisciani Giochi\" \/>\n<meta property=\"og:description\" content=\"Un beau livre \u00e0 d\u00e9corer pour laisser libre cours \u00e0 sa cr\u00e9ativit\u00e9 !\" \/>\n<meta property=\"og:url\" content=\"https:\/\/www.liscianigiochi.com\/fr\/shop\/livres-prescolaires-sous-licence-fr\/gabbys-dollhouse-sketchbook-purr-ific-book-coloring-and-drawing-fr\/\" \/>\n<meta property=\"og:site_name\" content=\"Lisciani Giochi\" \/>\n<meta property=\"article:publisher\" content=\"https:\/\/www.facebook.com\/liscianigroup\" \/>\n<meta property=\"article:modified_time\" content=\"2026-04-10T04:22:35+00:00\" \/>\n<meta property=\"og:image\" content=\"https:\/\/mf.liscianigiochi.it:8443\/media\/13041\/EFCAB948-297E-4D47-B44A-29EF6ED540DD.jpg\" \/>\n<meta name=\"twitter:card\" content=\"summary_large_image\" \/>\n<meta name=\"twitter:image\" content=\"https:\/\/mf.liscianigiochi.it:8443\/media\/13041\/EFCAB948-297E-4D47-B44A-29EF6ED540DD.jpg\" \/>\n<script type=\"application\/ld+json\" class=\"yoast-schema-graph\">{\"@context\":\"https:\/\/schema.org\",\"@graph\":[{\"@type\":\"WebPage\",\"@id\":\"https:\/\/www.liscianigiochi.com\/fr\/shop\/livres-prescolaires-sous-licence-fr\/gabbys-dollhouse-sketchbook-purr-ific-book-coloring-and-drawing-fr\/\",\"url\":\"https:\/\/www.liscianigiochi.com\/fr\/shop\/livres-prescolaires-sous-licence-fr\/gabbys-dollhouse-sketchbook-purr-ific-book-coloring-and-drawing-fr\/\",\"name\":\"Gabby's Dollhouse Sketchbook Purr-Ific Book Coloring And Drawing - Lisciani Giochi\",\"isPartOf\":{\"@id\":\"https:\/\/www.liscianigiochi.com\/#website\"},\"primaryImageOfPage\":{\"@id\":\"https:\/\/www.liscianigiochi.com\/fr\/shop\/livres-prescolaires-sous-licence-fr\/gabbys-dollhouse-sketchbook-purr-ific-book-coloring-and-drawing-fr\/#primaryimage\"},\"image\":{\"@id\":\"https:\/\/www.liscianigiochi.com\/fr\/shop\/livres-prescolaires-sous-licence-fr\/gabbys-dollhouse-sketchbook-purr-ific-book-coloring-and-drawing-fr\/#primaryimage\"},\"thumbnailUrl\":\"https:\/\/mf.liscianigiochi.it:8443\/media\/13041\/EFCAB948-297E-4D47-B44A-29EF6ED540DD.jpg\",\"datePublished\":\"2024-08-07T10:59:31+00:00\",\"dateModified\":\"2026-04-10T04:22:35+00:00\",\"breadcrumb\":{\"@id\":\"https:\/\/www.liscianigiochi.com\/fr\/shop\/livres-prescolaires-sous-licence-fr\/gabbys-dollhouse-sketchbook-purr-ific-book-coloring-and-drawing-fr\/#breadcrumb\"},\"inLanguage\":\"fr-FR\",\"potentialAction\":[{\"@type\":\"ReadAction\",\"target\":[\"https:\/\/www.liscianigiochi.com\/fr\/shop\/livres-prescolaires-sous-licence-fr\/gabbys-dollhouse-sketchbook-purr-ific-book-coloring-and-drawing-fr\/\"]}]},{\"@type\":\"ImageObject\",\"inLanguage\":\"fr-FR\",\"@id\":\"https:\/\/www.liscianigiochi.com\/fr\/shop\/livres-prescolaires-sous-licence-fr\/gabbys-dollhouse-sketchbook-purr-ific-book-coloring-and-drawing-fr\/#primaryimage\",\"url\":\"https:\/\/mf.liscianigiochi.it:8443\/media\/13041\/EFCAB948-297E-4D47-B44A-29EF6ED540DD.jpg\",\"contentUrl\":\"https:\/\/mf.liscianigiochi.it:8443\/media\/13041\/EFCAB948-297E-4D47-B44A-29EF6ED540DD.jpg\"},{\"@type\":\"BreadcrumbList\",\"@id\":\"https:\/\/www.liscianigiochi.com\/fr\/shop\/livres-prescolaires-sous-licence-fr\/gabbys-dollhouse-sketchbook-purr-ific-book-coloring-and-drawing-fr\/#breadcrumb\",\"itemListElement\":[{\"@type\":\"ListItem\",\"position\":1,\"name\":\"Home\",\"item\":\"https:\/\/www.liscianigiochi.com\/\"},{\"@type\":\"ListItem\",\"position\":2,\"name\":\"Boutique\",\"item\":\"https:\/\/lg.udnt.it\/fr\/boutique\/\"},{\"@type\":\"ListItem\",\"position\":3,\"name\":\"Gabby&#8217;s Dollhouse Sketchbook Purr-Ific Book Coloring And Drawing\"}]},{\"@type\":\"WebSite\",\"@id\":\"https:\/\/www.liscianigiochi.com\/#website\",\"url\":\"https:\/\/www.liscianigiochi.com\/\",\"name\":\"Lisciani Giochi\",\"description\":\"\",\"publisher\":{\"@id\":\"https:\/\/www.liscianigiochi.com\/#organization\"},\"potentialAction\":[{\"@type\":\"SearchAction\",\"target\":{\"@type\":\"EntryPoint\",\"urlTemplate\":\"https:\/\/www.liscianigiochi.com\/?s={search_term_string}\"},\"query-input\":{\"@type\":\"PropertyValueSpecification\",\"valueRequired\":true,\"valueName\":\"search_term_string\"}}],\"inLanguage\":\"fr-FR\"},{\"@type\":\"Organization\",\"@id\":\"https:\/\/www.liscianigiochi.com\/#organization\",\"name\":\"Lisciani Giochi\",\"url\":\"https:\/\/www.liscianigiochi.com\/\",\"logo\":{\"@type\":\"ImageObject\",\"inLanguage\":\"fr-FR\",\"@id\":\"https:\/\/www.liscianigiochi.com\/#\/schema\/logo\/image\/\",\"url\":\"https:\/\/www.liscianigiochi.com\/wp-content\/uploads\/2023\/10\/Logo@2x.png\",\"contentUrl\":\"https:\/\/www.liscianigiochi.com\/wp-content\/uploads\/2023\/10\/Logo@2x.png\",\"width\":384,\"height\":384,\"caption\":\"Lisciani Giochi\"},\"image\":{\"@id\":\"https:\/\/www.liscianigiochi.com\/#\/schema\/logo\/image\/\"},\"sameAs\":[\"https:\/\/www.facebook.com\/liscianigroup\",\"https:\/\/www.instagram.com\/liscianigiochi\/\"]}]}<\/script>\n<!-- \/ Yoast SEO plugin. -->","yoast_head_json":{"title":"Gabby's Dollhouse Sketchbook Purr-Ific Book Coloring And Drawing - Lisciani Giochi","robots":{"index":"index","follow":"follow","max-snippet":"max-snippet:-1","max-image-preview":"max-image-preview:large","max-video-preview":"max-video-preview:-1"},"canonical":"https:\/\/www.liscianigiochi.com\/fr\/shop\/livres-prescolaires-sous-licence-fr\/gabbys-dollhouse-sketchbook-purr-ific-book-coloring-and-drawing-fr\/","og_locale":"fr_FR","og_type":"article","og_title":"Gabby's Dollhouse Sketchbook Purr-Ific Book Coloring And Drawing - Lisciani Giochi","og_description":"Un beau livre \u00e0 d\u00e9corer pour laisser libre cours \u00e0 sa cr\u00e9ativit\u00e9 !","og_url":"https:\/\/www.liscianigiochi.com\/fr\/shop\/livres-prescolaires-sous-licence-fr\/gabbys-dollhouse-sketchbook-purr-ific-book-coloring-and-drawing-fr\/","og_site_name":"Lisciani Giochi","article_publisher":"https:\/\/www.facebook.com\/liscianigroup","article_modified_time":"2026-04-10T04:22:35+00:00","og_image":[{"url":"https:\/\/mf.liscianigiochi.it:8443\/media\/13041\/EFCAB948-297E-4D47-B44A-29EF6ED540DD.jpg","type":"","width":"","height":""}],"twitter_card":"summary_large_image","twitter_image":"https:\/\/mf.liscianigiochi.it:8443\/media\/13041\/EFCAB948-297E-4D47-B44A-29EF6ED540DD.jpg","schema":{"@context":"https:\/\/schema.org","@graph":[{"@type":"WebPage","@id":"https:\/\/www.liscianigiochi.com\/fr\/shop\/livres-prescolaires-sous-licence-fr\/gabbys-dollhouse-sketchbook-purr-ific-book-coloring-and-drawing-fr\/","url":"https:\/\/www.liscianigiochi.com\/fr\/shop\/livres-prescolaires-sous-licence-fr\/gabbys-dollhouse-sketchbook-purr-ific-book-coloring-and-drawing-fr\/","name":"Gabby's Dollhouse Sketchbook Purr-Ific Book Coloring And Drawing - Lisciani Giochi","isPartOf":{"@id":"https:\/\/www.liscianigiochi.com\/#website"},"primaryImageOfPage":{"@id":"https:\/\/www.liscianigiochi.com\/fr\/shop\/livres-prescolaires-sous-licence-fr\/gabbys-dollhouse-sketchbook-purr-ific-book-coloring-and-drawing-fr\/#primaryimage"},"image":{"@id":"https:\/\/www.liscianigiochi.com\/fr\/shop\/livres-prescolaires-sous-licence-fr\/gabbys-dollhouse-sketchbook-purr-ific-book-coloring-and-drawing-fr\/#primaryimage"},"thumbnailUrl":"https:\/\/mf.liscianigiochi.it:8443\/media\/13041\/EFCAB948-297E-4D47-B44A-29EF6ED540DD.jpg","datePublished":"2024-08-07T10:59:31+00:00","dateModified":"2026-04-10T04:22:35+00:00","breadcrumb":{"@id":"https:\/\/www.liscianigiochi.com\/fr\/shop\/livres-prescolaires-sous-licence-fr\/gabbys-dollhouse-sketchbook-purr-ific-book-coloring-and-drawing-fr\/#breadcrumb"},"inLanguage":"fr-FR","potentialAction":[{"@type":"ReadAction","target":["https:\/\/www.liscianigiochi.com\/fr\/shop\/livres-prescolaires-sous-licence-fr\/gabbys-dollhouse-sketchbook-purr-ific-book-coloring-and-drawing-fr\/"]}]},{"@type":"ImageObject","inLanguage":"fr-FR","@id":"https:\/\/www.liscianigiochi.com\/fr\/shop\/livres-prescolaires-sous-licence-fr\/gabbys-dollhouse-sketchbook-purr-ific-book-coloring-and-drawing-fr\/#primaryimage","url":"https:\/\/mf.liscianigiochi.it:8443\/media\/13041\/EFCAB948-297E-4D47-B44A-29EF6ED540DD.jpg","contentUrl":"https:\/\/mf.liscianigiochi.it:8443\/media\/13041\/EFCAB948-297E-4D47-B44A-29EF6ED540DD.jpg"},{"@type":"BreadcrumbList","@id":"https:\/\/www.liscianigiochi.com\/fr\/shop\/livres-prescolaires-sous-licence-fr\/gabbys-dollhouse-sketchbook-purr-ific-book-coloring-and-drawing-fr\/#breadcrumb","itemListElement":[{"@type":"ListItem","position":1,"name":"Home","item":"https:\/\/www.liscianigiochi.com\/"},{"@type":"ListItem","position":2,"name":"Boutique","item":"https:\/\/lg.udnt.it\/fr\/boutique\/"},{"@type":"ListItem","position":3,"name":"Gabby&#8217;s Dollhouse Sketchbook Purr-Ific Book Coloring And Drawing"}]},{"@type":"WebSite","@id":"https:\/\/www.liscianigiochi.com\/#website","url":"https:\/\/www.liscianigiochi.com\/","name":"Lisciani Giochi","description":"","publisher":{"@id":"https:\/\/www.liscianigiochi.com\/#organization"},"potentialAction":[{"@type":"SearchAction","target":{"@type":"EntryPoint","urlTemplate":"https:\/\/www.liscianigiochi.com\/?s={search_term_string}"},"query-input":{"@type":"PropertyValueSpecification","valueRequired":true,"valueName":"search_term_string"}}],"inLanguage":"fr-FR"},{"@type":"Organization","@id":"https:\/\/www.liscianigiochi.com\/#organization","name":"Lisciani Giochi","url":"https:\/\/www.liscianigiochi.com\/","logo":{"@type":"ImageObject","inLanguage":"fr-FR","@id":"https:\/\/www.liscianigiochi.com\/#\/schema\/logo\/image\/","url":"https:\/\/www.liscianigiochi.com\/wp-content\/uploads\/2023\/10\/Logo@2x.png","contentUrl":"https:\/\/www.liscianigiochi.com\/wp-content\/uploads\/2023\/10\/Logo@2x.png","width":384,"height":384,"caption":"Lisciani Giochi"},"image":{"@id":"https:\/\/www.liscianigiochi.com\/#\/schema\/logo\/image\/"},"sameAs":["https:\/\/www.facebook.com\/liscianigroup","https:\/\/www.instagram.com\/liscianigiochi\/"]}]}},"fifu_image_url":"https:\/\/mf.liscianigiochi.it:8443\/media\/13041\/EFCAB948-297E-4D47-B44A-29EF6ED540DD.jpg","_links":{"self":[{"href":"https:\/\/www.liscianigiochi.com\/fr\/wp-json\/wp\/v2\/product\/757215","targetHints":{"allow":["GET"]}}],"collection":[{"href":"https:\/\/www.liscianigiochi.com\/fr\/wp-json\/wp\/v2\/product"}],"about":[{"href":"https:\/\/www.liscianigiochi.com\/fr\/wp-json\/wp\/v2\/types\/product"}],"wp:featuredmedia":[{"embeddable":true,"href":"https:\/\/www.liscianigiochi.com\/fr\/wp-json\/wp\/v2\/media\/1711396"}],"wp:attachment":[{"href":"https:\/\/www.liscianigiochi.com\/fr\/wp-json\/wp\/v2\/media?parent=757215"}],"wp:term":[{"taxonomy":"product_brand","embeddable":true,"href":"https:\/\/www.liscianigiochi.com\/fr\/wp-json\/wp\/v2\/product_brand?post=757215"},{"taxonomy":"product_cat","embeddable":true,"href":"https:\/\/www.liscianigiochi.com\/fr\/wp-json\/wp\/v2\/product_cat?post=757215"},{"taxonomy":"product_tag","embeddable":true,"href":"https:\/\/www.liscianigiochi.com\/fr\/wp-json\/wp\/v2\/product_tag?post=757215"}],"curies":[{"name":"wp","href":"https:\/\/api.w.org\/{rel}","templated":true}]}}